{"id":14589,"date":"2021-02-22T16:34:26","date_gmt":"2021-02-22T15:34:26","guid":{"rendered":"https:\/\/jeton.pl\/datenschutzrichtlinie\/"},"modified":"2025-03-24T00:27:33","modified_gmt":"2025-03-23T23:27:33","slug":"datenschutzrichtlinie","status":"publish","type":"page","link":"https:\/\/jeton.pl\/de\/datenschutzrichtlinie\/","title":{"rendered":"Datenschutzrichtlinie"},"content":{"rendered":"<div class=\"wpb-content-wrapper\"><p>[vc_row kd_background_image_position=&#8221;vc_row-bg-position-top&#8221;][vc_column css=&#8221;.vc_custom_1616404313937{padding-top: 50px !important;}&#8221;][vc_column_text]<\/p>\n<h1 class=\"privacy-policy-h1\"><span>Datenschutzrichtlinie Zuletzt aktualisiert: 28. November 2023  <\/span><\/h1>\n<h1 class=\"privacy-policy-h1\"><span>G\u00fcltig ab 28. November 2023<\/span><\/h1>\n<p class=\"privacy-policy-p\">Diese Datenschutzrichtlinie beschreibt die Grunds\u00e4tze von Jeton Cloud Sp. z o.o. z o. O. Sp. k., ul. Str. Dommaniewska 43 lok 2.42, Polska 02-672, Polen, E-Mail: iod@jeton.pl, Telefon: +48226701116, Verwendung und Offenlegung von Informationen, die wir \u00fcber Sie sammeln, wenn Sie unsere Website (https:\/\/www.jeton.pl) nutzen. (&#8220;Service&#8221;). Indem Sie auf den Dienst zugreifen oder ihn verwenden, stimmen Sie der Erfassung, Verwendung und Offenlegung von Benutzerinformationen gem\u00e4\u00df dieser Datenschutzrichtlinie zu. Wenn Sie damit nicht einverstanden sind, greifen Sie bitte nicht auf den Dienst zu und nutzen Sie ihn nicht.<\/p>\n<p class=\"privacy-policy-p\">Wir behalten uns das Recht vor, diese Datenschutzrichtlinie jederzeit ohne vorherige Ank\u00fcndigung zu \u00e4ndern und werden die ge\u00e4nderte Datenschutzrichtlinie im Dienst ver\u00f6ffentlichen. Die ge\u00e4nderte Richtlinie tritt 180 Tage nach ihrer Ver\u00f6ffentlichung im Dienst in Kraft. Nach diesem Zeitpunkt gilt Ihr fortgesetzter Zugriff auf den Dienst bzw. Ihre fortgesetzte Nutzung des Dienstes als Zustimmung zu der ge\u00e4nderten Datenschutzrichtlinie. Wir empfehlen Ihnen daher, diese Seite regelm\u00e4\u00dfig zu besuchen.  <\/p>\n<ol class=\"privacy-policy-ol\">\n<li>\n<h2 class=\"privacy-policy-h2\">SO ERHEBEN WIR BENUTZERINFORMATIONEN:<\/h2>\n<p class=\"privacy-policy-p\">Wir erfassen\/erhalten Benutzerinformationen auf folgende Weise:<\/p>\n<ol class=\"privacy-policy-ol\">\n<li>Wenn ein Benutzer ein Registrierungsformular ausf\u00fcllt oder anderweitig pers\u00f6nliche Informationen angibt<\/li>\n<li>Interagiert mit der Website<\/li>\n<li>Aus \u00f6ffentlichen Quellen<\/li>\n<\/ol>\n<\/li>\n<li>\n<h2 class=\"privacy-policy-h2\">WIE WIR IHRE INFORMATIONEN VERWENDEN:<\/h2>\n<p class=\"privacy-policy-p\">Wir verwenden die \u00fcber Sie gesammelten Informationen f\u00fcr die folgenden Zwecke:<\/p>\n<ol class=\"privacy-policy-ol\">\n<li>Unterst\u00fctzung<\/li>\n<li>Administrative Informationen<\/li>\n<li>Streitigkeiten und Benutzerprobleme<\/li>\n<\/ol>\n<p class=\"privacy-policy-p\">Wenn wir Ihre Daten f\u00fcr andere Zwecke verwenden m\u00f6chten, holen wir hierf\u00fcr Ihr Einverst\u00e4ndnis ein und verwenden Ihre Daten nur mit Ihrem Einverst\u00e4ndnis und dann nur f\u00fcr die Zwecke, denen Sie zugestimmt haben, es sei denn, wir sind gesetzlich dazu verpflichtet.<\/p>\n<\/li>\n<li>\n<h2 class=\"privacy-policy-h2\">SO TEILEN WIR BENUTZERINFORMATIONEN:<\/h2>\n<p class=\"privacy-policy-p\">Wir geben Ihre personenbezogenen Daten nicht ohne Ihre Einwilligung an Dritte weiter, au\u00dfer in den nachstehend beschriebenen begrenzten F\u00e4llen:<\/p>\n<ol class=\"privacy-policy-ol\">\n<li>Werbedienst von Google und Facebook<\/li>\n<li>Analyse<\/li>\n<\/ol>\n<p class=\"privacy-policy-p\">Wir verlangen von diesen Drittparteien, dass sie die personenbezogenen Daten, die wir ihnen bereitstellen, nur f\u00fcr den Zweck verwenden, f\u00fcr den sie bereitgestellt wurden, und sie nicht l\u00e4nger aufbewahren, als dies zur Erf\u00fcllung dieses Zwecks erforderlich ist.<\/p>\n<p class=\"privacy-policy-p\">Wir k\u00f6nnen Ihre personenbezogenen Daten auch in den folgenden F\u00e4llen offenlegen: 1) um geltende Gesetze, Vorschriften, Gerichtsbeschl\u00fcsse oder andere Verfahren einzuhalten; (2) um Ihre Vereinbarungen mit uns, einschlie\u00dflich dieser Datenschutzrichtlinie, durchzusetzen; oder (3) um auf Behauptungen zu reagieren, dass Ihre Nutzung des Dienstes die Rechte Dritter verletzt. Wenn der Dienst oder unser Unternehmen mit einem anderen Unternehmen fusioniert oder von diesem \u00fcbernommen wird, werden Ihre Informationen an den neuen Eigent\u00fcmer \u00fcbertragen.  <\/p>\n<\/li>\n<li>\n<h2 class=\"privacy-policy-h2\">IHRE RECHTE:<\/h2>\n<p class=\"privacy-policy-p\">Je nach geltendem Recht haben Sie m\u00f6glicherweise das Recht, auf Ihre personenbezogenen Daten zuzugreifen, sie zu berichtigen oder zu l\u00f6schen oder eine Kopie Ihrer personenbezogenen Daten zu erhalten, die aktive Verarbeitung Ihrer Daten einzuschr\u00e4nken oder ihr zu widersprechen, uns aufzufordern, Ihre personenbezogenen Daten an eine andere Stelle weiterzugeben (zu \u00fcbertragen), Ihre Einwilligung zur Verarbeitung Ihrer Daten zu widerrufen, das Recht, bei entsprechender gesetzlicher Erm\u00e4chtigung Beschwerde einzulegen, sowie je nach geltendem Recht weitere Rechte. Um diese Rechte auszu\u00fcben, k\u00f6nnen Sie uns unter iod@jeton.pl schreiben. Wir werden auf Ihre Anfrage gem\u00e4\u00df geltendem Recht antworten.  <\/p>\n<p class=\"privacy-policy-p\">Bitte beachten Sie: Wenn Sie uns nicht gestatten, die erforderlichen personenbezogenen Daten zu erheben oder zu verarbeiten, oder wenn Sie Ihre Zustimmung zur Verarbeitung f\u00fcr dieselben erforderlichen Zwecke widerrufen, k\u00f6nnen Sie m\u00f6glicherweise nicht auf die Dienste zugreifen oder diese nutzen, f\u00fcr die Ihre Informationen angefordert wurden.<\/p>\n<\/li>\n<li>\n<h2 class=\"privacy-policy-h2\">COOKIES USW.<\/h2>\n<p class=\"privacy-policy-p\"><span>Weitere Informationen zu unserer Verwendung und Ihren Auswahlm\u00f6glichkeiten in Bezug auf diese Technologien finden Sie in unserer <a href=\"https:\/\/www.jeton.pl\/\">Cookie-Richtlinie.<\/a><\/span><\/p>\n<\/li>\n<li>\n<h2 class=\"privacy-policy-h2\">SICHERHEIT:<\/h2>\n<p class=\"privacy-policy-p\">Die Sicherheit Ihrer Daten ist uns wichtig und wir werden angemessene Sicherheitsma\u00dfnahmen ergreifen, um den Verlust, Missbrauch oder die unbefugte \u00c4nderung von Benutzerdaten in Ihrem Besitz zu verhindern. Angesichts der damit verbundenen Risiken kann jedoch keine absolute Sicherheit gew\u00e4hrleistet werden. Daher k\u00f6nnen wir die Sicherheit der von Ihnen an uns \u00fcbermittelten Informationen weder gew\u00e4hrleisten noch garantieren. Sie tun dies auf Ihr eigenes Risiko. <\/p>\n<\/li>\n<li>\n<h2 class=\"privacy-policy-h2\">LINKS ZU WEBSITES DRITTER UND VERWENDUNG VON BENUTZERINFORMATIONEN:<\/h2>\n<p class=\"privacy-policy-p\">Unsere Website kann Links zu anderen Websites enthalten, die nicht von uns betrieben werden. Diese Datenschutzrichtlinie bezieht sich nicht auf die Datenschutzrichtlinien oder andere Praktiken von Drittanbietern, einschlie\u00dflich Drittanbietern, die Websites oder Dienste betreiben, auf die Sie \u00fcber einen Link im Dienst zugreifen k\u00f6nnen. Wir empfehlen Ihnen dringend, die Datenschutzrichtlinien jeder von Ihnen besuchten Website zu lesen. Wir haben keine Kontrolle \u00fcber die Inhalte, Datenschutzrichtlinien oder Praktiken von Websites oder Diensten Dritter und \u00fcbernehmen daf\u00fcr keine Verantwortung.   <\/p>\n<\/li>\n<li>\n<h2 class=\"privacy-policy-h2\">BESCHWERDE-\/DATENSCHUTZBEAUFTRAGTER:<\/h2>\n<p class=\"privacy-policy-p\"><span>Wenn Sie Fragen oder Bedenken bez\u00fcglich unserer Verarbeitung Ihrer Daten haben, k\u00f6nnen Sie eine E-Mail an unseren Beschwerdebeauftragten bei Jeton Cloud Sp. z o.o. senden. z o. o. Sp. k., ul. Str. Dommaniewska 43 lok 2.42, E-Mail: iod@jeton.pl. Wir werden Ihr Anliegen im Einklang mit dem geltenden Recht bearbeiten.<\/span><\/p>\n<\/li>\n<\/ol>\n<h2>Von Jeton.pl verwendete Cookies<\/h2>\n<table>\n<tbody>\n<tr>\n<td class=\"caption\">St\u00e4ndig<\/td>\n<td>Dateien, die verwendet werden, um das Erscheinungsbild oder die Funktionsweise der Website basierend auf zuvor getroffenen Auswahlen oder Aktionen zu \u00e4ndern. Sie verbleiben auf dem Ger\u00e4t des Benutzers, bis sie ablaufen oder vom Dienst oder Benutzer gel\u00f6scht werden. Das Fehlen dieser Dateien beeintr\u00e4chtigt den Betrieb der Website nicht wesentlich.  <\/td>\n<\/tr>\n<tr>\n<td class=\"caption\">Sitzung<\/td>\n<td>Dateien, die eine Zeichenfolge enthalten, die einen auf der Website gespeicherten Datensatz identifiziert (sog. Sitzung). Die Sitzung wird vom Benutzerauthentifizierungssystem, dem Bildcode-Verifizierungssystem (CAPTCHA) und vielen anderen Mechanismen verwendet, die den Betrieb der Website verbessern. Sie verbleiben auf dem Ger\u00e4t des Benutzers, bis dieser sich von der Website abmeldet oder den Browser schlie\u00dft. Das Fehlen dieser Dateien verhindert, dass die Website ordnungsgem\u00e4\u00df funktioniert.   <\/td>\n<\/tr>\n<\/tbody>\n<\/table>\n<p>In der Dom\u00e4ne .Jeton.pl gespeicherte Cookies enthalten keine personenbezogenen Daten.<\/p>\n<h2>Cookies von Drittanbietern<\/h2>\n<table>\n<tbody>\n<tr>\n<td class=\"caption\">Analytisch<\/td>\n<td>Google Analytics \u2013 ein kostenloses Webtool von Google, das die anonyme Erfassung von Informationen erm\u00f6glicht, um die Nutzung der Website, Benutzerpr\u00e4ferenzen und Trends besser zu verstehen. <a href=\"https:\/\/tools.google.com\/dlpage\/gaoptout?hl=pl\" target=\"_blank\" rel=\"noopener noreferrer\">Opt-out<\/a> . <\/td>\n<\/tr>\n<tr>\n<td class=\"caption\">Werbung<\/td>\n<td>Von Unternehmen gespeicherte Dateien, die im Auftrag von Werbetreibenden Werbekampagnen durchf\u00fchren. Sie erm\u00f6glichen die Begrenzung der Anzeigeh\u00e4ufigkeit einer Anzeige innerhalb einer Kampagne, die Bereitstellung von Anzeigen, die den Interessen des Benutzers entsprechen, und die Messung der Wirksamkeit von Werbekampagnen.<\/td>\n<\/tr>\n<tr>\n<td class=\"caption\"><strong>Sozial<\/strong><\/td>\n<td>Dateien, die beim Teilen von Inhalten auf Websites sozialer Netzwerke (Facebook, Twitter, Google+), beim Anmelden bei der Site \u00fcber eine Website eines sozialen Netzwerks (Facebook) oder beim Ansehen von Videos (YouTube) gespeichert werden.<\/td>\n<\/tr>\n<\/tbody>\n<\/table>\n<p>&nbsp;<\/p>\n<h2>Cookie-Verwaltung<\/h2>\n<p>Jeder Browser bietet in unterschiedlichem Umfang (z. B. auf Mobilger\u00e4ten) die M\u00f6glichkeit, Cookies einzusehen, zu l\u00f6schen, einzuschr\u00e4nken und die Annahme von Cookies zu kontrollieren. Bitte beachten Sie die Hilfe- oder Datenschutz-\/Sicherheitseinstellungen des von Ihnen verwendeten Browsers. Das L\u00f6schen vorhandener Cookies kann dazu f\u00fchren, dass Sie bestimmte Aktionen auf der Website erneut durchf\u00fchren m\u00fcssen und das Blockieren der Annahme bestimmter Cookies kann dazu f\u00fchren, dass Sie bestimmte Funktionen der Website nicht mehr nutzen k\u00f6nnen.  <\/p>\n<h2>Anleitungen f\u00fcr die g\u00e4ngigsten Webbrowser zum \u00c4ndern der Cookie-Speichereinstellungen:<\/h2>\n<p><strong>Google Chrome<\/strong> Die Standardeinstellungen des Browsers Google Chrome erlauben die Speicherung von Cookies. So \u00e4ndern Sie die Einstellungen: <\/p>\n<ul>\n<li>Klicken Sie auf das Men\u00fc \u201eGoogle Chrome-Einstellungen\u201c und w\u00e4hlen Sie \u201eEinstellungen\u201c.<\/li>\n<li>Klicken Sie unten auf der Seite auf \u201eErweiterte Einstellungen anzeigen\u201c.<\/li>\n<li>W\u00e4hlen Sie in den \u201eDatenschutz\u201c-Optionen \u201eInhaltseinstellungen\u201c,<\/li>\n<li>w\u00e4hlen Sie die gew\u00fcnschten Einstellungen aus,<\/li>\n<li>Um spezielle Einstellungen f\u00fcr eine bestimmte Website einzugeben, klicken Sie auf \u201eAusnahmen verwalten\u201c und w\u00e4hlen Sie Ihre eigenen Einstellungen f\u00fcr Websites aus.<\/li>\n<li>Um die \u00c4nderungen zu best\u00e4tigen, klicken Sie auf die Schaltfl\u00e4che \u201eFertig\u201c.<\/li>\n<\/ul>\n<p><strong>Microsoft Internet Explorer:<\/strong> Die Standardeinstellungen von Microsoft Internet Explorer erlauben das Speichern von Cookies, blockieren jedoch Dateien, die von Websites stammen k\u00f6nnen, die keine Datenschutzrichtlinien anwenden. So \u00e4ndern Sie die Einstellungen: <\/p>\n<ul>\n<li>Klicken Sie auf das Men\u00fc \u201eExtras\u201c und w\u00e4hlen Sie \u201eInternetoptionen\u201c.<\/li>\n<li>W\u00e4hlen Sie die Registerkarte \u201eDatenschutz\u201c,<\/li>\n<li>Legen Sie mit dem Schieberegler die gew\u00fcnschte Einstellung fest (die h\u00f6chste Einstellung blockiert Cookies vollst\u00e4ndig, die niedrigste Einstellung erlaubt die Speicherung aller Cookies),<\/li>\n<\/ul>\n<p>oder<\/p>\n<ul>\n<li>Klicken Sie auf die Schaltfl\u00e4che \u201eErweitert\u201c und w\u00e4hlen Sie die gew\u00fcnschten Einstellungen selbst aus.<\/li>\n<li>Um spezielle Einstellungen f\u00fcr eine bestimmte Website einzugeben, klicken Sie auf \u201eWebsites\u201c und w\u00e4hlen Sie Ihre eigenen Einstellungen f\u00fcr Websites aus.<\/li>\n<li>Best\u00e4tigen Sie die \u00c4nderungen mit der Schaltfl\u00e4che \u201eOK\u201c.<\/li>\n<\/ul>\n<p><strong>Mozilla Firefox<\/strong> Die Standardeinstellungen des Browsers Mozilla Firefox erlauben die Speicherung von Cookies. So \u00e4ndern Sie die Einstellungen: <\/p>\n<ul>\n<li>Klicken Sie auf das Men\u00fc \u201eExtras\u201c (in anderen Versionen: Klicken Sie auf die Schaltfl\u00e4che \u201eFirefox\u201c) und w\u00e4hlen Sie \u201eOptionen\u201c,<\/li>\n<li>W\u00e4hlen Sie anschlie\u00dfend den Reiter \u201eDatenschutz\u201c und w\u00e4hlen Sie die gew\u00fcnschten Einstellungen aus,<\/li>\n<li>Um spezielle Einstellungen f\u00fcr eine bestimmte Website einzugeben, klicken Sie auf &#8220;Ausnahmen&#8221; und w\u00e4hlen Sie Ihre eigenen Einstellungen f\u00fcr Websites aus.<\/li>\n<li>Best\u00e4tigen Sie die \u00c4nderungen mit der Schaltfl\u00e4che \u201eOK\u201c.<\/li>\n<\/ul>\n<p><strong>Opera<\/strong> Die Standardeinstellungen des Opera-Browsers erlauben die Speicherung von Cookies. So \u00e4ndern Sie die Einstellungen: <\/p>\n<ul>\n<li>Klicken Sie auf \u201eEinstellungen\u201c, w\u00e4hlen Sie \u201eErweitert\u201c und dann \u201eCookies\u201c,<\/li>\n<li>w\u00e4hlen Sie die gew\u00fcnschten Einstellungen aus,<\/li>\n<li>Um spezielle Einstellungen f\u00fcr eine bestimmte Website vorzunehmen, gehen Sie zur ausgew\u00e4hlten Website, klicken Sie mit der rechten Maustaste darauf, w\u00e4hlen Sie \u201eWebsite-Einstellungen\u201c, gehen Sie zur Registerkarte \u201eCookies\u201c und nehmen Sie dann die gew\u00fcnschten Einstellungen vor.<\/li>\n<li>Best\u00e4tigen Sie die \u00c4nderungen mit der Schaltfl\u00e4che \u201eOK\u201c.<\/li>\n<\/ul>\n<p><strong>Safari<\/strong> Die Standardeinstellungen des Safari-Browsers erlauben das Speichern von Cookies. So \u00e4ndern Sie die Einstellungen: <\/p>\n<ul>\n<li>W\u00e4hlen Sie im Men\u00fc &#8220;Safari&#8221; die Option &#8220;Einstellungen&#8221;,<\/li>\n<li>Klicken Sie auf das Symbol \u201eDatenschutz\u201c,<\/li>\n<li>w\u00e4hlen Sie die gew\u00fcnschten Einstellungen aus,<\/li>\n<li>Um spezielle Einstellungen f\u00fcr eine bestimmte Website einzugeben, klicken Sie auf \u201eDetails\u201c und w\u00e4hlen Sie Ihre eigenen Einstellungen f\u00fcr Websites aus.<\/li>\n<\/ul>\n<p><strong>Cookies im Adobe Flash Player<\/strong> Die Software Adobe Flash Player wird verwendet, um dem Benutzer Zugriff auf Multimediadaten (MP3-Podcasts, Videos, andere Daten), Streaming-Dienste (\u201eLive\u201c-\u00dcbertragungen), Programme wie Internetspiele (die in einem Webbrowser gespielt werden k\u00f6nnen) zu erm\u00f6glichen und dem Benutzer Werbung anzuzeigen. Auch die Software Adobe Flash Player verwendet Cookies. Der Zugriff darauf ist dank des Mechanismus auf der <a href=\"http:\/\/www.macromedia.com\/support\/documentation\/pl\/flashplayer\/help\/settings_manager07.html\" target=\"_blank\" rel=\"noopener noreferrer\">Adobe<\/a> -Website m\u00f6glich. <strong>Cookies in Webbrowsern mobiler Ger\u00e4te.<\/strong> Die Beschreibung der Einstellungen finden Sie auf den Websites der Hersteller der g\u00e4ngigsten mobilen Systeme:  <\/p>\n<ul>\n<li><a href=\"http:\/\/support.apple.com\/kb\/HT1677?viewlocale=pl_PL\" target=\"_blank\" rel=\"noopener noreferrer\">iOS<\/a> -Ger\u00e4te<\/li>\n<li><a href=\"http:\/\/support.google.com\/chrome\/bin\/answer.py?hl=pl&amp;answer=95647\" target=\"_blank\" rel=\"noopener noreferrer\">Android<\/a> -Ger\u00e4te<\/li>\n<li><a href=\"http:\/\/www.windowsphone.com\/pl-pl\/how-to\/wp7\/web\/changing-privacy-and-other-browser-settings\" target=\"_blank\" rel=\"noopener noreferrer\">Windows Phone-<\/a> Ger\u00e4te<\/li>\n<li><a href=\"http:\/\/docs.blackberry.com\/en\/smartphone_users\/deliverables\/32004\/Turn_off_cookies_in_the_browser_60_1072866_11.jsp\" target=\"_blank\" rel=\"noopener noreferrer\">BlackBerry<\/a> -Ger\u00e4te<\/li>\n<\/ul>\n<p>F\u00fcr mobile Systeme stehen viele verschiedene Webbrowser zur Verf\u00fcgung. Detaillierte Informationen zu den Cookie-Einstellungen finden Sie im Einstellungsmen\u00fc Ihres verwendeten Browsers. [\/vc_column_text][\/vc_column][\/vc_row]<\/p>\n<\/div>","protected":false},"excerpt":{"rendered":"<p>[vc_row kd_background_image_position=&#8221;vc_row-bg-position-top&#8221;][vc_column css=&#8221;.vc_custom_1616404313937{padding-top: 50px !important;}&#8221;][vc_column_text] Datenschutzrichtlinie Zuletzt aktualisiert: 28. November 2023 G\u00fcltig ab 28. November 2023 Diese Datenschutzrichtlinie beschreibt die [&hellip;]<\/p>\n","protected":false},"author":1,"featured_media":0,"parent":0,"menu_order":0,"comment_status":"closed","ping_status":"closed","template":"","meta":{"_eb_attr":"","_monsterinsights_skip_tracking":false,"_monsterinsights_sitenote_active":false,"_monsterinsights_sitenote_note":"","_monsterinsights_sitenote_category":0,"footnotes":""},"class_list":["post-14589","page","type-page","status-publish","hentry"],"yoast_head":"<!-- This site is optimized with the Yoast SEO Premium plugin v26.8 (Yoast SEO v27.4) - https:\/\/yoast.com\/product\/yoast-seo-premium-wordpress\/ -->\n<title>Datenschutzrichtlinie - Jeton<\/title>\n<meta name=\"robots\" content=\"noindex, follow\" \/>\n<meta property=\"og:locale\" content=\"de_DE\" \/>\n<meta property=\"og:type\" content=\"article\" \/>\n<meta property=\"og:title\" content=\"Datenschutzrichtlinie\" \/>\n<meta property=\"og:description\" content=\"[vc_row kd_background_image_position=&#8221;vc_row-bg-position-top&#8221;][vc_column css=&#8221;.vc_custom_1616404313937{padding-top: 50px !important;}&#8221;][vc_column_text] Datenschutzrichtlinie Zuletzt aktualisiert: 28. November 2023 G\u00fcltig ab 28. November 2023 Diese Datenschutzrichtlinie beschreibt die [&hellip;]\" \/>\n<meta property=\"og:url\" content=\"https:\/\/jeton.pl\/de\/datenschutzrichtlinie\/\" \/>\n<meta property=\"og:site_name\" content=\"Jeton Outsourcing IT Warszawa\" \/>\n<meta property=\"article:publisher\" content=\"https:\/\/www.facebook.com\/JetonOutsourcingInformatyczny\" \/>\n<meta property=\"article:modified_time\" content=\"2025-03-23T23:27:33+00:00\" \/>\n<meta name=\"twitter:card\" content=\"summary_large_image\" \/>\n<meta name=\"twitter:label1\" content=\"Gesch\u00e4tzte Lesezeit\" \/>\n\t<meta name=\"twitter:data1\" content=\"9 Minuten\" \/>\n<script type=\"application\/ld+json\" class=\"yoast-schema-graph\">{\"@context\":\"https:\\\/\\\/schema.org\",\"@graph\":[{\"@type\":\"WebPage\",\"@id\":\"https:\\\/\\\/jeton.pl\\\/de\\\/datenschutzrichtlinie\\\/\",\"url\":\"https:\\\/\\\/jeton.pl\\\/de\\\/datenschutzrichtlinie\\\/\",\"name\":\"Datenschutzrichtlinie - Jeton\",\"isPartOf\":{\"@id\":\"https:\\\/\\\/jeton.pl\\\/de\\\/#website\"},\"datePublished\":\"2021-02-22T15:34:26+00:00\",\"dateModified\":\"2025-03-23T23:27:33+00:00\",\"breadcrumb\":{\"@id\":\"https:\\\/\\\/jeton.pl\\\/de\\\/datenschutzrichtlinie\\\/#breadcrumb\"},\"inLanguage\":\"de\",\"potentialAction\":[{\"@type\":\"ReadAction\",\"target\":[\"https:\\\/\\\/jeton.pl\\\/de\\\/datenschutzrichtlinie\\\/\"]}]},{\"@type\":\"BreadcrumbList\",\"@id\":\"https:\\\/\\\/jeton.pl\\\/de\\\/datenschutzrichtlinie\\\/#breadcrumb\",\"itemListElement\":[{\"@type\":\"ListItem\",\"position\":1,\"name\":\"Strona g\u0142\u00f3wna\",\"item\":\"https:\\\/\\\/jeton.pl\\\/de\\\/jeton\\\/\"},{\"@type\":\"ListItem\",\"position\":2,\"name\":\"Datenschutzrichtlinie\"}]},{\"@type\":\"WebSite\",\"@id\":\"https:\\\/\\\/jeton.pl\\\/de\\\/#website\",\"url\":\"https:\\\/\\\/jeton.pl\\\/de\\\/\",\"name\":\"Pe\u0142na obs\u0142uga IT dla firm, opieka IT Twojej firmy - Jeton Warszawa\",\"description\":\"Obs\u0142uga informatyczna Bezpiecze\u0144stwo IT Warszawa\",\"publisher\":{\"@id\":\"https:\\\/\\\/jeton.pl\\\/de\\\/#organization\"},\"potentialAction\":[{\"@type\":\"SearchAction\",\"target\":{\"@type\":\"EntryPoint\",\"urlTemplate\":\"https:\\\/\\\/jeton.pl\\\/de\\\/?s={search_term_string}\"},\"query-input\":{\"@type\":\"PropertyValueSpecification\",\"valueRequired\":true,\"valueName\":\"search_term_string\"}}],\"inLanguage\":\"de\"},{\"@type\":\"Organization\",\"@id\":\"https:\\\/\\\/jeton.pl\\\/de\\\/#organization\",\"name\":\"Jeton Cloud Sp. z o.o.\",\"url\":\"https:\\\/\\\/jeton.pl\\\/de\\\/\",\"logo\":{\"@type\":\"ImageObject\",\"inLanguage\":\"de\",\"@id\":\"https:\\\/\\\/jeton.pl\\\/de\\\/#\\\/schema\\\/logo\\\/image\\\/\",\"url\":\"https:\\\/\\\/jeton.pl\\\/wp-content\\\/uploads\\\/2024\\\/04\\\/logo07.png\",\"contentUrl\":\"https:\\\/\\\/jeton.pl\\\/wp-content\\\/uploads\\\/2024\\\/04\\\/logo07.png\",\"width\":2960,\"height\":1036,\"caption\":\"Jeton Cloud Sp. z o.o.\"},\"image\":{\"@id\":\"https:\\\/\\\/jeton.pl\\\/de\\\/#\\\/schema\\\/logo\\\/image\\\/\"},\"sameAs\":[\"https:\\\/\\\/www.facebook.com\\\/JetonOutsourcingInformatyczny\"]}]}<\/script>\n<!-- \/ Yoast SEO Premium plugin. -->","yoast_head_json":{"title":"Datenschutzrichtlinie - Jeton","robots":{"index":"noindex","follow":"follow"},"og_locale":"de_DE","og_type":"article","og_title":"Datenschutzrichtlinie","og_description":"[vc_row kd_background_image_position=&#8221;vc_row-bg-position-top&#8221;][vc_column css=&#8221;.vc_custom_1616404313937{padding-top: 50px !important;}&#8221;][vc_column_text] Datenschutzrichtlinie Zuletzt aktualisiert: 28. November 2023 G\u00fcltig ab 28. November 2023 Diese Datenschutzrichtlinie beschreibt die [&hellip;]","og_url":"https:\/\/jeton.pl\/de\/datenschutzrichtlinie\/","og_site_name":"Jeton Outsourcing IT Warszawa","article_publisher":"https:\/\/www.facebook.com\/JetonOutsourcingInformatyczny","article_modified_time":"2025-03-23T23:27:33+00:00","twitter_card":"summary_large_image","twitter_misc":{"Gesch\u00e4tzte Lesezeit":"9 Minuten"},"schema":{"@context":"https:\/\/schema.org","@graph":[{"@type":"WebPage","@id":"https:\/\/jeton.pl\/de\/datenschutzrichtlinie\/","url":"https:\/\/jeton.pl\/de\/datenschutzrichtlinie\/","name":"Datenschutzrichtlinie - Jeton","isPartOf":{"@id":"https:\/\/jeton.pl\/de\/#website"},"datePublished":"2021-02-22T15:34:26+00:00","dateModified":"2025-03-23T23:27:33+00:00","breadcrumb":{"@id":"https:\/\/jeton.pl\/de\/datenschutzrichtlinie\/#breadcrumb"},"inLanguage":"de","potentialAction":[{"@type":"ReadAction","target":["https:\/\/jeton.pl\/de\/datenschutzrichtlinie\/"]}]},{"@type":"BreadcrumbList","@id":"https:\/\/jeton.pl\/de\/datenschutzrichtlinie\/#breadcrumb","itemListElement":[{"@type":"ListItem","position":1,"name":"Strona g\u0142\u00f3wna","item":"https:\/\/jeton.pl\/de\/jeton\/"},{"@type":"ListItem","position":2,"name":"Datenschutzrichtlinie"}]},{"@type":"WebSite","@id":"https:\/\/jeton.pl\/de\/#website","url":"https:\/\/jeton.pl\/de\/","name":"Pe\u0142na obs\u0142uga IT dla firm, opieka IT Twojej firmy - Jeton Warszawa","description":"Obs\u0142uga informatyczna Bezpiecze\u0144stwo IT Warszawa","publisher":{"@id":"https:\/\/jeton.pl\/de\/#organization"},"potentialAction":[{"@type":"SearchAction","target":{"@type":"EntryPoint","urlTemplate":"https:\/\/jeton.pl\/de\/?s={search_term_string}"},"query-input":{"@type":"PropertyValueSpecification","valueRequired":true,"valueName":"search_term_string"}}],"inLanguage":"de"},{"@type":"Organization","@id":"https:\/\/jeton.pl\/de\/#organization","name":"Jeton Cloud Sp. z o.o.","url":"https:\/\/jeton.pl\/de\/","logo":{"@type":"ImageObject","inLanguage":"de","@id":"https:\/\/jeton.pl\/de\/#\/schema\/logo\/image\/","url":"https:\/\/jeton.pl\/wp-content\/uploads\/2024\/04\/logo07.png","contentUrl":"https:\/\/jeton.pl\/wp-content\/uploads\/2024\/04\/logo07.png","width":2960,"height":1036,"caption":"Jeton Cloud Sp. z o.o."},"image":{"@id":"https:\/\/jeton.pl\/de\/#\/schema\/logo\/image\/"},"sameAs":["https:\/\/www.facebook.com\/JetonOutsourcingInformatyczny"]}]}},"_links":{"self":[{"href":"https:\/\/jeton.pl\/de\/wp-json\/wp\/v2\/pages\/14589","targetHints":{"allow":["GET"]}}],"collection":[{"href":"https:\/\/jeton.pl\/de\/wp-json\/wp\/v2\/pages"}],"about":[{"href":"https:\/\/jeton.pl\/de\/wp-json\/wp\/v2\/types\/page"}],"author":[{"embeddable":true,"href":"https:\/\/jeton.pl\/de\/wp-json\/wp\/v2\/users\/1"}],"replies":[{"embeddable":true,"href":"https:\/\/jeton.pl\/de\/wp-json\/wp\/v2\/comments?post=14589"}],"version-history":[{"count":0,"href":"https:\/\/jeton.pl\/de\/wp-json\/wp\/v2\/pages\/14589\/revisions"}],"wp:attachment":[{"href":"https:\/\/jeton.pl\/de\/wp-json\/wp\/v2\/media?parent=14589"}],"curies":[{"name":"wp","href":"https:\/\/api.w.org\/{rel}","templated":true}]}}