{"id":15237,"date":"2024-11-28T10:29:46","date_gmt":"2024-11-28T09:29:46","guid":{"rendered":"https:\/\/jeton.pl\/verordnungen\/"},"modified":"2025-03-27T10:50:53","modified_gmt":"2025-03-27T09:50:53","slug":"verordnungen","status":"publish","type":"page","link":"https:\/\/jeton.pl\/de\/verordnungen\/","title":{"rendered":"Verordnungen"},"content":{"rendered":"<div class=\"wpb-content-wrapper\"><p>[vc_row kd_background_image_position=&#8221;vc_row-bg-position-top&#8221;][vc_column css=&#8221;.vc_custom_1616404313937{padding-top: 50px !important;}&#8221;][vc_column_text]<\/p>\n<h1 class=\"regulamin-h1\">BEDINGUNGEN F\u00dcR DEN VERKAUF VON SAAS-DIENSTLEISTUNGEN AN UNTERNEHMEN IM B2B-MODELL<\/h1>\n<p align=\"center\"><b>BEDINGUNGEN F\u00dcR DEN VERKAUF VON SAAS-DIENSTLEISTUNGEN AN UNTERNEHMEN IM B2B-MODELL<\/b><\/p>\n<p><b>I. Allgemeine Bestimmungen<\/b><\/p>\n<ol>\n<li><b>Angaben zum Dienstanbieter<\/b>:\n<ul class=\"regulamin1\">\n<li>Unternehmen: Jeton Cloud Sp. z o.o. Sp. k.  <\/li>\n<li>Adresse: Domaniewska-Stra\u00dfe 37 2.43, 02-672 Warschau  <\/li>\n<li>NIP: 5213901362<\/li>\n<li>REGON: 386529721<\/li>\n<li>KRS: 0000850403<\/li>\n<li>Kontakt E-Mail: <span style=\"color: #0563c1;\"><u><a href=\"mailto:biuro@jeton.pl\">biuro@jeton.pl<\/a><\/u><\/span><\/li>\n<\/ul>\n<\/li>\n<li><b>Definitionen<\/b>:\n<ul class=\"regulamin1\">\n<li>Dienstanbieter &#8211; Jeton Cloud Sp. z o.o. Sp. k., der Saas-Dienstleistungen gem\u00e4\u00df den Bestimmungen dieser Verordnung erbringt.<\/li>\n<li>Kunde &#8211; ein Unternehmer im Sinne von Artikel 43\u00b9 des Zivilgesetzbuches, der einen Vertrag im Rahmen seiner gewerblichen oder beruflichen T\u00e4tigkeit abschlie\u00dft. <\/li>\n<li>Saas-Dienste &#8211; Software, die im Rahmen eines Software-as-a-Service-Modells elektronisch zur Verf\u00fcgung gestellt wird und f\u00fcr die der Kunde in Form eines Abonnements oder einer einmaligen Zahlung f\u00fcr den Zugang zu bestimmten Funktionen bezahlt.<\/li>\n<li>Regeln und Vorschriften &#8211; dieses Dokument, das die Erbringung von Dienstleistungen sowie die allgemeinen Rechte und Pflichten der Parteien regelt.<\/li>\n<li>owu &#8211; die allgemeinen Gesch\u00e4ftsbedingungen f\u00fcr jede Dienstleistung, die der Kunde mit der Bezahlung der Bestellung akzeptiert.<\/li>\n<\/ul>\n<\/li>\n<li><b>Geltungsbereich der Verordnungen<\/b>:\n<ul class=\"regulamin1\">\n<li>die allgemeinen gesch\u00e4ftsbedingungen gelten f\u00fcr den verkauf von saas-dienstleistungen ausschliesslich an unternehmen (b2b).<\/li>\n<li>der Diensteanbieter erbringt keine Dienstleistungen f\u00fcr Verbraucher im Sinne von Artikel 221 des B\u00fcrgerlichen Gesetzbuchs. <\/li>\n<li>der Kunde erkl\u00e4rt, dass er den Kauf im Rahmen seiner gewerblichen oder beruflichen T\u00e4tigkeit t\u00e4tigt.<\/li>\n<\/ul>\n<\/li>\n<li><b>Geistiges Eigentum<\/b>:\n<ul class=\"regulamin1\">\n<li>alle vom Diensteanbieter zur Verf\u00fcgung gestellten Dokumente, Beschreibungen, Produkte, Know-how, technologischen L\u00f6sungen und sonstigen Materialien sind sein geistiges Eigentum und unterliegen dem Schutz gem\u00e4\u00df den Bestimmungen des Gesetzes vom 4. Februar 1994 \u00fcber das Urheberrecht und verwandte Schutzrechte sowie anderen geltenden Rechtsvorschriften. <\/li>\n<li>Die Vervielf\u00e4ltigung, Verbreitung, Bearbeitung und jede Art der Verwertung au\u00dferhalb der Grenzen des Urheberrechtes bed\u00fcrfen der Zustimmung des Anbieters.<\/li>\n<\/ul>\n<\/li>\n<\/ol>\n<p>&nbsp;<\/p>\n<p><b>II. Bedingungen f\u00fcr den Erwerb von Dienstleistungen <\/b><\/p>\n<ol>\n<li><b>Keine Kontoregistrierung<\/b>:\n<ul class=\"regulamin1\">\n<li>der Kunde nicht verpflichtet ist, ein Konto auf der Website des Dienstleisters anzulegen. Der Online-Shop dient lediglich als Zahlungsweg f\u00fcr die ausgew\u00e4hlten Dienstleistungen. <\/li>\n<\/ul>\n<\/li>\n<li><b>Vertragsabschluss und R\u00fccktrittsrecht vor der Unterzeichnung des Vertrages<\/b>:\n<ul class=\"regulamin1\">\n<li>F\u00fcr jede Dienstleistung gelten gesonderte Allgemeine Gesch\u00e4ftsbedingungen (AGB), die vor dem Kauf nicht auf der Website ver\u00f6ffentlicht werden.<\/li>\n<li>Nach der Bezahlung der Bestellung erh\u00e4lt der Kunde eine Schuldverschreibung in Form eines Vertrags, den er unterschreiben und an den Dienstleister zur\u00fccksenden muss.<\/li>\n<li>Wenn der Kunde nach der Lekt\u00fcre des Vertrags beschlie\u00dft, dass er ihn nicht unterzeichnen m\u00f6chte, hat er das Recht, ohne Angabe von Gr\u00fcnden vom Vertrag zur\u00fcckzutreten.<\/li>\n<li>Der Kunde sollte den Dienstleister per E-Mail an folgende Adresse \u00fcber seine Entscheidung informieren: <span style=\"color: #0563c1;\"><u><a href=\"mailto:biuro@jeton.pl\">biuro@jeton.pl<\/a><\/u><\/span> oder per Brief an die in den Allgemeinen Gesch\u00e4ftsbedingungen angegebene Adresse.<\/li>\n<li>Im Falle einer Auszahlung wird das Geld innerhalb von 14 Arbeitstagen an den Kunden zur\u00fcckerstattet.<\/li>\n<\/ul>\n<\/li>\n<li><b>Aufhebung der einmal unterzeichneten Vereinbarung \u00fcber die Allgemeinen Gesch\u00e4ftsbedingungen<\/b>:\n<ul class=\"regulamin1\">\n<li>sobald der owu-vertrag unterzeichnet ist, haben seine bestimmungen vor den bestimmungen der vorliegenden bedingungen Vorrang.<\/li>\n<li>der kunde akzeptiert, dass es nicht m\u00f6glich ist, den owu-vertrag nach dessen unterzeichnung aus gr\u00fcnden zu k\u00fcndigen, die sich aus den allgemeinen gesch\u00e4ftsbedingungen ergeben.<\/li>\n<\/ul>\n<\/li>\n<li><strong>Lieferzeit der Dienstleistung<\/strong>\n<ol>\n<li>Die Dienstleistung wird innerhalb von 7 Tagen nach Unterzeichnung des Vertrages erbracht.<\/li>\n<li>Der Zugang zum Dienst erfolgt per E-Mail an die in der Bestellung angegebene E-Mail-Adresse (die bei der Bestellung angegebene Hauptadresse)<\/li>\n<\/ol>\n<\/li>\n<\/ol>\n<p>&nbsp;<\/p>\n<p><b>III. Preise und Steuern <\/b><\/p>\n<ol>\n<li><b>Netto-Preise<\/b>:\n<ul class=\"regulamin1\">\n<li>Alle auf der Website angegebenen Preise sind Nettopreise.<\/li>\n<li>Zu jedem Preis wird die Mehrwertsteuer in \u00dcbereinstimmung mit dem geltenden Recht hinzugerechnet.<\/li>\n<\/ul>\n<\/li>\n<li><b>Innergemeinschaftliche Verk\u00e4ufe<\/b>:\n<ul class=\"regulamin1\">\n<li>bei Verk\u00e4ufen an Kunden aus anderen eu-mitgliedstaaten werden die gesch\u00e4fte nach den bestimmungen des gemeinschaftsrechts abgewickelt.<\/li>\n<li>Der Kunde muss bei der Bestellung eine g\u00fcltige MwSt.-EU-Nummer angeben.<\/li>\n<\/ul>\n<\/li>\n<li><b>Individuelle Abrechnung<\/b>:\n<ul class=\"regulamin1\">\n<li>Falls ein Kunde eine nicht standardisierte Zahlungsmethode ben\u00f6tigt, kann er sich an den Dienstleister wenden, um die Transaktion au\u00dferhalb des Gesch\u00e4ftswegs durchzuf\u00fchren.<\/li>\n<li>Die Bedingungen f\u00fcr solche Transaktionen werden im Einzelfall vereinbart.<\/li>\n<\/ul>\n<\/li>\n<\/ol>\n<p>&nbsp;<\/p>\n<p><b>IV. Schutz der personenbezogenen Daten (RODO) <\/b><\/p>\n<ol>\n<li><b>Verantwortlicher f\u00fcr die personenbezogenen Daten<\/b>:\n<ul class=\"regulamin1\">\n<li>Der Verwalter der pers\u00f6nlichen Daten ist Jeton Cloud Sp. z o.o. Sp. k.  <\/li>\n<\/ul>\n<\/li>\n<li><b>Zweck und Grundlage der Datenverarbeitung<\/b>:\n<ul class=\"regulamin1\">\n<li>Die personenbezogenen Daten werden nur zum Zweck der Durchf\u00fchrung des Auftrags und der Erbringung von Dienstleistungen auf der Grundlage von Artikel 6 Absatz 1 Buchstabe b) rodo verarbeitet.  <\/li>\n<li>Die Daten k\u00f6nnen auch verarbeitet werden, um gesetzlichen Verpflichtungen nachzukommen (Artikel 6 Absatz 1 Buchstabe c) rodo).<\/li>\n<\/ul>\n<\/li>\n<li><b>Rechte der Kunden<\/b>:\n<ul class=\"regulamin1\">\n<li>der Kunde hat das Recht auf Auskunft, Berichtigung, L\u00f6schung, Einschr\u00e4nkung der Datenverarbeitung, Daten\u00fcbertragbarkeit und das Recht, eine Beschwerde bei puodo einzureichen.<\/li>\n<\/ul>\n<\/li>\n<li><b>Dauer der Datenspeicherung<\/b>:\n<ul class=\"regulamin1\">\n<li>Die personenbezogenen Daten werden so lange aufbewahrt, wie es f\u00fcr die Erf\u00fcllung des Vertrags erforderlich ist und wie es die Buchf\u00fchrungs- und Steuergesetze vorsehen.<\/li>\n<\/ul>\n<\/li>\n<li><b>Gemeinsame Nutzung von Daten<\/b>:\n<ul class=\"regulamin1\">\n<li>Personenbezogene Daten k\u00f6nnen auf der Grundlage von Vereinbarungen \u00fcber die Beauftragung mit der Datenverarbeitung an Stellen weitergegeben werden, die Daten im Auftrag des Dienstleisters verarbeiten (z. B. Zahlungsdienstleister, IT-Dienstleister).<\/li>\n<\/ul>\n<\/li>\n<li><b>Freiwilligkeit der Datenbereitstellung<\/b>:\n<ul class=\"regulamin1\">\n<li>Die Angabe der pers\u00f6nlichen Daten ist freiwillig, aber f\u00fcr die Ausf\u00fchrung des Auftrags notwendig.<\/li>\n<\/ul>\n<\/li>\n<\/ol>\n<p>&nbsp;<\/p>\n<p><b>V. Reklamationen und R\u00fccksendungen<\/b><\/p>\n<ol>\n<li><b>Beschwerden einreichen<\/b>:\n<ul class=\"regulamin1\">\n<li>Beschwerden sind an die folgende E-Mail-Adresse zu richten: biuro@jeton.pl.<\/li>\n<li>Beschwerden werden innerhalb von 14 Arbeitstagen bearbeitet.<\/li>\n<\/ul>\n<\/li>\n<li><b>Erstattungen<\/b>:\n<ul class=\"regulamin1\">\n<li>Wird der Vertrag vor der Unterzeichnung der Urkunde storniert, erh\u00e4lt der Kunde innerhalb von 14 Arbeitstagen sein Geld zur\u00fcck.<\/li>\n<\/ul>\n<\/li>\n<\/ol>\n<p>&nbsp;<\/p>\n<p><b>VI. Schlussbestimmungen <\/b><\/p>\n<ol>\n<li><b>\u00c4nderungen der Verordnungen<\/b>:\n<ul class=\"regulamin1\">\n<li>Der Anbieter beh\u00e4lt sich das Recht vor, die Bedingungen mit einer Frist von 14 Tagen zu \u00e4ndern.<\/li>\n<\/ul>\n<\/li>\n<li><b>Anwendbares Recht<\/b>:\n<ul class=\"regulamin1\">\n<li>Die vorliegenden Bedingungen unterliegen dem polnischen Recht. F\u00fcr die Beilegung von Streitigkeiten ist das f\u00fcr den Sitz des Dienstleisters zust\u00e4ndige Gericht zust\u00e4ndig. <\/li>\n<\/ul>\n<\/li>\n<li><b>Ausschluss des Verbraucherschutzes<\/b>:\n<ul class=\"regulamin1\">\n<li>Die Vorschriften gelten nicht f\u00fcr Verbraucher im Sinne des B\u00fcrgerlichen Gesetzbuchs und des Gesetzes \u00fcber die Rechte der Verbraucher.<\/li>\n<\/ul>\n<\/li>\n<li><b>Akzeptanz der Regeln und Vorschriften<\/b>:\n<ul class=\"regulamin1\">\n<li>Mit der Bezahlung der Bestellung akzeptiert der Kunde die Allgemeinen Gesch\u00e4ftsbedingungen, die AGB und erteilt alle erforderlichen Zustimmungen.<\/li>\n<\/ul>\n<\/li>\n<\/ol>\n<p>&nbsp;<\/p>\n<p><b>Datum des Inkrafttretens: 22. Dezember 2024<\/b><br \/>\n[\/vc_column_text][\/vc_column][\/vc_row]<\/p>\n<\/div>","protected":false},"excerpt":{"rendered":"<p>[vc_row kd_background_image_position=&#8221;vc_row-bg-position-top&#8221;][vc_column css=&#8221;.vc_custom_1616404313937{padding-top: 50px !important;}&#8221;][vc_column_text] BEDINGUNGEN F\u00dcR DEN VERKAUF VON SAAS-DIENSTLEISTUNGEN AN UNTERNEHMEN IM B2B-MODELL BEDINGUNGEN F\u00dcR DEN VERKAUF VON [&hellip;]<\/p>\n","protected":false},"author":8,"featured_media":0,"parent":0,"menu_order":0,"comment_status":"closed","ping_status":"closed","template":"","meta":{"_eb_attr":"","_monsterinsights_skip_tracking":false,"_monsterinsights_sitenote_active":false,"_monsterinsights_sitenote_note":"","_monsterinsights_sitenote_category":0,"footnotes":""},"class_list":["post-15237","page","type-page","status-publish","hentry"],"yoast_head":"<!-- This site is optimized with the Yoast SEO Premium plugin v26.8 (Yoast SEO v27.4) - https:\/\/yoast.com\/product\/yoast-seo-premium-wordpress\/ -->\n<title>Verordnungen - Jeton<\/title>\n<meta name=\"robots\" content=\"noindex, follow\" \/>\n<meta property=\"og:locale\" content=\"de_DE\" \/>\n<meta property=\"og:type\" content=\"article\" \/>\n<meta property=\"og:title\" content=\"Verordnungen\" \/>\n<meta property=\"og:description\" content=\"[vc_row kd_background_image_position=&#8221;vc_row-bg-position-top&#8221;][vc_column css=&#8221;.vc_custom_1616404313937{padding-top: 50px !important;}&#8221;][vc_column_text] BEDINGUNGEN F\u00dcR DEN VERKAUF VON SAAS-DIENSTLEISTUNGEN AN UNTERNEHMEN IM B2B-MODELL BEDINGUNGEN F\u00dcR DEN VERKAUF VON [&hellip;]\" \/>\n<meta property=\"og:url\" content=\"https:\/\/jeton.pl\/de\/verordnungen\/\" \/>\n<meta property=\"og:site_name\" content=\"Jeton Outsourcing IT Warszawa\" \/>\n<meta property=\"article:publisher\" content=\"https:\/\/www.facebook.com\/JetonOutsourcingInformatyczny\" \/>\n<meta property=\"article:modified_time\" content=\"2025-03-27T09:50:53+00:00\" \/>\n<meta name=\"twitter:card\" content=\"summary_large_image\" \/>\n<meta name=\"twitter:label1\" content=\"Gesch\u00e4tzte Lesezeit\" \/>\n\t<meta name=\"twitter:data1\" content=\"5 Minuten\" \/>\n<script type=\"application\/ld+json\" class=\"yoast-schema-graph\">{\"@context\":\"https:\\\/\\\/schema.org\",\"@graph\":[{\"@type\":\"WebPage\",\"@id\":\"https:\\\/\\\/jeton.pl\\\/de\\\/verordnungen\\\/\",\"url\":\"https:\\\/\\\/jeton.pl\\\/de\\\/verordnungen\\\/\",\"name\":\"Verordnungen - Jeton\",\"isPartOf\":{\"@id\":\"https:\\\/\\\/jeton.pl\\\/de\\\/#website\"},\"datePublished\":\"2024-11-28T09:29:46+00:00\",\"dateModified\":\"2025-03-27T09:50:53+00:00\",\"breadcrumb\":{\"@id\":\"https:\\\/\\\/jeton.pl\\\/de\\\/verordnungen\\\/#breadcrumb\"},\"inLanguage\":\"de\",\"potentialAction\":[{\"@type\":\"ReadAction\",\"target\":[\"https:\\\/\\\/jeton.pl\\\/de\\\/verordnungen\\\/\"]}]},{\"@type\":\"BreadcrumbList\",\"@id\":\"https:\\\/\\\/jeton.pl\\\/de\\\/verordnungen\\\/#breadcrumb\",\"itemListElement\":[{\"@type\":\"ListItem\",\"position\":1,\"name\":\"Strona g\u0142\u00f3wna\",\"item\":\"https:\\\/\\\/jeton.pl\\\/de\\\/jeton\\\/\"},{\"@type\":\"ListItem\",\"position\":2,\"name\":\"Verordnungen\"}]},{\"@type\":\"WebSite\",\"@id\":\"https:\\\/\\\/jeton.pl\\\/de\\\/#website\",\"url\":\"https:\\\/\\\/jeton.pl\\\/de\\\/\",\"name\":\"Pe\u0142na obs\u0142uga IT dla firm, opieka IT Twojej firmy - Jeton Warszawa\",\"description\":\"Obs\u0142uga informatyczna Bezpiecze\u0144stwo IT Warszawa\",\"publisher\":{\"@id\":\"https:\\\/\\\/jeton.pl\\\/de\\\/#organization\"},\"potentialAction\":[{\"@type\":\"SearchAction\",\"target\":{\"@type\":\"EntryPoint\",\"urlTemplate\":\"https:\\\/\\\/jeton.pl\\\/de\\\/?s={search_term_string}\"},\"query-input\":{\"@type\":\"PropertyValueSpecification\",\"valueRequired\":true,\"valueName\":\"search_term_string\"}}],\"inLanguage\":\"de\"},{\"@type\":\"Organization\",\"@id\":\"https:\\\/\\\/jeton.pl\\\/de\\\/#organization\",\"name\":\"Jeton Cloud Sp. z o.o.\",\"url\":\"https:\\\/\\\/jeton.pl\\\/de\\\/\",\"logo\":{\"@type\":\"ImageObject\",\"inLanguage\":\"de\",\"@id\":\"https:\\\/\\\/jeton.pl\\\/de\\\/#\\\/schema\\\/logo\\\/image\\\/\",\"url\":\"https:\\\/\\\/jeton.pl\\\/wp-content\\\/uploads\\\/2024\\\/04\\\/logo07.png\",\"contentUrl\":\"https:\\\/\\\/jeton.pl\\\/wp-content\\\/uploads\\\/2024\\\/04\\\/logo07.png\",\"width\":2960,\"height\":1036,\"caption\":\"Jeton Cloud Sp. z o.o.\"},\"image\":{\"@id\":\"https:\\\/\\\/jeton.pl\\\/de\\\/#\\\/schema\\\/logo\\\/image\\\/\"},\"sameAs\":[\"https:\\\/\\\/www.facebook.com\\\/JetonOutsourcingInformatyczny\"]}]}<\/script>\n<!-- \/ Yoast SEO Premium plugin. -->","yoast_head_json":{"title":"Verordnungen - Jeton","robots":{"index":"noindex","follow":"follow"},"og_locale":"de_DE","og_type":"article","og_title":"Verordnungen","og_description":"[vc_row kd_background_image_position=&#8221;vc_row-bg-position-top&#8221;][vc_column css=&#8221;.vc_custom_1616404313937{padding-top: 50px !important;}&#8221;][vc_column_text] BEDINGUNGEN F\u00dcR DEN VERKAUF VON SAAS-DIENSTLEISTUNGEN AN UNTERNEHMEN IM B2B-MODELL BEDINGUNGEN F\u00dcR DEN VERKAUF VON [&hellip;]","og_url":"https:\/\/jeton.pl\/de\/verordnungen\/","og_site_name":"Jeton Outsourcing IT Warszawa","article_publisher":"https:\/\/www.facebook.com\/JetonOutsourcingInformatyczny","article_modified_time":"2025-03-27T09:50:53+00:00","twitter_card":"summary_large_image","twitter_misc":{"Gesch\u00e4tzte Lesezeit":"5 Minuten"},"schema":{"@context":"https:\/\/schema.org","@graph":[{"@type":"WebPage","@id":"https:\/\/jeton.pl\/de\/verordnungen\/","url":"https:\/\/jeton.pl\/de\/verordnungen\/","name":"Verordnungen - Jeton","isPartOf":{"@id":"https:\/\/jeton.pl\/de\/#website"},"datePublished":"2024-11-28T09:29:46+00:00","dateModified":"2025-03-27T09:50:53+00:00","breadcrumb":{"@id":"https:\/\/jeton.pl\/de\/verordnungen\/#breadcrumb"},"inLanguage":"de","potentialAction":[{"@type":"ReadAction","target":["https:\/\/jeton.pl\/de\/verordnungen\/"]}]},{"@type":"BreadcrumbList","@id":"https:\/\/jeton.pl\/de\/verordnungen\/#breadcrumb","itemListElement":[{"@type":"ListItem","position":1,"name":"Strona g\u0142\u00f3wna","item":"https:\/\/jeton.pl\/de\/jeton\/"},{"@type":"ListItem","position":2,"name":"Verordnungen"}]},{"@type":"WebSite","@id":"https:\/\/jeton.pl\/de\/#website","url":"https:\/\/jeton.pl\/de\/","name":"Pe\u0142na obs\u0142uga IT dla firm, opieka IT Twojej firmy - Jeton Warszawa","description":"Obs\u0142uga informatyczna Bezpiecze\u0144stwo IT Warszawa","publisher":{"@id":"https:\/\/jeton.pl\/de\/#organization"},"potentialAction":[{"@type":"SearchAction","target":{"@type":"EntryPoint","urlTemplate":"https:\/\/jeton.pl\/de\/?s={search_term_string}"},"query-input":{"@type":"PropertyValueSpecification","valueRequired":true,"valueName":"search_term_string"}}],"inLanguage":"de"},{"@type":"Organization","@id":"https:\/\/jeton.pl\/de\/#organization","name":"Jeton Cloud Sp. z o.o.","url":"https:\/\/jeton.pl\/de\/","logo":{"@type":"ImageObject","inLanguage":"de","@id":"https:\/\/jeton.pl\/de\/#\/schema\/logo\/image\/","url":"https:\/\/jeton.pl\/wp-content\/uploads\/2024\/04\/logo07.png","contentUrl":"https:\/\/jeton.pl\/wp-content\/uploads\/2024\/04\/logo07.png","width":2960,"height":1036,"caption":"Jeton Cloud Sp. z o.o."},"image":{"@id":"https:\/\/jeton.pl\/de\/#\/schema\/logo\/image\/"},"sameAs":["https:\/\/www.facebook.com\/JetonOutsourcingInformatyczny"]}]}},"_links":{"self":[{"href":"https:\/\/jeton.pl\/de\/wp-json\/wp\/v2\/pages\/15237","targetHints":{"allow":["GET"]}}],"collection":[{"href":"https:\/\/jeton.pl\/de\/wp-json\/wp\/v2\/pages"}],"about":[{"href":"https:\/\/jeton.pl\/de\/wp-json\/wp\/v2\/types\/page"}],"author":[{"embeddable":true,"href":"https:\/\/jeton.pl\/de\/wp-json\/wp\/v2\/users\/8"}],"replies":[{"embeddable":true,"href":"https:\/\/jeton.pl\/de\/wp-json\/wp\/v2\/comments?post=15237"}],"version-history":[{"count":0,"href":"https:\/\/jeton.pl\/de\/wp-json\/wp\/v2\/pages\/15237\/revisions"}],"wp:attachment":[{"href":"https:\/\/jeton.pl\/de\/wp-json\/wp\/v2\/media?parent=15237"}],"curies":[{"name":"wp","href":"https:\/\/api.w.org\/{rel}","templated":true}]}}