{"id":15578,"date":"2022-02-04T14:30:42","date_gmt":"2022-02-04T13:30:42","guid":{"rendered":"https:\/\/jeton.pl\/outsourcing-management-fuer-freshservice\/ausruestung-und-entsorgung\/"},"modified":"2025-03-27T10:55:31","modified_gmt":"2025-03-27T09:55:31","slug":"ausruestung-und-entsorgung","status":"publish","type":"page","link":"https:\/\/jeton.pl\/de\/outsourcing-management-fuer-freshservice\/ausruestung-und-entsorgung\/","title":{"rendered":"Ausr\u00fcstung und Entsorgung"},"content":{"rendered":"<div class=\"wpb-content-wrapper\"><p>[vc_row full_width=&#8221;stretch_row&#8221; kd_background_image_position=&#8221;vc_row-bg-position-top&#8221; kd_bottom_separator_style=&#8221;waves&#8221; kd_bottom_separator_height=&#8221;separator-height-large&#8221; kd_bottom_separator=&#8221;true&#8221; css=&#8221;.vc_custom_1643795696478{padding-top: 260px !important;padding-bottom: 260px !important;background-image: url(https:\/\/jeton.pl\/wp-content\/uploads\/2022\/02\/panel_header.jpg?id=10804) !important;background-position: center !important;background-repeat: no-repeat !important;background-size: cover !important;}&#8221; el_class=&#8221;intro-section&#8221; css_mobile=&#8221;.vc_custom_1643795696479{padding-top: 100px !important;padding-bottom: 150px !important;}&#8221; css_tablet_portrait=&#8221;.vc_custom_1643795696479{padding-top: 200px !important;padding-bottom: 250px !important;}&#8221;][vc_column][vc_row_inner kd_background_image_position=&#8221;vc_row-bg-position-top&#8221;][vc_column_inner]<header class=\"kd-section-title col-lg-12 text-center  subtitle-below-title kd-animated fadeIn   vc_custom_1643880365293\" data-animation-delay=200><h1 class=\"separator_off\" style=\"color: #ffffff;font-size: 52px;line-height: 68px;margin-bottom:30px;\">Verwaltung der Ausr\u00fcstung<\/h1><h6 class=\"subtitle\" style=\"color: rgba(255,255,255,0.8);\">im Jeton-Panel<\/h6><\/header><div class=\"scroll-down-wrapper sd-align-center kd-animated fadeInUp  vc_custom_1606153287439\" data-animation-delay=200><a href=\"#first-section\" class=\"scroll-down-arrow btn-smooth-scroll\" style=\"background-color: #ffffff;\" aria-label=\"Scroll down\"><\/a><\/div>[\/vc_column_inner][\/vc_row_inner][\/vc_column][\/vc_row][vc_row kd_background_image_position=&#8221;vc_row-bg-position-top&#8221; css=&#8221;.vc_custom_1606153293701{margin-bottom: 0px !important;padding-top: 100px !important;}&#8221; el_id=&#8221;erster Abschnitt&#8221;][vc_column css=&#8221;.vc_custom_1597839056189{padding-right: 0px !important;padding-left: 0px !important;}&#8221;][\/vc_column][\/vc_row][vc_row full_width=&#8221;stretch_row&#8221; kd_background_image_position=&#8221;vc_row-bg-position-top&#8221; css=&#8221;.vc_custom_1643798603598{padding-top: 0px !important;padding-bottom: 50px !important;}&#8221;][vc_column width=&#8221;1\/2&#8243;][vc_row_inner kd_background_image_position=&#8221;vc_row-bg-position-top&#8221; css=&#8221;.vc_custom_1616142167168{padding-top: 0px !important;}&#8221;][vc_column_inner]<header class=\"kd-section-title col-lg-12 text-left  subtitle-below-title   \" ><h2 class=\"separator_off\" >Ausr\u00fcstung<\/h2><h6 class=\"subtitle\" >Suchen Sie Ihre Ger\u00e4te, pr\u00fcfen Sie deren Spezifikationen und Benutzer. Ein gr\u00fcnes Licht zeigt an, dass das Ger\u00e4t mit der Basisstation synchronisiert ist. Rot und orange bedeutet, dass keine oder nur teilweise heruntergeladene Daten vorhanden sind. Allein die Tatsache, dass der Computer bereits in der Datenbank enthalten ist, bedeutet jedoch, dass Sie die Daten \u00fcberpr\u00fcfen k\u00f6nnen. Um schnell nach einem bestimmten Ger\u00e4t zu suchen, klicken Sie auf die Schaltfl\u00e4che &quot;QR-Code scannen&quot; und verwenden Sie die Kamera Ihres Computers oder Telefons, um den QR-Code auf der Unterseite des Ger\u00e4ts zu scannen.    <\/h6><\/header>[\/vc_column_inner][\/vc_row_inner][\/vc_column][vc_column width=&#8221;1\/2&#8243; css=&#8221;.vc_custom_1643880388327{padding-top: 0px !important;}&#8221;][vc_single_image image=&#8221;10894&#8243; img_size=&#8221;full&#8221; css_animation=&#8221;right-to-left&#8221;][\/vc_column][\/vc_row][vc_row full_width=&#8221;stretch_row&#8221; kd_background_image_position=&#8221;vc_row-bg-position-top&#8221; css=&#8221;.vc_custom_1614933374157{padding-top: 0px !important;padding-bottom: 100px !important;}&#8221;][vc_column width=&#8221;1\/2&#8243; offset=&#8221;vc_hidden-lg vc_hidden-md&#8221;]<header class=\"kd-section-title col-lg-12 text-left  subtitle-below-title   \" ><h6 class=\"subtitle\" >Indem wir zu dem Ger\u00e4t navigieren, an dem wir interessiert sind, k\u00f6nnen wir die Serien- oder interne Nummer des Ger\u00e4ts, die Abteilung sowie Notizen \u00fcberpr\u00fcfen, die f\u00fcr die Zuordnung des Ger\u00e4ts relevant sein k\u00f6nnen. Dar\u00fcber hinaus ist es wichtig zu wissen, aus welchen Komponenten die Ger\u00e4te bestehen. Dies erleichtert die Zuordnung des Ger\u00e4ts zu einer bestimmten Abteilung oder einem Mitarbeiter\/Vorgesetzten. Jedes Ger\u00e4t ist einer bestimmten Person zugeordnet, so dass wir wissen, welche Ger\u00e4te diese Person auf Lager hat.   <\/p>\n<p>Wir speichern die Partitionsverschl\u00fcsselungsschl\u00fcssel in internen Dokumenten. Jede Hardware, die eine TPM-Funktion hat, wird von uns aus Sicherheitsgr\u00fcnden verschl\u00fcsselt. <\/h6><\/header>[\/vc_column][vc_column width=&#8221;1\/2&#8243; css=&#8221;.vc_custom_1616596560839{padding-top: 100px !important;}&#8221; offset=&#8221;vc_hidden-lg vc_hidden-md&#8221; css_mobile=&#8221;.vc_custom_1616596560840{margin-bottom: -50px !important;padding-top: -50px !important;}&#8221;][vc_single_image image=&#8221;10893&#8243; img_size=&#8221;full&#8221; css_animation=&#8221;left-to-right&#8221;][\/vc_column][\/vc_row][vc_row full_width=&#8221;stretch_row&#8221; kd_background_image_position=&#8221;vc_row-bg-position-top&#8221; css=&#8221;.vc_custom_1614933374157{padding-top: 0px !important;padding-bottom: 100px !important;}&#8221;][vc_column width=&#8221;1\/2&#8243; offset=&#8221;vc_hidden-sm vc_hidden-xs&#8221;][vc_single_image image=&#8221;10893&#8243; img_size=&#8221;full&#8221; css_animation=&#8221;left-to-right&#8221;][\/vc_column][vc_column width=&#8221;1\/2&#8243; css=&#8221;.vc_custom_1643882623792{padding-top: 30px !important;}&#8221; offset=&#8221;vc_hidden-sm vc_hidden-xs&#8221;]<header class=\"kd-section-title col-lg-12 text-left  subtitle-below-title   \" ><h6 class=\"subtitle\" >Indem wir zu dem Ger\u00e4t navigieren, an dem wir interessiert sind, k\u00f6nnen wir die Serien- oder interne Nummer des Ger\u00e4ts, die Abteilung sowie Notizen \u00fcberpr\u00fcfen, die f\u00fcr die Zuordnung des Ger\u00e4ts relevant sein k\u00f6nnen. Dar\u00fcber hinaus ist es wichtig zu wissen, aus welchen Komponenten die Ger\u00e4te bestehen. Dies erleichtert die Zuordnung des Ger\u00e4ts zu einer bestimmten Abteilung oder einem Mitarbeiter\/Vorgesetzten. Jedes Ger\u00e4t ist einer bestimmten Person zugeordnet, so dass wir wissen, welche Ger\u00e4te diese Person auf Lager hat.   <\/p>\n<p>Wir speichern die Partitionsverschl\u00fcsselungsschl\u00fcssel in internen Dokumenten. Jede Hardware, die eine TPM-Funktion hat, wird von uns aus Sicherheitsgr\u00fcnden verschl\u00fcsselt. <\/h6><\/header>[\/vc_column][\/vc_row][vc_row full_width=&#8221;stretch_row&#8221; kd_background_image_position=&#8221;vc_row-bg-position-top&#8221; css=&#8221;.vc_custom_1643805276863{padding-top: 0px !important;padding-bottom: 0px !important;}&#8221;][vc_column width=&#8221;1\/2&#8243;][vc_row_inner kd_background_image_position=&#8221;vc_row-bg-position-top&#8221; css=&#8221;.vc_custom_1616142167168{padding-top: 0px !important;}&#8221;][vc_column_inner css=&#8221;.vc_custom_1643893607976{padding-top: 50px !important;}&#8221;]<header class=\"kd-section-title col-lg-12 text-left  subtitle-below-title   \" ><h2 class=\"separator_off\" >Entsorgung<\/h2><h6 class=\"subtitle\" >Computer, die entsorgt oder f\u00fcr die Entsorgung vorbereitet werden. Dabei handelt es sich in der Regel um Ger\u00e4te, die nicht mehr brauchbar sind, besch\u00e4digt wurden oder die Mindestanforderungen nicht erf\u00fcllen. Es kann sein, dass die Computer noch in Gebrauch sind, aber bereits f\u00fcr den Austausch vorgesehen sind.  <\/h6><\/header>[\/vc_column_inner][\/vc_row_inner][\/vc_column][vc_column width=&#8221;1\/2&#8243;][vc_single_image image=&#8221;10892&#8243; img_size=&#8221;full&#8221; css_animation=&#8221;right-to-left&#8221;][\/vc_column][\/vc_row][vc_row full_width=&#8221;stretch_row&#8221; kd_background_image_position=&#8221;vc_row-bg-position-top&#8221; css=&#8221;.vc_custom_1614933374157{padding-top: 0px !important;padding-bottom: 100px !important;}&#8221;][vc_column width=&#8221;1\/2&#8243; offset=&#8221;vc_hidden-lg vc_hidden-md&#8221;][vc_row_inner kd_background_image_position=&#8221;vc_row-bg-position-top&#8221; css=&#8221;.vc_custom_1616144632592{padding-top: 0px !important;}&#8221;][vc_column_inner]<header class=\"kd-section-title col-lg-12 text-left  subtitle-below-title   \" ><h2 class=\"separator_off\" >Entsorgung<\/h2><h6 class=\"subtitle\" >Computer, die entsorgt oder f\u00fcr die Entsorgung vorbereitet werden. Dabei handelt es sich in der Regel um Ger\u00e4te, die nicht mehr brauchbar sind, besch\u00e4digt wurden oder die Mindestanforderungen nicht erf\u00fcllen. Es kann sein, dass die Computer noch in Gebrauch sind, aber bereits f\u00fcr den Austausch vorgesehen sind.  <\/h6><\/header>[\/vc_column_inner][\/vc_row_inner][\/vc_column][vc_column width=&#8221;1\/2&#8243; css=&#8221;.vc_custom_1616596953144{padding-top: 100px !important;}&#8221; offset=&#8221;vc_hidden-lg vc_hidden-md&#8221; css_mobile=&#8221;.vc_custom_1616596953145{margin-bottom: -50px !important;padding-top: 0px !important;}&#8221;][vc_single_image image=&#8221;10892&#8243; img_size=&#8221;full&#8221; css_animation=&#8221;right-to-left&#8221;][\/vc_column][\/vc_row][vc_row full_width=&#8221;stretch_row&#8221; kd_background_image_position=&#8221;vc_row-bg-position-top&#8221; css=&#8221;.vc_custom_1643895428084{padding-top: 0px !important;padding-bottom: 50px !important;}&#8221; top_section_title=&#8221;&#8221; bottom_section_title=&#8221;&#8221;][vc_column width=&#8221;1\/2&#8243; offset=&#8221;vc_hidden-sm vc_hidden-xs&#8221; css_mobile=&#8221;.vc_custom_1616596795397{padding-bottom: -50px !important;}&#8221;][vc_single_image image=&#8221;10898&#8243; img_size=&#8221;full&#8221; css_animation=&#8221;right-to-left&#8221;][\/vc_column][vc_column width=&#8221;1\/2&#8243; css=&#8221;.vc_custom_1643895319981{padding-top: 70px !important;}&#8221; offset=&#8221;vc_hidden-sm vc_hidden-xs&#8221;][vc_row_inner kd_background_image_position=&#8221;vc_row-bg-position-top&#8221; css=&#8221;.vc_custom_1616144632592{padding-top: 0px !important;}&#8221;][vc_column_inner]<header class=\"kd-section-title col-lg-12 text-left  subtitle-below-title   \" ><h2 class=\"separator_off\" >Ger\u00e4tearchiv<\/h2><h6 class=\"subtitle\" >Entsorgungsprotokolle. Hier k\u00f6nnen Sie das Entsorgungsprotokoll f\u00fcr Computer herunterladen. Diese Ger\u00e4te stehen nicht mehr zum Verbrauch zur Verf\u00fcgung, wurden bereits an ein Entsorgungsunternehmen \u00fcbergeben oder es wurde ein Protokoll erstellt und wird in naher Zukunft erstellt.  <\/h6><\/header>[\/vc_column_inner][\/vc_row_inner][\/vc_column][\/vc_row][vc_row full_width=&#8221;stretch_row&#8221; kd_background_image_position=&#8221;vc_row-bg-position-top&#8221; css=&#8221;.vc_custom_1614933374157{padding-top: 0px !important;padding-bottom: 100px !important;}&#8221;][vc_column offset=&#8221;vc_hidden-sm vc_hidden-xs&#8221; css_mobile=&#8221;.vc_custom_1616596795397{padding-bottom: -50px !important;}&#8221;][vc_single_image image=&#8221;10902&#8243; img_size=&#8221;full&#8221; css_animation=&#8221;right-to-left&#8221;][\/vc_column][\/vc_row][vc_row full_width=&#8221;stretch_row&#8221; kd_background_image_position=&#8221;vc_row-bg-position-top&#8221; kd_bottom_separator_style=&#8221;static-waves&#8221; kd_bottom_separator_height=&#8221;separator-height-medium&#8221; kd_bottom_separator=&#8221;true&#8221; css=&#8221;.vc_custom_1616597235475{padding-bottom: 180px !important;}&#8221; css_tablet_landscape=&#8221;.vc_custom_1616597235475{padding-bottom: 250px !important;}&#8221; css_tablet_portrait=&#8221;.vc_custom_1616597235475{padding-top: 100px !important;padding-bottom: 140px !important;}&#8221; css_mobile=&#8221;.vc_custom_1616597235475{padding-top: 0px !important;padding-bottom: 100px !important;}&#8221; kd_bottom_separator_bg=&#8221;#ebf5ff&#8221;][vc_column][vc_row_inner kd_background_image_position=&#8221;vc_row-bg-position-top&#8221;][vc_column_inner]<div data-speed=\"slower-text-rotator\" class=\"kd-text-rotator kd-rotatorid-69e0388a37d63 text-center \"><h2 class=\"kd-text-rotator-container \" style=\" font-size: 38px;\"><span class=\"kd-rotator-wrapper\"><span class=\"rotator-single is-visible\">Zam\u00f3w ju\u017c teraz dost\u0119p do panelu IT<\/span><\/span><\/h2><\/div>[vc_empty_space height=&#8221;35px&#8221;]<header class=\"kd-section-title col-lg-12 text-center  subtitle-below-title kd-animated fadeIn   vc_custom_1616145762858\" data-animation-delay=200><h6 class=\"subtitle\" >Mehr Informationen bedeuten bessere Entscheidungen. Finde es heraus<br \/>\n alles, was f\u00fcr Ihr Unternehmen wichtig ist.<\/h6><\/header><a   class=\"tt_button tt_primary_button btn_primary_color  button-center panel-trigger-btn   kd-animated zoomIn add-margin-right\" data-animation-delay=200><span class=\"prim_text\">Fragen Sie nach dem Jeton-Panel<\/span><\/a>[\/vc_column_inner][\/vc_row_inner][\/vc_column][\/vc_row]<\/p>\n<\/div>","protected":false},"excerpt":{"rendered":"<p>[vc_row full_width=&#8221;stretch_row&#8221; kd_background_image_position=&#8221;vc_row-bg-position-top&#8221; kd_bottom_separator_style=&#8221;waves&#8221; kd_bottom_separator_height=&#8221;separator-height-large&#8221; kd_bottom_separator=&#8221;true&#8221; css=&#8221;.vc_custom_1643795696478{padding-top: 260px !important;padding-bottom: 260px !important;background-image: url(https:\/\/jeton.pl\/wp-content\/uploads\/2022\/02\/panel_header.jpg?id=10804) !important;background-position: center !important;background-repeat: no-repeat !important;background-size: cover !important;}&#8221; el_class=&#8221;intro-section&#8221; [&hellip;]<\/p>\n","protected":false},"author":1,"featured_media":0,"parent":15290,"menu_order":0,"comment_status":"closed","ping_status":"closed","template":"","meta":{"_eb_attr":"","_monsterinsights_skip_tracking":false,"_monsterinsights_sitenote_active":false,"_monsterinsights_sitenote_note":"","_monsterinsights_sitenote_category":0,"footnotes":""},"class_list":["post-15578","page","type-page","status-publish","hentry"],"yoast_head":"<!-- This site is optimized with the Yoast SEO Premium plugin v26.8 (Yoast SEO v27.4) - https:\/\/yoast.com\/product\/yoast-seo-premium-wordpress\/ -->\n<title>Ger\u00e4teverwaltung im Jeton-Panel | Business-Panel von Jeton<\/title>\n<meta name=\"description\" content=\"Ausr\u00fcstung und Entsorgung | Willkommenspanel als Unternehmensleitung innerhalb der externen IT-Abteilung.\" \/>\n<meta name=\"robots\" content=\"index, follow, max-snippet:-1, max-image-preview:large, max-video-preview:-1\" \/>\n<link rel=\"canonical\" href=\"https:\/\/jeton.pl\/de\/outsourcing-management-fuer-freshservice\/ausruestung-und-entsorgung\/\" \/>\n<meta property=\"og:locale\" content=\"de_DE\" \/>\n<meta property=\"og:type\" content=\"article\" \/>\n<meta property=\"og:title\" content=\"Ausr\u00fcstung und Entsorgung\" \/>\n<meta property=\"og:description\" content=\"Ausr\u00fcstung und Entsorgung | Willkommenspanel als Unternehmensleitung innerhalb der externen IT-Abteilung.\" \/>\n<meta property=\"og:url\" content=\"https:\/\/jeton.pl\/de\/outsourcing-management-fuer-freshservice\/ausruestung-und-entsorgung\/\" \/>\n<meta property=\"og:site_name\" content=\"Jeton Outsourcing IT Warszawa\" \/>\n<meta property=\"article:publisher\" content=\"https:\/\/www.facebook.com\/JetonOutsourcingInformatyczny\" \/>\n<meta property=\"article:modified_time\" content=\"2025-03-27T09:55:31+00:00\" \/>\n<meta name=\"twitter:card\" content=\"summary_large_image\" \/>\n<meta name=\"twitter:label1\" content=\"Gesch\u00e4tzte Lesezeit\" \/>\n\t<meta name=\"twitter:data1\" content=\"8 Minuten\" \/>\n<script type=\"application\/ld+json\" class=\"yoast-schema-graph\">{\"@context\":\"https:\\\/\\\/schema.org\",\"@graph\":[{\"@type\":\"WebPage\",\"@id\":\"https:\\\/\\\/jeton.pl\\\/de\\\/outsourcing-management-fuer-freshservice\\\/ausruestung-und-entsorgung\\\/\",\"url\":\"https:\\\/\\\/jeton.pl\\\/de\\\/outsourcing-management-fuer-freshservice\\\/ausruestung-und-entsorgung\\\/\",\"name\":\"Ger\u00e4teverwaltung im Jeton-Panel | Business-Panel von Jeton\",\"isPartOf\":{\"@id\":\"https:\\\/\\\/jeton.pl\\\/de\\\/#website\"},\"datePublished\":\"2022-02-04T13:30:42+00:00\",\"dateModified\":\"2025-03-27T09:55:31+00:00\",\"description\":\"Ausr\u00fcstung und Entsorgung | Willkommenspanel als Unternehmensleitung innerhalb der externen IT-Abteilung.\",\"breadcrumb\":{\"@id\":\"https:\\\/\\\/jeton.pl\\\/de\\\/outsourcing-management-fuer-freshservice\\\/ausruestung-und-entsorgung\\\/#breadcrumb\"},\"inLanguage\":\"de\",\"potentialAction\":[{\"@type\":\"ReadAction\",\"target\":[\"https:\\\/\\\/jeton.pl\\\/de\\\/outsourcing-management-fuer-freshservice\\\/ausruestung-und-entsorgung\\\/\"]}]},{\"@type\":\"BreadcrumbList\",\"@id\":\"https:\\\/\\\/jeton.pl\\\/de\\\/outsourcing-management-fuer-freshservice\\\/ausruestung-und-entsorgung\\\/#breadcrumb\",\"itemListElement\":[{\"@type\":\"ListItem\",\"position\":1,\"name\":\"Strona g\u0142\u00f3wna\",\"item\":\"https:\\\/\\\/jeton.pl\\\/de\\\/jeton\\\/\"},{\"@type\":\"ListItem\",\"position\":2,\"name\":\"IT-Verwaltung f\u00fcr SupportPAL und Freshservice\",\"item\":\"https:\\\/\\\/jeton.pl\\\/de\\\/outsourcing-management-fuer-freshservice\\\/\"},{\"@type\":\"ListItem\",\"position\":3,\"name\":\"Ausr\u00fcstung und Entsorgung\"}]},{\"@type\":\"WebSite\",\"@id\":\"https:\\\/\\\/jeton.pl\\\/de\\\/#website\",\"url\":\"https:\\\/\\\/jeton.pl\\\/de\\\/\",\"name\":\"Pe\u0142na obs\u0142uga IT dla firm, opieka IT Twojej firmy - Jeton Warszawa\",\"description\":\"Obs\u0142uga informatyczna Bezpiecze\u0144stwo IT Warszawa\",\"publisher\":{\"@id\":\"https:\\\/\\\/jeton.pl\\\/de\\\/#organization\"},\"potentialAction\":[{\"@type\":\"SearchAction\",\"target\":{\"@type\":\"EntryPoint\",\"urlTemplate\":\"https:\\\/\\\/jeton.pl\\\/de\\\/?s={search_term_string}\"},\"query-input\":{\"@type\":\"PropertyValueSpecification\",\"valueRequired\":true,\"valueName\":\"search_term_string\"}}],\"inLanguage\":\"de\"},{\"@type\":\"Organization\",\"@id\":\"https:\\\/\\\/jeton.pl\\\/de\\\/#organization\",\"name\":\"Jeton Cloud Sp. z o.o.\",\"url\":\"https:\\\/\\\/jeton.pl\\\/de\\\/\",\"logo\":{\"@type\":\"ImageObject\",\"inLanguage\":\"de\",\"@id\":\"https:\\\/\\\/jeton.pl\\\/de\\\/#\\\/schema\\\/logo\\\/image\\\/\",\"url\":\"https:\\\/\\\/jeton.pl\\\/wp-content\\\/uploads\\\/2024\\\/04\\\/logo07.png\",\"contentUrl\":\"https:\\\/\\\/jeton.pl\\\/wp-content\\\/uploads\\\/2024\\\/04\\\/logo07.png\",\"width\":2960,\"height\":1036,\"caption\":\"Jeton Cloud Sp. z o.o.\"},\"image\":{\"@id\":\"https:\\\/\\\/jeton.pl\\\/de\\\/#\\\/schema\\\/logo\\\/image\\\/\"},\"sameAs\":[\"https:\\\/\\\/www.facebook.com\\\/JetonOutsourcingInformatyczny\"]}]}<\/script>\n<!-- \/ Yoast SEO Premium plugin. -->","yoast_head_json":{"title":"Ger\u00e4teverwaltung im Jeton-Panel | Business-Panel von Jeton","description":"Ausr\u00fcstung und Entsorgung | Willkommenspanel als Unternehmensleitung innerhalb der externen IT-Abteilung.","robots":{"index":"index","follow":"follow","max-snippet":"max-snippet:-1","max-image-preview":"max-image-preview:large","max-video-preview":"max-video-preview:-1"},"canonical":"https:\/\/jeton.pl\/de\/outsourcing-management-fuer-freshservice\/ausruestung-und-entsorgung\/","og_locale":"de_DE","og_type":"article","og_title":"Ausr\u00fcstung und Entsorgung","og_description":"Ausr\u00fcstung und Entsorgung | Willkommenspanel als Unternehmensleitung innerhalb der externen IT-Abteilung.","og_url":"https:\/\/jeton.pl\/de\/outsourcing-management-fuer-freshservice\/ausruestung-und-entsorgung\/","og_site_name":"Jeton Outsourcing IT Warszawa","article_publisher":"https:\/\/www.facebook.com\/JetonOutsourcingInformatyczny","article_modified_time":"2025-03-27T09:55:31+00:00","twitter_card":"summary_large_image","twitter_misc":{"Gesch\u00e4tzte Lesezeit":"8 Minuten"},"schema":{"@context":"https:\/\/schema.org","@graph":[{"@type":"WebPage","@id":"https:\/\/jeton.pl\/de\/outsourcing-management-fuer-freshservice\/ausruestung-und-entsorgung\/","url":"https:\/\/jeton.pl\/de\/outsourcing-management-fuer-freshservice\/ausruestung-und-entsorgung\/","name":"Ger\u00e4teverwaltung im Jeton-Panel | Business-Panel von Jeton","isPartOf":{"@id":"https:\/\/jeton.pl\/de\/#website"},"datePublished":"2022-02-04T13:30:42+00:00","dateModified":"2025-03-27T09:55:31+00:00","description":"Ausr\u00fcstung und Entsorgung | Willkommenspanel als Unternehmensleitung innerhalb der externen IT-Abteilung.","breadcrumb":{"@id":"https:\/\/jeton.pl\/de\/outsourcing-management-fuer-freshservice\/ausruestung-und-entsorgung\/#breadcrumb"},"inLanguage":"de","potentialAction":[{"@type":"ReadAction","target":["https:\/\/jeton.pl\/de\/outsourcing-management-fuer-freshservice\/ausruestung-und-entsorgung\/"]}]},{"@type":"BreadcrumbList","@id":"https:\/\/jeton.pl\/de\/outsourcing-management-fuer-freshservice\/ausruestung-und-entsorgung\/#breadcrumb","itemListElement":[{"@type":"ListItem","position":1,"name":"Strona g\u0142\u00f3wna","item":"https:\/\/jeton.pl\/de\/jeton\/"},{"@type":"ListItem","position":2,"name":"IT-Verwaltung f\u00fcr SupportPAL und Freshservice","item":"https:\/\/jeton.pl\/de\/outsourcing-management-fuer-freshservice\/"},{"@type":"ListItem","position":3,"name":"Ausr\u00fcstung und Entsorgung"}]},{"@type":"WebSite","@id":"https:\/\/jeton.pl\/de\/#website","url":"https:\/\/jeton.pl\/de\/","name":"Pe\u0142na obs\u0142uga IT dla firm, opieka IT Twojej firmy - Jeton Warszawa","description":"Obs\u0142uga informatyczna Bezpiecze\u0144stwo IT Warszawa","publisher":{"@id":"https:\/\/jeton.pl\/de\/#organization"},"potentialAction":[{"@type":"SearchAction","target":{"@type":"EntryPoint","urlTemplate":"https:\/\/jeton.pl\/de\/?s={search_term_string}"},"query-input":{"@type":"PropertyValueSpecification","valueRequired":true,"valueName":"search_term_string"}}],"inLanguage":"de"},{"@type":"Organization","@id":"https:\/\/jeton.pl\/de\/#organization","name":"Jeton Cloud Sp. z o.o.","url":"https:\/\/jeton.pl\/de\/","logo":{"@type":"ImageObject","inLanguage":"de","@id":"https:\/\/jeton.pl\/de\/#\/schema\/logo\/image\/","url":"https:\/\/jeton.pl\/wp-content\/uploads\/2024\/04\/logo07.png","contentUrl":"https:\/\/jeton.pl\/wp-content\/uploads\/2024\/04\/logo07.png","width":2960,"height":1036,"caption":"Jeton Cloud Sp. z o.o."},"image":{"@id":"https:\/\/jeton.pl\/de\/#\/schema\/logo\/image\/"},"sameAs":["https:\/\/www.facebook.com\/JetonOutsourcingInformatyczny"]}]}},"_links":{"self":[{"href":"https:\/\/jeton.pl\/de\/wp-json\/wp\/v2\/pages\/15578","targetHints":{"allow":["GET"]}}],"collection":[{"href":"https:\/\/jeton.pl\/de\/wp-json\/wp\/v2\/pages"}],"about":[{"href":"https:\/\/jeton.pl\/de\/wp-json\/wp\/v2\/types\/page"}],"author":[{"embeddable":true,"href":"https:\/\/jeton.pl\/de\/wp-json\/wp\/v2\/users\/1"}],"replies":[{"embeddable":true,"href":"https:\/\/jeton.pl\/de\/wp-json\/wp\/v2\/comments?post=15578"}],"version-history":[{"count":0,"href":"https:\/\/jeton.pl\/de\/wp-json\/wp\/v2\/pages\/15578\/revisions"}],"up":[{"embeddable":true,"href":"https:\/\/jeton.pl\/de\/wp-json\/wp\/v2\/pages\/15290"}],"wp:attachment":[{"href":"https:\/\/jeton.pl\/de\/wp-json\/wp\/v2\/media?parent=15578"}],"curies":[{"name":"wp","href":"https:\/\/api.w.org\/{rel}","templated":true}]}}