{"id":15749,"date":"2021-11-19T15:13:05","date_gmt":"2021-11-19T14:13:05","guid":{"rendered":"https:\/\/jeton.pl\/it-outsourcing-fuer-unternehmen-warschau-2\/"},"modified":"2025-03-27T10:56:07","modified_gmt":"2025-03-27T09:56:07","slug":"it-outsourcing-fuer-unternehmen-warschau-2","status":"publish","type":"page","link":"https:\/\/jeton.pl\/de\/it-outsourcing-fuer-unternehmen-warschau-2\/","title":{"rendered":"IT-Outsourcing f\u00fcr Unternehmen Warschau"},"content":{"rendered":"<div class=\"wpb-content-wrapper\"><p>[vc_row full_width=&#8221;stretch_row&#8221; kd_background_image_position=&#8221;vc_row-bg-position-top&#8221; kd_bottom_separator_style=&#8221;waves&#8221; kd_bottom_separator_height=&#8221;separator-height-large&#8221; kd_bottom_separator=&#8221;true&#8221; css=&#8221;.vc_custom_1618810079661{padding-top: 260px !important;padding-bottom: 260px !important;background-image: url(https:\/\/jeton.pl\/wp-content\/uploads\/2021\/03\/headery_4.jpg?id=9758) !important;background-position: center !important;background-repeat: no-repeat !important;background-size: cover !important;}&#8221; el_class=&#8221;intro-section&#8221; css_mobile=&#8221;.vc_custom_1618810079662{padding-top: 100px !important;padding-bottom: 150px !important;}&#8221; css_tablet_portrait=&#8221;.vc_custom_1618810079662{padding-top: 200px !important;padding-bottom: 250px !important;}&#8221;][vc_column][vc_row_inner kd_background_image_position=&#8221;vc_row-bg-position-top&#8221;][vc_column_inner]<header class=\"kd-section-title col-lg-12 text-center  subtitle-below-title kd-animated fadeIn   vc_custom_1637331254127\" data-animation-delay=200><h1 class=\"separator_off\" style=\"color: #ffffff;font-size: 52px;line-height: 68px;margin-bottom:30px;\">IT-Outsourcing f\u00fcr Unternehmen Warschau<\/h1><h6 class=\"subtitle\" style=\"color: rgba(255,255,255,0.8);\">Unser Ziel ist es, dass das IT-Outsourcing f\u00fcr Unternehmen in Warschau auf Erfahrung und einem individuellen Ansatz basiert.<\/h6><\/header><div class=\"scroll-down-wrapper sd-align-center kd-animated fadeInUp  vc_custom_1606153287439\" data-animation-delay=200><a href=\"#first-section\" class=\"scroll-down-arrow btn-smooth-scroll\" style=\"background-color: #ffffff;\" aria-label=\"Scroll down\"><\/a><\/div>[\/vc_column_inner][\/vc_row_inner][\/vc_column][\/vc_row][vc_row kd_background_image_position=&#8221;vc_row-bg-position-top&#8221; css=&#8221;.vc_custom_1606153293701{margin-bottom: 0px !important;padding-top: 100px !important;}&#8221; el_id=&#8221;erster Abschnitt&#8221;][vc_column css=&#8221;.vc_custom_1597839056189{padding-right: 0px !important;padding-left: 0px !important;}&#8221;]<header class=\"kd-section-title col-lg-12 text-center  subtitle-above-title kd-animated fadeIn   vc_custom_1637331299899\" data-animation-delay=200><h2 class=\"separator_off\" style=\"color: #0088ce;\">IT-Outsourcing f\u00fcr Unternehmen Warschau ist die perfekte L\u00f6sung f\u00fcr Unternehmen, die sich online sicher f\u00fchlen wollen.<\/h2><\/header>[\/vc_column][\/vc_row][vc_row full_width=&#8221;stretch_row&#8221; kd_background_image_position=&#8221;vc_row-bg-position-top&#8221; css=&#8221;.vc_custom_1614933374157{padding-top: 0px !important;padding-bottom: 100px !important;}&#8221;][vc_column width=&#8221;1\/2&#8243; offset=&#8221;vc_hidden-lg vc_hidden-md&#8221; css_mobile=&#8221;.vc_custom_1616594824361{padding-bottom: 50px !important;}&#8221;][vc_single_image image=&#8221;9762&#8243; img_size=&#8221;full&#8221; css_animation=&#8221;right-to-left&#8221;][\/vc_column][vc_column width=&#8221;1\/2&#8243; offset=&#8221;vc_hidden-lg vc_hidden-md&#8221; css_mobile=&#8221;.vc_custom_1616594909825{margin-bottom: -100px !important;}&#8221;][vc_row_inner kd_background_image_position=&#8221;vc_row-bg-position-top&#8221;][vc_column_inner]<header class=\"kd-section-title col-lg-12 text-left  subtitle-below-title   \" ><h2 class=\"separator_off\" >Das, was kompliziert ist,<br \/>\n sollte an Subunternehmer vergeben werden<\/h2><h6 class=\"subtitle\" >Heute gab es einen Fehler, eine \u00dcberweisung wurde von einem Hacker gestohlen<br \/>\n Kann ein schwerwiegender Fehler im Kundendienst Sie gef\u00e4hrden?<br \/>\n Unternehmen einem enormen Risiko ausgesetzt.<\/p>\n<p>Das Internet erleichtert die Gewinnsteigerung, bringt aber auch<br \/>\n neue Bedrohungen. Die Eind\u00e4mmung dieser Risiken erfordert<br \/>\n 24\/7-\u00dcberwachung und schnelle Interventionen<br \/>\n eine Person, die in einer Sekunde erkennt, was zu tun ist<br \/>\n zu tun und wird diese Aktionen ohne einen einzigen Fehler ausf\u00fchren. <\/h6><\/header>[\/vc_column_inner][\/vc_row_inner][\/vc_column][\/vc_row][vc_row full_width=&#8221;stretch_row&#8221; kd_background_image_position=&#8221;vc_row-bg-position-top&#8221; css=&#8221;.vc_custom_1614933374157{padding-top: 0px !important;padding-bottom: 100px !important;}&#8221;][vc_column width=&#8221;1\/2&#8243; offset=&#8221;vc_hidden-sm vc_hidden-xs&#8221;][vc_row_inner kd_background_image_position=&#8221;vc_row-bg-position-top&#8221;][vc_column_inner]<header class=\"kd-section-title col-lg-12 text-left  subtitle-below-title   \" ><h2 class=\"separator_off\" >Das, was kompliziert ist,<br \/>\n sollte an Subunternehmer vergeben werden<\/h2><h6 class=\"subtitle\" >Sie fragen sich, ob IT-Outsourcing f\u00fcr Unternehmen in der Stadt Warschau eine gute L\u00f6sung ist?<br \/>\nHeutzutage kann ein einziger Ausfall, eine gehackte \u00dcbertragung<br \/>\noder ein kritischer Fehler im Kundendienst<br \/>\nenormen Risiken aussetzen.<\/p>\n<p>Das Internet erleichtert die Skalierung der Gewinne, aber es bringt auch<br \/>\nneue Risiken mit sich. Die Eind\u00e4mmung dieser Risiken erfordert<br \/>\neine \u00dcberwachung rund um die Uhr und das schnelle Eingreifen<br \/>\neiner Person, die in einer Sekunde wei\u00df, was zu<br \/>\ntun ist, und diese Handlungen ohne einen einzigen Fehler ausf\u00fchrt.<br \/>\nIT-Outsourcing f\u00fcr Unternehmen Warschau bringt Ihr Unternehmen in die Zukunft und gew\u00e4hrleistet vor allem Sicherheit. Sorgen Sie f\u00fcr das Potenzial Ihres Unternehmens, indem Sie ein externes Unternehmen beauftragen.  <\/h6><\/header>[\/vc_column_inner][\/vc_row_inner][\/vc_column][vc_column width=&#8221;1\/2&#8243; offset=&#8221;vc_hidden-sm vc_hidden-xs&#8221;][vc_single_image image=&#8221;10588&#8243; img_size=&#8221;large&#8221; css_animation=&#8221;right-to-left&#8221;][\/vc_column][\/vc_row][vc_row full_width=&#8221;stretch_row&#8221; kd_background_image_position=&#8221;vc_row-bg-position-top&#8221; css=&#8221;.vc_custom_1614933374157{padding-top: 0px !important;padding-bottom: 100px !important;}&#8221;][vc_column width=&#8221;1\/2&#8243; css_mobile=&#8221;.vc_custom_1616595107570{padding-bottom: 50px !important;}&#8221;][vc_single_image image=&#8221;10589&#8243; img_size=&#8221;large&#8221; css_animation=&#8221;right-to-left&#8221;][\/vc_column][vc_column width=&#8221;1\/2&#8243;][vc_row_inner kd_background_image_position=&#8221;vc_row-bg-position-top&#8221;][vc_column_inner]<header class=\"kd-section-title col-lg-12 text-left  subtitle-below-title   \" ><h6 class=\"subtitle\" >Es reicht nicht mehr aus, dass ein &quot;IT-Mitarbeiter&quot; gelegentlich in Ihren Computer<br \/>\nschaut oder Ihr E-Mail-Passwort zur\u00fccksetzt.<\/p>\n<p>Das Internet ist heute eine reale, keine virtuelle<br \/>\nRealit\u00e4t, und es bringt sehr reale Ertr\u00e4ge.<\/p>\n<p>Deshalb ist es so wichtig, dass Ihr Unternehmen<br \/>\nsich darin sicher f\u00fchlen kann und in jeder unsicheren<br \/>\nSituation sofort wei\u00df, wen es anrufen muss.<\/p>\n<p>So wie Sie ein Experte auf Ihrem Gebiet sind,<br \/>\nso ist Jeton ein Experte darin,<br \/>\ndie IT-Probleme der Kunden auf die bekannteste Art und Weise<br \/>\nzu l\u00f6sen - indem man sie nicht erscheinen l\u00e4sst.<\/h6><\/header>[\/vc_column_inner][\/vc_row_inner][\/vc_column][\/vc_row][vc_row full_width=&#8221;stretch_row&#8221; kd_background_image_position=&#8221;vc_row-bg-position-top&#8221; css=&#8221;.vc_custom_1616595061205{padding-top: 0px !important;padding-bottom: 100px !important;}&#8221; css_mobile=&#8221;.vc_custom_1616595061206{margin-top: -50px !important;}&#8221;][vc_column width=&#8221;1\/2&#8243; offset=&#8221;vc_hidden-lg vc_hidden-md&#8221; css_mobile=&#8221;.vc_custom_1616594968820{padding-bottom: 50px !important;}&#8221;][vc_single_image image=&#8221;9761&#8243; img_size=&#8221;full&#8221; css_animation=&#8221;left-to-right&#8221;][\/vc_column][vc_column width=&#8221;1\/2&#8243; offset=&#8221;vc_hidden-lg vc_hidden-md&#8221; css_mobile=&#8221;.vc_custom_1616595305805{margin-bottom: -150px !important;}&#8221;]<header class=\"kd-section-title col-lg-12 text-left  subtitle-below-title   \" ><h2 class=\"separator_off\" >Outsourcing Jeton = Sie denken nicht an IT<\/h2><h6 class=\"subtitle\" >Der wichtigste Vorteil, den Sie durch das Outsourcing der IT erzielen, ist:<br \/>\n es ist Freiraum \u2013 im Tagesablauf und im eigenen Kopf.<br \/>\n Sie denken nicht an IT, Computer, Ausf\u00e4lle, Viren, Kabel,<br \/>\n denn Sie wissen, dass wir uns um alles gek\u00fcmmert haben.<\/p>\n<p>Indem Sie die gesamte IT an Spezialisten delegieren, konzentrieren Sie sich auf das, was<br \/>\n Worin sind Sie Experte \u2013 in Ihrem eigenen Gesch\u00e4ft.<br \/>\n Sie planen die Zukunft Ihres Unternehmens und wir sorgen daf\u00fcr, dass die IT Ihnen dabei nicht im Weg steht.<\/p>\n<p>Computer friert ein? Sie rufen an.<br \/>\n Erhalten Sie Firmen-E-Mails zur\u00fcck? Sie rufen an.<br \/>\n Suchen Sie nach einer M\u00f6glichkeit, Ihre Kunden besser zu bedienen?<br \/>\n Sie rufen an und wir teilen all unsere Erfahrungen und unser Wissen mit Ihnen.  <\/h6><\/header>[\/vc_column][\/vc_row][vc_row full_width=&#8221;stretch_row&#8221; kd_background_image_position=&#8221;vc_row-bg-position-top&#8221; css=&#8221;.vc_custom_1614933374157{padding-top: 0px !important;padding-bottom: 100px !important;}&#8221;][vc_column width=&#8221;1\/2&#8243; offset=&#8221;vc_hidden-sm vc_hidden-xs&#8221;]<header class=\"kd-section-title col-lg-12 text-left  subtitle-below-title   \" ><h2 class=\"separator_off\" >IT-Outsourcing f\u00fcr Unternehmen in Warschau? Es gibt keine bessere Option! <\/h2><h6 class=\"subtitle\" >Wenn Sie die Fragen in Bezug auf Ihr Unternehmen noch nicht beantwortet haben, denken Sie daran, dass diese entscheidend sind. Wo sehen Sie Ihr Unternehmen in 5 Jahren? Haben Sie bereits eine klar definierte Unternehmensstrategie? Mit welchen Herausforderungen oder Problemen sind Sie konfrontiert?    K\u00fcmmern Sie sich um die Zukunft Ihres Unternehmens, ohne an die IT zu denken. IT-Outsourcing in Warschau durch Jeton bedeutet, dass Sie sicher sein k\u00f6nnen, dass Sie Ihre Unternehmensdaten den besten Spezialisten anvertrauen. <\/h6><\/header>[\/vc_column][vc_column width=&#8221;1\/2&#8243; offset=&#8221;vc_hidden-sm vc_hidden-xs&#8221;][vc_single_image image=&#8221;10590&#8243; img_size=&#8221;large&#8221; css_animation=&#8221;left-to-right&#8221;][\/vc_column][\/vc_row][vc_row full_width=&#8221;stretch_row&#8221; kd_background_image_position=&#8221;vc_row-bg-position-top&#8221; css=&#8221;.vc_custom_1616595166589{padding-top: 0px !important;padding-bottom: 100px !important;}&#8221; css_mobile=&#8221;.vc_custom_1616595166590{padding-bottom: 0px !important;}&#8221;][vc_column]<header class=\"kd-section-title col-lg-12 text-center  subtitle-below-title   \" ><h3 class=\"separator_off\" style=\"color: #0088ce;\">Wen rufen Sie an, wenn mit Ihrem Computer etwas Seltsames passiert?<br \/>\nJetzt wissen Sie es.<\/h3><\/header>[\/vc_column][\/vc_row][vc_row full_width=&#8221;stretch_row&#8221; kd_background_image_position=&#8221;vc_row-bg-position-top&#8221; css=&#8221;.vc_custom_1616595948474{padding-top: 0px !important;padding-bottom: 100px !important;}&#8221; css_mobile=&#8221;.vc_custom_1616595948475{margin-bottom: -50px !important;}&#8221;][vc_column width=&#8221;1\/2&#8243; css_mobile=&#8221;.vc_custom_1616595920274{padding-bottom: 50px !important;}&#8221;][vc_single_image image=&#8221;10591&#8243; img_size=&#8221;large&#8221; css_animation=&#8221;right-to-left&#8221;][vc_column_text][\/vc_column_text][\/vc_column][vc_column width=&#8221;1\/2&#8243;]<header class=\"kd-section-title col-lg-12 text-left  subtitle-below-title   \" ><h2 class=\"separator_off\" >IT-Outsourcing bei Jeton bedeutet<\/h2><\/header><ul class=\"kd-icon-list kd-animated fadeInUp\" data-animation-delay=400><li class=\"kd-icon-list-item\"><div class=\"kd-icon-wrapper icon-simple\" ><i class=\"fas fa-caret-right\" style=\"color: #0088ce;\"><\/i><\/div><span class=\"kd-list-text\" >pe\u0142na obs\u0142uga ca\u0142ej informatyki w firmie<\/span><\/li><li class=\"kd-icon-list-item\"><div class=\"kd-icon-wrapper icon-simple\" ><i class=\"fas fa-caret-right\" style=\"color: #0088ce;\"><\/i><\/div><span class=\"kd-list-text\" >dost\u0119p do do\u015bwiadczonych ekspert\u00f3w z wielu dziedzin<\/span><\/li><li class=\"kd-icon-list-item\"><div class=\"kd-icon-wrapper icon-simple\" ><i class=\"fas fa-caret-right\" style=\"color: #0088ce;\"><\/i><\/div><span class=\"kd-list-text\" >nadz\u00f3r nad bezpiecze\u0144stwem (cybersecurity)<\/span><\/li><li class=\"kd-icon-list-item\"><div class=\"kd-icon-wrapper icon-simple\" ><i class=\"fas fa-caret-right\" style=\"color: #0088ce;\"><\/i><\/div><span class=\"kd-list-text\" >wdro\u017cenia, instalacja i konfiguracja sprz\u0119tu na miejscu u klienta<\/span><\/li><li class=\"kd-icon-list-item\"><div class=\"kd-icon-wrapper icon-simple\" ><i class=\"fas fa-caret-right\" style=\"color: #0088ce;\"><\/i><\/div><span class=\"kd-list-text\" >doradztwo przy zakupach i zmianach w firmowym IT<br \/>\n(nowe stanowiska pracy, proceduty itp.)<\/span><\/li><li class=\"kd-icon-list-item\"><div class=\"kd-icon-wrapper icon-simple\" ><i class=\"fas fa-caret-right\" style=\"color: #0088ce;\"><\/i><\/div><span class=\"kd-list-text\" >serwis, naprawy i rozwi\u0105zywanie problem\u00f3w<\/span><\/li><li class=\"kd-icon-list-item\"><div class=\"kd-icon-wrapper icon-simple\" ><i class=\"fas fa-caret-right\" style=\"color: #0088ce;\"><\/i><\/div><span class=\"kd-list-text\" >pomoc techniczna (helpdesk) dla pracownik\u00f3w<\/span><\/li><li class=\"kd-icon-list-item\"><div class=\"kd-icon-wrapper icon-simple\" ><i class=\"fas fa-caret-right\" style=\"color: #0088ce;\"><\/i><\/div><span class=\"kd-list-text\" >regularne audyty i testy<\/span><\/li><li class=\"kd-icon-list-item\"><div class=\"kd-icon-wrapper icon-simple\" ><i class=\"fas fa-caret-right\" style=\"color: #0088ce;\"><\/i><\/div><span class=\"kd-list-text\" >szybsze znajdowanie rozwi\u0105za\u0144 dzi\u0119ki specjalizacji naszych pracownik\u00f3w (wy\u015blemy do Ciebie osob\u0119 zajmuj\u0105c\u0105 si\u0119 dok\u0142adnie tym problemem, z kt\u00f3rym si\u0119 spotka\u0142e\u015b)<\/span><\/li><li class=\"kd-icon-list-item\"><div class=\"kd-icon-wrapper icon-simple\" ><i class=\"fas fa-caret-right\" style=\"color: #0088ce;\"><\/i><\/div><span class=\"kd-list-text\" >optymalizacja koszt\u00f3w (p\u0142acisz tylko za to, z czego skorzystasz,<br \/>\nzamiast op\u0142aca\u0107 jednego informatyka na etacie<\/span><\/li><li class=\"kd-icon-list-item\"><div class=\"kd-icon-wrapper icon-simple\" ><i class=\"fas fa-caret-right\" style=\"color: #0088ce;\"><\/i><\/div><span class=\"kd-list-text\" >ca\u0142a informatyka pod jednym telefonem<\/span><\/li><\/ul>[\/vc_column][\/vc_row][vc_row full_width=&#8221;stretch_row&#8221; kd_background_image_position=&#8221;vc_row-bg-position-top&#8221; kd_bottom_separator_style=&#8221;static-waves&#8221; kd_bottom_separator_height=&#8221;separator-height-medium&#8221; kd_bottom_separator=&#8221;true&#8221; css=&#8221;.vc_custom_1615119039585{padding-bottom: 180px !important;}&#8221; css_tablet_landscape=&#8221;.vc_custom_1615119039585{padding-bottom: 250px !important;}&#8221; css_tablet_portrait=&#8221;.vc_custom_1615119039586{padding-top: 100px !important;padding-bottom: 140px !important;}&#8221; css_mobile=&#8221;.vc_custom_1615119039586{padding-top: 100px !important;padding-bottom: 100px !important;}&#8221; kd_bottom_separator_bg=&#8221;#ebf5ff&#8221;][vc_column][vc_row_inner kd_background_image_position=&#8221;vc_row-bg-position-top&#8221;][vc_column_inner]<header class=\"kd-section-title col-lg-12 text-center  subtitle-below-title kd-animated fadeIn  \" data-animation-delay=200><h2 class=\"separator_off\" >Niemand ber\u00fchrt etwas, worin er nicht der Beste ist.<\/h2><h6 class=\"subtitle\" >Im Unternehmen sollen ausschlie\u00dflich Fachkr\u00e4fte arbeiten. Hier liegt die Macht des Outsourcings. <\/h6><\/header>[vc_empty_space height=&#8221;55px&#8221;]<header class=\"kd-section-title col-lg-12 text-center  subtitle-below-title kd-animated fadeIn   vc_custom_1637331811340\" data-animation-delay=200><h6 class=\"subtitle\" >Sind Sie auf der Suche nach dem richtigen IT-Outsourcing f\u00fcr Unternehmen in Warschau? Wenden Sie sich bitte an uns. Wir helfen Ihnen bei der L\u00f6sung Ihres Problems und beraten Sie bei der Auswahl der besten L\u00f6sung.  <\/h6><\/header><a   class=\"tt_button tt_primary_button btn_primary_color  button-center panel-trigger-btn   kd-animated zoomIn add-margin-right\" data-animation-delay=200><span class=\"prim_text\">IT-Outsourcing f\u00fcr Unternehmen Warschau<\/span><\/a>[\/vc_column_inner][\/vc_row_inner][\/vc_column][\/vc_row]<\/p>\n<\/div>","protected":false},"excerpt":{"rendered":"<p>[vc_row full_width=&#8221;stretch_row&#8221; kd_background_image_position=&#8221;vc_row-bg-position-top&#8221; kd_bottom_separator_style=&#8221;waves&#8221; kd_bottom_separator_height=&#8221;separator-height-large&#8221; kd_bottom_separator=&#8221;true&#8221; css=&#8221;.vc_custom_1618810079661{padding-top: 260px !important;padding-bottom: 260px !important;background-image: url(https:\/\/jeton.pl\/wp-content\/uploads\/2021\/03\/headery_4.jpg?id=9758) !important;background-position: center !important;background-repeat: no-repeat !important;background-size: cover !important;}&#8221; el_class=&#8221;intro-section&#8221; [&hellip;]<\/p>\n","protected":false},"author":1,"featured_media":0,"parent":0,"menu_order":0,"comment_status":"closed","ping_status":"closed","template":"","meta":{"_eb_attr":"","_monsterinsights_skip_tracking":false,"_monsterinsights_sitenote_active":false,"_monsterinsights_sitenote_note":"","_monsterinsights_sitenote_category":0,"footnotes":""},"class_list":["post-15749","page","type-page","status-publish","hentry"],"yoast_head":"<!-- This site is optimized with the Yoast SEO Premium plugin v26.8 (Yoast SEO v27.3) - https:\/\/yoast.com\/product\/yoast-seo-premium-wordpress\/ -->\n<title>IT-Outsourcing Warschau<\/title>\n<meta name=\"description\" content=\"Die Vorteile des IT-Outsourcing Warschau liegen vor allem in der Entlastung Ihres Unternehmens im Bereich der IT-Ausstattung. Vertrauen Sie unserer Erfahrung.\" \/>\n<meta name=\"robots\" content=\"index, follow, max-snippet:-1, max-image-preview:large, max-video-preview:-1\" \/>\n<link rel=\"canonical\" href=\"https:\/\/jeton.pl\/de\/it-outsourcing-fuer-unternehmen-warschau-2\/\" \/>\n<meta property=\"og:locale\" content=\"de_DE\" \/>\n<meta property=\"og:type\" content=\"article\" \/>\n<meta property=\"og:title\" content=\"IT-Outsourcing f\u00fcr Unternehmen Warschau\" \/>\n<meta property=\"og:description\" content=\"Die Vorteile des IT-Outsourcing Warschau liegen vor allem in der Entlastung Ihres Unternehmens im Bereich der IT-Ausstattung. Vertrauen Sie unserer Erfahrung.\" \/>\n<meta property=\"og:url\" content=\"https:\/\/jeton.pl\/de\/it-outsourcing-fuer-unternehmen-warschau-2\/\" \/>\n<meta property=\"og:site_name\" content=\"Jeton Outsourcing IT Warszawa\" \/>\n<meta property=\"article:publisher\" content=\"https:\/\/www.facebook.com\/JetonOutsourcingInformatyczny\" \/>\n<meta property=\"article:modified_time\" content=\"2025-03-27T09:56:07+00:00\" \/>\n<meta name=\"twitter:card\" content=\"summary_large_image\" \/>\n<meta name=\"twitter:label1\" content=\"Gesch\u00e4tzte Lesezeit\" \/>\n\t<meta name=\"twitter:data1\" content=\"11 Minuten\" \/>\n<script type=\"application\/ld+json\" class=\"yoast-schema-graph\">{\"@context\":\"https:\\\/\\\/schema.org\",\"@graph\":[{\"@type\":\"WebPage\",\"@id\":\"https:\\\/\\\/jeton.pl\\\/de\\\/it-outsourcing-fuer-unternehmen-warschau-2\\\/\",\"url\":\"https:\\\/\\\/jeton.pl\\\/de\\\/it-outsourcing-fuer-unternehmen-warschau-2\\\/\",\"name\":\"IT-Outsourcing Warschau\",\"isPartOf\":{\"@id\":\"https:\\\/\\\/jeton.pl\\\/de\\\/#website\"},\"datePublished\":\"2021-11-19T14:13:05+00:00\",\"dateModified\":\"2025-03-27T09:56:07+00:00\",\"description\":\"Die Vorteile des IT-Outsourcing Warschau liegen vor allem in der Entlastung Ihres Unternehmens im Bereich der IT-Ausstattung. Vertrauen Sie unserer Erfahrung.\",\"breadcrumb\":{\"@id\":\"https:\\\/\\\/jeton.pl\\\/de\\\/it-outsourcing-fuer-unternehmen-warschau-2\\\/#breadcrumb\"},\"inLanguage\":\"de\",\"potentialAction\":[{\"@type\":\"ReadAction\",\"target\":[\"https:\\\/\\\/jeton.pl\\\/de\\\/it-outsourcing-fuer-unternehmen-warschau-2\\\/\"]}]},{\"@type\":\"BreadcrumbList\",\"@id\":\"https:\\\/\\\/jeton.pl\\\/de\\\/it-outsourcing-fuer-unternehmen-warschau-2\\\/#breadcrumb\",\"itemListElement\":[{\"@type\":\"ListItem\",\"position\":1,\"name\":\"Strona g\u0142\u00f3wna\",\"item\":\"https:\\\/\\\/jeton.pl\\\/de\\\/jeton\\\/\"},{\"@type\":\"ListItem\",\"position\":2,\"name\":\"IT-Outsourcing f\u00fcr Unternehmen Warschau\"}]},{\"@type\":\"WebSite\",\"@id\":\"https:\\\/\\\/jeton.pl\\\/de\\\/#website\",\"url\":\"https:\\\/\\\/jeton.pl\\\/de\\\/\",\"name\":\"Pe\u0142na obs\u0142uga IT dla firm, opieka IT Twojej firmy - Jeton Warszawa\",\"description\":\"Obs\u0142uga informatyczna Bezpiecze\u0144stwo IT Warszawa\",\"publisher\":{\"@id\":\"https:\\\/\\\/jeton.pl\\\/de\\\/#organization\"},\"potentialAction\":[{\"@type\":\"SearchAction\",\"target\":{\"@type\":\"EntryPoint\",\"urlTemplate\":\"https:\\\/\\\/jeton.pl\\\/de\\\/?s={search_term_string}\"},\"query-input\":{\"@type\":\"PropertyValueSpecification\",\"valueRequired\":true,\"valueName\":\"search_term_string\"}}],\"inLanguage\":\"de\"},{\"@type\":\"Organization\",\"@id\":\"https:\\\/\\\/jeton.pl\\\/de\\\/#organization\",\"name\":\"Jeton Cloud Sp. z o.o.\",\"url\":\"https:\\\/\\\/jeton.pl\\\/de\\\/\",\"logo\":{\"@type\":\"ImageObject\",\"inLanguage\":\"de\",\"@id\":\"https:\\\/\\\/jeton.pl\\\/de\\\/#\\\/schema\\\/logo\\\/image\\\/\",\"url\":\"https:\\\/\\\/jeton.pl\\\/wp-content\\\/uploads\\\/2024\\\/04\\\/logo07.png\",\"contentUrl\":\"https:\\\/\\\/jeton.pl\\\/wp-content\\\/uploads\\\/2024\\\/04\\\/logo07.png\",\"width\":2960,\"height\":1036,\"caption\":\"Jeton Cloud Sp. z o.o.\"},\"image\":{\"@id\":\"https:\\\/\\\/jeton.pl\\\/de\\\/#\\\/schema\\\/logo\\\/image\\\/\"},\"sameAs\":[\"https:\\\/\\\/www.facebook.com\\\/JetonOutsourcingInformatyczny\"]}]}<\/script>\n<!-- \/ Yoast SEO Premium plugin. -->","yoast_head_json":{"title":"IT-Outsourcing Warschau","description":"Die Vorteile des IT-Outsourcing Warschau liegen vor allem in der Entlastung Ihres Unternehmens im Bereich der IT-Ausstattung. Vertrauen Sie unserer Erfahrung.","robots":{"index":"index","follow":"follow","max-snippet":"max-snippet:-1","max-image-preview":"max-image-preview:large","max-video-preview":"max-video-preview:-1"},"canonical":"https:\/\/jeton.pl\/de\/it-outsourcing-fuer-unternehmen-warschau-2\/","og_locale":"de_DE","og_type":"article","og_title":"IT-Outsourcing f\u00fcr Unternehmen Warschau","og_description":"Die Vorteile des IT-Outsourcing Warschau liegen vor allem in der Entlastung Ihres Unternehmens im Bereich der IT-Ausstattung. Vertrauen Sie unserer Erfahrung.","og_url":"https:\/\/jeton.pl\/de\/it-outsourcing-fuer-unternehmen-warschau-2\/","og_site_name":"Jeton Outsourcing IT Warszawa","article_publisher":"https:\/\/www.facebook.com\/JetonOutsourcingInformatyczny","article_modified_time":"2025-03-27T09:56:07+00:00","twitter_card":"summary_large_image","twitter_misc":{"Gesch\u00e4tzte Lesezeit":"11 Minuten"},"schema":{"@context":"https:\/\/schema.org","@graph":[{"@type":"WebPage","@id":"https:\/\/jeton.pl\/de\/it-outsourcing-fuer-unternehmen-warschau-2\/","url":"https:\/\/jeton.pl\/de\/it-outsourcing-fuer-unternehmen-warschau-2\/","name":"IT-Outsourcing Warschau","isPartOf":{"@id":"https:\/\/jeton.pl\/de\/#website"},"datePublished":"2021-11-19T14:13:05+00:00","dateModified":"2025-03-27T09:56:07+00:00","description":"Die Vorteile des IT-Outsourcing Warschau liegen vor allem in der Entlastung Ihres Unternehmens im Bereich der IT-Ausstattung. Vertrauen Sie unserer Erfahrung.","breadcrumb":{"@id":"https:\/\/jeton.pl\/de\/it-outsourcing-fuer-unternehmen-warschau-2\/#breadcrumb"},"inLanguage":"de","potentialAction":[{"@type":"ReadAction","target":["https:\/\/jeton.pl\/de\/it-outsourcing-fuer-unternehmen-warschau-2\/"]}]},{"@type":"BreadcrumbList","@id":"https:\/\/jeton.pl\/de\/it-outsourcing-fuer-unternehmen-warschau-2\/#breadcrumb","itemListElement":[{"@type":"ListItem","position":1,"name":"Strona g\u0142\u00f3wna","item":"https:\/\/jeton.pl\/de\/jeton\/"},{"@type":"ListItem","position":2,"name":"IT-Outsourcing f\u00fcr Unternehmen Warschau"}]},{"@type":"WebSite","@id":"https:\/\/jeton.pl\/de\/#website","url":"https:\/\/jeton.pl\/de\/","name":"Pe\u0142na obs\u0142uga IT dla firm, opieka IT Twojej firmy - Jeton Warszawa","description":"Obs\u0142uga informatyczna Bezpiecze\u0144stwo IT Warszawa","publisher":{"@id":"https:\/\/jeton.pl\/de\/#organization"},"potentialAction":[{"@type":"SearchAction","target":{"@type":"EntryPoint","urlTemplate":"https:\/\/jeton.pl\/de\/?s={search_term_string}"},"query-input":{"@type":"PropertyValueSpecification","valueRequired":true,"valueName":"search_term_string"}}],"inLanguage":"de"},{"@type":"Organization","@id":"https:\/\/jeton.pl\/de\/#organization","name":"Jeton Cloud Sp. z o.o.","url":"https:\/\/jeton.pl\/de\/","logo":{"@type":"ImageObject","inLanguage":"de","@id":"https:\/\/jeton.pl\/de\/#\/schema\/logo\/image\/","url":"https:\/\/jeton.pl\/wp-content\/uploads\/2024\/04\/logo07.png","contentUrl":"https:\/\/jeton.pl\/wp-content\/uploads\/2024\/04\/logo07.png","width":2960,"height":1036,"caption":"Jeton Cloud Sp. z o.o."},"image":{"@id":"https:\/\/jeton.pl\/de\/#\/schema\/logo\/image\/"},"sameAs":["https:\/\/www.facebook.com\/JetonOutsourcingInformatyczny"]}]}},"_links":{"self":[{"href":"https:\/\/jeton.pl\/de\/wp-json\/wp\/v2\/pages\/15749","targetHints":{"allow":["GET"]}}],"collection":[{"href":"https:\/\/jeton.pl\/de\/wp-json\/wp\/v2\/pages"}],"about":[{"href":"https:\/\/jeton.pl\/de\/wp-json\/wp\/v2\/types\/page"}],"author":[{"embeddable":true,"href":"https:\/\/jeton.pl\/de\/wp-json\/wp\/v2\/users\/1"}],"replies":[{"embeddable":true,"href":"https:\/\/jeton.pl\/de\/wp-json\/wp\/v2\/comments?post=15749"}],"version-history":[{"count":0,"href":"https:\/\/jeton.pl\/de\/wp-json\/wp\/v2\/pages\/15749\/revisions"}],"wp:attachment":[{"href":"https:\/\/jeton.pl\/de\/wp-json\/wp\/v2\/media?parent=15749"}],"curies":[{"name":"wp","href":"https:\/\/api.w.org\/{rel}","templated":true}]}}