{"id":15421,"date":"2023-05-30T14:21:21","date_gmt":"2023-05-30T12:21:21","guid":{"rendered":"https:\/\/jeton.pl\/offer\/desk-reservations\/"},"modified":"2025-03-27T10:52:05","modified_gmt":"2025-03-27T09:52:05","slug":"desk-reservations","status":"publish","type":"page","link":"https:\/\/jeton.pl\/en\/offer\/desk-reservations\/","title":{"rendered":"Desk reservations"},"content":{"rendered":"<div class=\"wpb-content-wrapper\"><p>[vc_row full_width=&#8221;stretch_row&#8221; kd_background_image_position=&#8221;vc_row-bg-position-top&#8221; kd_bottom_separator_style=&#8221;waves&#8221; kd_bottom_separator_height=&#8221;separator-height-large&#8221; kd_bottom_separator=&#8221;true&#8221; css=&#8221;.vc_custom_1685449279088{padding-top: 260px !important;padding-bottom: 260px !important;background-image: url(https:\/\/jeton.pl\/wp-content\/uploads\/2023\/05\/header_ph.jpg?id=11158) !important;background-position: center !important;background-repeat: no-repeat !important;background-size: cover !important;}&#8221; el_class=&#8221;intro-section&#8221; css_mobile=&#8221;.vc_custom_1685449279089{padding-top: 100px !important;padding-bottom: 150px !important;}&#8221; css_tablet_portrait=&#8221;.vc_custom_1685449279088{padding-top: 200px !important;padding-bottom: 250px !important;}&#8221;][vc_column][vc_row_inner kd_background_image_position=&#8221;vc_row-bg-position-top&#8221;][vc_column_inner]<header class=\"kd-section-title col-lg-12 text-center  subtitle-below-title kd-animated fadeIn   vc_custom_1712932748573\" data-animation-delay=200><h1 class=\"separator_off\" style=\"color: #ffffff;font-size: 52px;line-height: 68px;margin-bottom:30px;\">Manage office overcrowding effortlessly<\/h1><h6 class=\"subtitle\" style=\"color: rgba(255,255,255,0.8);\">Optimize office space: smart workspace and parking reservations for growing teams.<\/h6><\/header><div class=\"scroll-down-wrapper sd-align-center kd-animated fadeInUp  vc_custom_1606153287439\" data-animation-delay=200><a href=\"#first-section\" class=\"scroll-down-arrow btn-smooth-scroll\" style=\"background-color: #ffffff;\" aria-label=\"Scroll down\"><\/a><\/div>[\/vc_column_inner][\/vc_row_inner][\/vc_column][\/vc_row][vc_row kd_background_image_position=&#8221;vc_row-bg-position-top&#8221; css=&#8221;.vc_custom_1606153293701{margin-bottom: 0px !important;padding-top: 100px !important;}&#8221; el_id=&#8221;first section&#8221;][vc_column css=&#8221;.vc_custom_1597839056189{padding-right: 0px !important;padding-left: 0px !important;}&#8221;][\/vc_column][\/vc_row][vc_row full_width=&#8221;stretch_row&#8221; kd_background_image_position=&#8221;vc_row-bg-position-top&#8221; css=&#8221;.vc_custom_1614933374157{padding-top: 0px !important;padding-bottom: 100px !important;}&#8221;][vc_column width=&#8221;1\/2&#8243; css=&#8221;.vc_custom_1616160402111{padding-top: 100px !important;}&#8221;][vc_row_inner kd_background_image_position=&#8221;vc_row-bg-position-top&#8221; css=&#8221;.vc_custom_1616142167168{padding-top: 0px !important;}&#8221;][vc_column_inner]<header class=\"kd-section-title col-lg-12 text-left  subtitle-below-title   \" ><h2 class=\"separator_off\" >Seat reservation system in the office and parking lot<\/h2><h6 class=\"subtitle\" >With a system for reserving desks and parking spaces and monitoring employee attendance, office space can be managed more efficiently. An overbooking function for shared spaces allows for optimal use of available resources. Employees have the ability to mark their availability online, making it easy to quickly search for other team members and check their availability.  <\/p>\n<p>Managers have the ability to plan offices and set up desks according to the needs of the company and employees.<\/p>\n<p>Our system is easy to use and tailored to the needs of modern companies that rely on a hybrid form of work.<\/h6><\/header>[\/vc_column_inner][\/vc_row_inner][\/vc_column][vc_column width=&#8221;1\/2&#8243; css=&#8221;.vc_custom_1679996535788{padding-top: 120px !important;}&#8221;][vc_single_image image=&#8221;12459&#8243; img_size=&#8221;full&#8221; css_animation=&#8221;right-to-left&#8221;][\/vc_column][\/vc_row][vc_row full_width=&#8221;stretch_row&#8221; kd_background_image_position=&#8221;vc_row-bg-position-top&#8221; css=&#8221;.vc_custom_1614933374157{padding-top: 0px !important;padding-bottom: 100px !important;}&#8221;][vc_column width=&#8221;1\/2&#8243; offset=&#8221;vc_hidden-lg vc_hidden-md&#8221;]<header class=\"kd-section-title col-lg-12 text-left  subtitle-below-title   \" ><h2 class=\"separator_off\" >Office planning and reservation system has never been so intuitive<\/h2><h6 class=\"subtitle\" >The system also allows data synchronization with an external system and desk reservations on the office plan. Managers have the ability to plan offices and set up desks according to the needs of the company and employees.<\/p>\n<p>Our system is easy to use and tailored to the needs of modern companies that rely on a hybrid form of work.<\/h6><\/header>[\/vc_column][vc_column width=&#8221;1\/2&#8243; css=&#8221;.vc_custom_1616597662421{padding-top: 0px !important;}&#8221; offset=&#8221;vc_hidden-lg vc_hidden-md&#8221; css_mobile=&#8221;.vc_custom_1616597662422{margin-bottom: -50px !important;}&#8221;][vc_single_image image=&#8221;11170&#8243; img_size=&#8221;full&#8221; css_animation=&#8221;left-to-right&#8221;][\/vc_column][\/vc_row][vc_row kd_background_image_position=&#8221;vc_row-bg-position-top&#8221; css=&#8221;.vc_custom_1616144675314{margin-bottom: 30px !important;padding-top: 0px !important;}&#8221;][vc_column css=&#8221;.vc_custom_1597839056189{padding-right: 0px !important;padding-left: 0px !important;}&#8221;]<header class=\"kd-section-title col-lg-12 text-center  subtitle-below-title   \" ><h2 class=\"separator_off\" >Feature Summary:<\/h2><\/header>[\/vc_column][\/vc_row][vc_row full_width=&#8221;stretch_row&#8221; kd_background_image_position=&#8221;vc_row-bg-position-top&#8221; css=&#8221;.vc_custom_1616597785217{padding-top: 0px !important;padding-bottom: 100px !important;}&#8221; css_mobile=&#8221;.vc_custom_1616597785218{margin-top: -50px !important;}&#8221;][vc_column width=&#8221;1\/2&#8243;][vc_row_inner kd_background_image_position=&#8221;vc_row-bg-position-top&#8221; css=&#8221;.vc_custom_1616142167168{padding-top: 0px !important;}&#8221;][vc_column_inner]<ul class=\"kd-icon-list\" ><li class=\"kd-icon-list-item\"><div class=\"kd-icon-wrapper icon-simple\" ><i class=\"fas fa-caret-right\" style=\"color: #0088ce;\"><\/i><\/div><span class=\"kd-list-text\" ><b>Recording attendance at work:<\/b> Our system allows you to easily and accurately record your employees&#8217; attendance at work, making it easier to manage working hours. All attendance information is stored in a secure cloud. <\/span><\/li><li class=\"kd-icon-list-item\"><div class=\"kd-icon-wrapper icon-simple\" ><i class=\"fas fa-caret-right\" style=\"color: #0088ce;\"><\/i><\/div><span class=\"kd-list-text\" ><b>Reservation of company desks and parking spaces:<\/b> With our system, employees can reserve company desks and parking spaces, which helps to better organize work. The system also allows you to book meeting rooms, which makes it easier to organize meetings and training sessions. <\/span><\/li><li class=\"kd-icon-list-item\"><div class=\"kd-icon-wrapper icon-simple\" ><i class=\"fas fa-caret-right\" style=\"color: #0088ce;\"><\/i><\/div><span class=\"kd-list-text\" ><b>Overbooking of desks to common parts:<\/b> Our system allows for efficient use of office resources by overbooking desks into common areas. This allows employees to use desks when they need them, even if they are not officially vacant at any given time. <\/span><\/li><li class=\"kd-icon-list-item\"><div class=\"kd-icon-wrapper icon-simple\" ><i class=\"fas fa-caret-right\" style=\"color: #0088ce;\"><\/i><\/div><span class=\"kd-list-text\" ><b>Marking your availability online:<\/b> Employees have the ability to mark their availability online, making it easier to determine who is available and where. This makes it faster and more efficient to organize work. <\/span><\/li><\/ul>[\/vc_column_inner][\/vc_row_inner][\/vc_column][vc_column width=&#8221;1\/2&#8243;][vc_row_inner kd_background_image_position=&#8221;vc_row-bg-position-top&#8221; css=&#8221;.vc_custom_1616142167168{padding-top: 0px !important;}&#8221;][vc_column_inner]<ul class=\"kd-icon-list\" ><li class=\"kd-icon-list-item\"><div class=\"kd-icon-wrapper icon-simple\" ><i class=\"fas fa-caret-right\" style=\"color: #0088ce;\"><\/i><\/div><span class=\"kd-list-text\" ><strong>Search for employees and their availability:<\/strong> The system allows you to easily search for employees and their availability, making it easier to schedule tasks and projects. You can quickly see who is in the office and who is working remotely. <\/span><\/li><li class=\"kd-icon-list-item\"><div class=\"kd-icon-wrapper icon-simple\" ><i class=\"fas fa-caret-right\" style=\"color: #0088ce;\"><\/i><\/div><span class=\"kd-list-text\" ><strong>Data synchronization with an external system: <\/strong>The ability to synchronize data with an external system, such as intelihr, allows for even greater flexibility and convenience in your work. This allows you to use different tools and systems, and all information is always up-to-date and consistent. <\/span><\/li><li class=\"kd-icon-list-item\"><div class=\"kd-icon-wrapper icon-simple\" ><i class=\"fas fa-caret-right\" style=\"color: #0088ce;\"><\/i><\/div><span class=\"kd-list-text\" ><strong>Desk reservations on the office plan:<\/strong> Employees also have access to desk reservations on the office plan, making it easier to organize their work. They can choose desks at their convenience and be assured that the desks will be available to them at any given time. <\/span><\/li><li class=\"kd-icon-list-item\"><div class=\"kd-icon-wrapper icon-simple\" ><i class=\"fas fa-caret-right\" style=\"color: #0088ce;\"><\/i><\/div><span class=\"kd-list-text\" ><b>Office Planning and Desk Setup:<\/b> Managers have the ability to plan offices and set up desks according to the needs of the company and employees. This can optimize office space and provide comfortable working conditions. <\/span><\/li><\/ul>[\/vc_column_inner][\/vc_row_inner][\/vc_column][\/vc_row][vc_row full_width=&#8221;stretch_row&#8221; kd_background_image_position=&#8221;vc_row-bg-position-top&#8221; css=&#8221;.vc_custom_1685459857209{margin-top: 100px !important;padding-top: 0px !important;padding-bottom: 100px !important;}&#8221;][vc_column width=&#8221;1\/2&#8243; offset=&#8221;vc_hidden-sm vc_hidden-xs&#8221;]<header class=\"kd-section-title col-lg-12 text-left  subtitle-below-title   \" ><h2 class=\"separator_off\" >Using a reservation system in a company has many advantages, including:<\/h2><h6 class=\"subtitle\" >By moving from a larger office to a smaller one with the possibility of partial remote work, rental costs can be significantly reduced.<\/h6><\/header><ul class=\"kd-icon-list\" ><li class=\"kd-icon-list-item\"><div class=\"kd-icon-wrapper icon-simple\" ><i class=\"fas fa-caret-right\" style=\"color: #0088ce;\"><\/i><\/div><span class=\"kd-list-text\" ><strong>Redukcja koszt\u00f3w wynajmu<\/strong>: Mniejsza przestrze\u0144 biurowa to mniejsze wydatki na wynajem, utrzymanie i eksploatacj\u0119.<\/span><\/li><li class=\"kd-icon-list-item\"><div class=\"kd-icon-wrapper icon-simple\" ><i class=\"fas fa-caret-right\" style=\"color: #0088ce;\"><\/i><\/div><span class=\"kd-list-text\" ><strong>Elastyczne zarz\u0105dzanie miejscami pracy<\/strong>: System pozwala na elastyczne dostosowanie liczby miejsc w biurze do aktualnych potrzeb, co oznacza, \u017ce przestrze\u0144 jest zawsze w pe\u0142ni wykorzystywana.<\/span><\/li><li class=\"kd-icon-list-item\"><div class=\"kd-icon-wrapper icon-simple\" ><i class=\"fas fa-caret-right\" style=\"color: #0088ce;\"><\/i><\/div><span class=\"kd-list-text\" ><strong>Wsparcie dla pracy zdalnej i hybrydowej<\/strong>: Umo\u017cliwiamy efektywne zarz\u0105dzanie pracownikami pracuj\u0105cymi zdalnie oraz tymi, kt\u00f3rzy preferuj\u0105 prac\u0119 z biura.<\/span><\/li><li class=\"kd-icon-list-item\"><div class=\"kd-icon-wrapper icon-simple\" ><i class=\"fas fa-caret-right\" style=\"color: #0088ce;\"><\/i><\/div><span class=\"kd-list-text\" ><strong>Lepsze wykorzystanie przestrzeni<\/strong>: Poprzez inteligentne zarz\u0105dzanie rezerwacjami i dost\u0119pno\u015bci\u0105 miejsc pracy, ka\u017cde biurko i pok\u00f3j jest wykorzystywane zgodnie z rzeczywistymi potrzebami organizacji.<\/span><\/li><\/ul>[\/vc_column][vc_column width=&#8221;1\/2&#8243; css=&#8221;.vc_custom_1685459802941{padding-top: 0px !important;}&#8221; offset=&#8221;vc_hidden-sm vc_hidden-xs&#8221;][vc_single_image image=&#8221;11846&#8243; img_size=&#8221;full&#8221; alignment=&#8221;right&#8221; css_animation=&#8221;left-to-right&#8221;][\/vc_column][\/vc_row][vc_row kd_background_image_position=&#8221;vc_row-bg-position-top&#8221; css=&#8221;.vc_custom_1680001124076{margin-bottom: 30px !important;padding-top: 50px !important;}&#8221;][vc_column css=&#8221;.vc_custom_1597839056189{padding-right: 0px !important;padding-left: 0px !important;}&#8221;]<header class=\"kd-section-title col-lg-12 text-center  subtitle-below-title   \" ><h6 class=\"subtitle\" >Thanks to our space reservation system, every available space in the office is used efficiently, enabling better management of resources and reduction of unnecessary operating costs.<\/h6><\/header>[\/vc_column][\/vc_row][vc_row full_width=&#8221;stretch_row&#8221; kd_background_image_position=&#8221;vc_row-bg-position-top&#8221; kd_bottom_separator_style=&#8221;static-waves&#8221; kd_bottom_separator_height=&#8221;separator-height-medium&#8221; kd_bottom_separator=&#8221;true&#8221; css=&#8221;.vc_custom_1615100102834{padding-bottom: 180px !important;}&#8221; css_tablet_landscape=&#8221;.vc_custom_1615100102834{padding-bottom: 250px !important;}&#8221; css_tablet_portrait=&#8221;.vc_custom_1615100102834{padding-top: 100px !important;padding-bottom: 140px !important;}&#8221; css_mobile=&#8221;.vc_custom_1615100102835{padding-top: 100px !important;padding-bottom: 100px !important;}&#8221; kd_bottom_separator_bg=&#8221;#ebf5ff&#8221;][vc_column][vc_row_inner kd_background_image_position=&#8221;vc_row-bg-position-top&#8221;][vc_column_inner]<div data-speed=\"2000\" class=\"kd-text-rotator kd-rotatorid-69e05c9009e2c text-center \"><h2 class=\"kd-text-rotator-container push\" style=\" font-size: 38px;\"><span class=\"kd-rotator-wrapper\"><span class=\"rotator-single is-visible\">Zam\u00f3w ju\u017c od 149z\u0142 \/ miesi\u0119cznie.<\/span><\/span><\/h2><\/div>[vc_empty_space height=&#8221;25px&#8221;]<header class=\"kd-section-title col-lg-12 text-center  subtitle-below-title kd-animated fadeIn   vc_custom_1712934153289\" data-animation-delay=200><h6 class=\"subtitle\" >More information leads to better decisions. Contact us and we&apos;ll show you a demo of our system! <\/h6><\/header><a   class=\"tt_button tt_primary_button btn_primary_color  button-center panel-trigger-btn   kd-animated zoomIn add-margin-right\" data-animation-delay=200><span class=\"prim_text\">Ask about the hybrid work system<\/span><\/a><a   class=\"tt_button tt_secondary_button btn_primary_color  button-center panel-trigger-btn   vc_custom_1712934221277 kd-animated zoomIn add-margin-right\" data-animation-delay=200><span class=\"prim_text\">Make demo arrangements<\/span><\/a>[\/vc_column_inner][\/vc_row_inner][\/vc_column][\/vc_row][vc_row full_width=&#8221;stretch_row&#8221; kd_background_image_position=&#8221;vc_row-bg-position-top&#8221; css=&#8221;.vc_custom_1616599362984{padding-bottom: 100px !important;}&#8221; css_tablet_landscape=&#8221;.vc_custom_1616599362985{padding-bottom: 250px !important;}&#8221; css_tablet_portrait=&#8221;.vc_custom_1616599362985{padding-top: 100px !important;padding-bottom: 140px !important;}&#8221; css_mobile=&#8221;.vc_custom_1616599362985{padding-top: 100px !important;padding-bottom: 0px !important;}&#8221;][vc_column][vc_toggle title=&#8221;How does the office and parking reservation system work?&#8221;]The reservation system allows employees to reserve desks and parking spaces, which supports better work organization. The reservation system introduces an overbooking function for shared spaces and enables online management of employee availability.[\/vc_toggle][vc_toggle title=&#8221;What are the benefits of using a job reservation system?&#8221;]The use of a reservation system allows for optimal use of office space, reduction of rental costs by moving to smaller offices, and increased flexibility of workplace management, especially in remote and hybrid working models.[\/vc_toggle][vc_toggle title=&#8221;How does the system support working in a hybrid model?&#8221;]The system allows you to flexibly adjust your office space to meet the needs of employees working remotely and those who prefer to work from the office, so you can effectively manage mixed teams.[\/vc_toggle][vc_toggle title=&#8221;How does the reservation system facilitate meetings and training?&#8221;]In addition to reserving desks and parking spaces, the system allows you to book meeting rooms, which greatly facilitates the organization of meetings and training sessions at your company.[\/vc_toggle][\/vc_column][\/vc_row]<\/p>\n<\/div>","protected":false},"excerpt":{"rendered":"<p>[vc_row full_width=&#8221;stretch_row&#8221; kd_background_image_position=&#8221;vc_row-bg-position-top&#8221; kd_bottom_separator_style=&#8221;waves&#8221; kd_bottom_separator_height=&#8221;separator-height-large&#8221; kd_bottom_separator=&#8221;true&#8221; css=&#8221;.vc_custom_1685449279088{padding-top: 260px !important;padding-bottom: 260px !important;background-image: url(https:\/\/jeton.pl\/wp-content\/uploads\/2023\/05\/header_ph.jpg?id=11158) !important;background-position: center !important;background-repeat: no-repeat !important;background-size: cover !important;}&#8221; el_class=&#8221;intro-section&#8221; [&hellip;]<\/p>\n","protected":false},"author":3,"featured_media":0,"parent":14213,"menu_order":0,"comment_status":"closed","ping_status":"closed","template":"","meta":{"_eb_attr":"","_monsterinsights_skip_tracking":false,"_monsterinsights_sitenote_active":false,"_monsterinsights_sitenote_note":"","_monsterinsights_sitenote_category":0,"footnotes":""},"class_list":["post-15421","page","type-page","status-publish","hentry"],"yoast_head":"<!-- This site is optimized with the Yoast SEO Premium plugin v26.8 (Yoast SEO v27.4) - https:\/\/yoast.com\/product\/yoast-seo-premium-wordpress\/ -->\n<title>Hybrid work - hybrid work management system - Jeton<\/title>\n<meta name=\"description\" content=\"Hybrid work - the system in the form of saas offers many functionalities that allow you to manage your working time and office space.\" \/>\n<meta name=\"robots\" content=\"index, follow, max-snippet:-1, max-image-preview:large, max-video-preview:-1\" \/>\n<link rel=\"canonical\" href=\"https:\/\/jeton.pl\/en\/offer\/desk-reservations\/\" \/>\n<meta property=\"og:locale\" content=\"en_US\" \/>\n<meta property=\"og:type\" content=\"article\" \/>\n<meta property=\"og:title\" content=\"Desk reservations\" \/>\n<meta property=\"og:description\" content=\"Hybrid work - the system in the form of saas offers many functionalities that allow you to manage your working time and office space.\" \/>\n<meta property=\"og:url\" content=\"https:\/\/jeton.pl\/en\/offer\/desk-reservations\/\" \/>\n<meta property=\"og:site_name\" content=\"Jeton Outsourcing IT Warszawa\" \/>\n<meta property=\"article:publisher\" content=\"https:\/\/www.facebook.com\/JetonOutsourcingInformatyczny\" \/>\n<meta property=\"article:modified_time\" content=\"2025-03-27T09:52:05+00:00\" \/>\n<meta name=\"twitter:card\" content=\"summary_large_image\" \/>\n<meta name=\"twitter:label1\" content=\"Est. reading time\" \/>\n\t<meta name=\"twitter:data1\" content=\"11 minutes\" \/>\n<script type=\"application\/ld+json\" class=\"yoast-schema-graph\">{\"@context\":\"https:\\\/\\\/schema.org\",\"@graph\":[{\"@type\":\"WebPage\",\"@id\":\"https:\\\/\\\/jeton.pl\\\/en\\\/offer\\\/desk-reservations\\\/\",\"url\":\"https:\\\/\\\/jeton.pl\\\/en\\\/offer\\\/desk-reservations\\\/\",\"name\":\"Hybrid work - hybrid work management system - Jeton\",\"isPartOf\":{\"@id\":\"https:\\\/\\\/jeton.pl\\\/en\\\/#website\"},\"datePublished\":\"2023-05-30T12:21:21+00:00\",\"dateModified\":\"2025-03-27T09:52:05+00:00\",\"description\":\"Hybrid work - the system in the form of saas offers many functionalities that allow you to manage your working time and office space.\",\"breadcrumb\":{\"@id\":\"https:\\\/\\\/jeton.pl\\\/en\\\/offer\\\/desk-reservations\\\/#breadcrumb\"},\"inLanguage\":\"en-US\",\"potentialAction\":[{\"@type\":\"ReadAction\",\"target\":[\"https:\\\/\\\/jeton.pl\\\/en\\\/offer\\\/desk-reservations\\\/\"]}]},{\"@type\":\"BreadcrumbList\",\"@id\":\"https:\\\/\\\/jeton.pl\\\/en\\\/offer\\\/desk-reservations\\\/#breadcrumb\",\"itemListElement\":[{\"@type\":\"ListItem\",\"position\":1,\"name\":\"Strona g\u0142\u00f3wna\",\"item\":\"https:\\\/\\\/jeton.pl\\\/en\\\/jeton\\\/\"},{\"@type\":\"ListItem\",\"position\":2,\"name\":\"Offer\",\"item\":\"https:\\\/\\\/jeton.pl\\\/en\\\/offer\\\/\"},{\"@type\":\"ListItem\",\"position\":3,\"name\":\"Desk reservations\"}]},{\"@type\":\"WebSite\",\"@id\":\"https:\\\/\\\/jeton.pl\\\/en\\\/#website\",\"url\":\"https:\\\/\\\/jeton.pl\\\/en\\\/\",\"name\":\"Pe\u0142na obs\u0142uga IT dla firm, opieka IT Twojej firmy - Jeton Warszawa\",\"description\":\"Obs\u0142uga informatyczna Bezpiecze\u0144stwo IT Warszawa\",\"publisher\":{\"@id\":\"https:\\\/\\\/jeton.pl\\\/en\\\/#organization\"},\"potentialAction\":[{\"@type\":\"SearchAction\",\"target\":{\"@type\":\"EntryPoint\",\"urlTemplate\":\"https:\\\/\\\/jeton.pl\\\/en\\\/?s={search_term_string}\"},\"query-input\":{\"@type\":\"PropertyValueSpecification\",\"valueRequired\":true,\"valueName\":\"search_term_string\"}}],\"inLanguage\":\"en-US\"},{\"@type\":\"Organization\",\"@id\":\"https:\\\/\\\/jeton.pl\\\/en\\\/#organization\",\"name\":\"Jeton Cloud Sp. z o.o.\",\"url\":\"https:\\\/\\\/jeton.pl\\\/en\\\/\",\"logo\":{\"@type\":\"ImageObject\",\"inLanguage\":\"en-US\",\"@id\":\"https:\\\/\\\/jeton.pl\\\/en\\\/#\\\/schema\\\/logo\\\/image\\\/\",\"url\":\"https:\\\/\\\/jeton.pl\\\/wp-content\\\/uploads\\\/2024\\\/04\\\/logo07.png\",\"contentUrl\":\"https:\\\/\\\/jeton.pl\\\/wp-content\\\/uploads\\\/2024\\\/04\\\/logo07.png\",\"width\":2960,\"height\":1036,\"caption\":\"Jeton Cloud Sp. z o.o.\"},\"image\":{\"@id\":\"https:\\\/\\\/jeton.pl\\\/en\\\/#\\\/schema\\\/logo\\\/image\\\/\"},\"sameAs\":[\"https:\\\/\\\/www.facebook.com\\\/JetonOutsourcingInformatyczny\"]}]}<\/script>\n<!-- \/ Yoast SEO Premium plugin. -->","yoast_head_json":{"title":"Hybrid work - hybrid work management system - Jeton","description":"Hybrid work - the system in the form of saas offers many functionalities that allow you to manage your working time and office space.","robots":{"index":"index","follow":"follow","max-snippet":"max-snippet:-1","max-image-preview":"max-image-preview:large","max-video-preview":"max-video-preview:-1"},"canonical":"https:\/\/jeton.pl\/en\/offer\/desk-reservations\/","og_locale":"en_US","og_type":"article","og_title":"Desk reservations","og_description":"Hybrid work - the system in the form of saas offers many functionalities that allow you to manage your working time and office space.","og_url":"https:\/\/jeton.pl\/en\/offer\/desk-reservations\/","og_site_name":"Jeton Outsourcing IT Warszawa","article_publisher":"https:\/\/www.facebook.com\/JetonOutsourcingInformatyczny","article_modified_time":"2025-03-27T09:52:05+00:00","twitter_card":"summary_large_image","twitter_misc":{"Est. reading time":"11 minutes"},"schema":{"@context":"https:\/\/schema.org","@graph":[{"@type":"WebPage","@id":"https:\/\/jeton.pl\/en\/offer\/desk-reservations\/","url":"https:\/\/jeton.pl\/en\/offer\/desk-reservations\/","name":"Hybrid work - hybrid work management system - Jeton","isPartOf":{"@id":"https:\/\/jeton.pl\/en\/#website"},"datePublished":"2023-05-30T12:21:21+00:00","dateModified":"2025-03-27T09:52:05+00:00","description":"Hybrid work - the system in the form of saas offers many functionalities that allow you to manage your working time and office space.","breadcrumb":{"@id":"https:\/\/jeton.pl\/en\/offer\/desk-reservations\/#breadcrumb"},"inLanguage":"en-US","potentialAction":[{"@type":"ReadAction","target":["https:\/\/jeton.pl\/en\/offer\/desk-reservations\/"]}]},{"@type":"BreadcrumbList","@id":"https:\/\/jeton.pl\/en\/offer\/desk-reservations\/#breadcrumb","itemListElement":[{"@type":"ListItem","position":1,"name":"Strona g\u0142\u00f3wna","item":"https:\/\/jeton.pl\/en\/jeton\/"},{"@type":"ListItem","position":2,"name":"Offer","item":"https:\/\/jeton.pl\/en\/offer\/"},{"@type":"ListItem","position":3,"name":"Desk reservations"}]},{"@type":"WebSite","@id":"https:\/\/jeton.pl\/en\/#website","url":"https:\/\/jeton.pl\/en\/","name":"Pe\u0142na obs\u0142uga IT dla firm, opieka IT Twojej firmy - Jeton Warszawa","description":"Obs\u0142uga informatyczna Bezpiecze\u0144stwo IT Warszawa","publisher":{"@id":"https:\/\/jeton.pl\/en\/#organization"},"potentialAction":[{"@type":"SearchAction","target":{"@type":"EntryPoint","urlTemplate":"https:\/\/jeton.pl\/en\/?s={search_term_string}"},"query-input":{"@type":"PropertyValueSpecification","valueRequired":true,"valueName":"search_term_string"}}],"inLanguage":"en-US"},{"@type":"Organization","@id":"https:\/\/jeton.pl\/en\/#organization","name":"Jeton Cloud Sp. z o.o.","url":"https:\/\/jeton.pl\/en\/","logo":{"@type":"ImageObject","inLanguage":"en-US","@id":"https:\/\/jeton.pl\/en\/#\/schema\/logo\/image\/","url":"https:\/\/jeton.pl\/wp-content\/uploads\/2024\/04\/logo07.png","contentUrl":"https:\/\/jeton.pl\/wp-content\/uploads\/2024\/04\/logo07.png","width":2960,"height":1036,"caption":"Jeton Cloud Sp. z o.o."},"image":{"@id":"https:\/\/jeton.pl\/en\/#\/schema\/logo\/image\/"},"sameAs":["https:\/\/www.facebook.com\/JetonOutsourcingInformatyczny"]}]}},"_links":{"self":[{"href":"https:\/\/jeton.pl\/en\/wp-json\/wp\/v2\/pages\/15421","targetHints":{"allow":["GET"]}}],"collection":[{"href":"https:\/\/jeton.pl\/en\/wp-json\/wp\/v2\/pages"}],"about":[{"href":"https:\/\/jeton.pl\/en\/wp-json\/wp\/v2\/types\/page"}],"author":[{"embeddable":true,"href":"https:\/\/jeton.pl\/en\/wp-json\/wp\/v2\/users\/3"}],"replies":[{"embeddable":true,"href":"https:\/\/jeton.pl\/en\/wp-json\/wp\/v2\/comments?post=15421"}],"version-history":[{"count":0,"href":"https:\/\/jeton.pl\/en\/wp-json\/wp\/v2\/pages\/15421\/revisions"}],"up":[{"embeddable":true,"href":"https:\/\/jeton.pl\/en\/wp-json\/wp\/v2\/pages\/14213"}],"wp:attachment":[{"href":"https:\/\/jeton.pl\/en\/wp-json\/wp\/v2\/media?parent=15421"}],"curies":[{"name":"wp","href":"https:\/\/api.w.org\/{rel}","templated":true}]}}