{"id":15497,"date":"2022-02-04T14:30:42","date_gmt":"2022-02-04T13:30:42","guid":{"rendered":"https:\/\/jeton.pl\/outsourcing-management-for-freshservice\/equipment-and-disposal\/"},"modified":"2025-03-27T10:52:33","modified_gmt":"2025-03-27T09:52:33","slug":"equipment-and-disposal","status":"publish","type":"page","link":"https:\/\/jeton.pl\/en\/outsourcing-management-for-freshservice\/equipment-and-disposal\/","title":{"rendered":"Equipment and disposal"},"content":{"rendered":"<div class=\"wpb-content-wrapper\"><p>[vc_row full_width=&#8221;stretch_row&#8221; kd_background_image_position=&#8221;vc_row-bg-position-top&#8221; kd_bottom_separator_style=&#8221;waves&#8221; kd_bottom_separator_height=&#8221;separator-height-large&#8221; kd_bottom_separator=&#8221;true&#8221; css=&#8221;.vc_custom_1643795696478{padding-top: 260px !important;padding-bottom: 260px !important;background-image: url(https:\/\/jeton.pl\/wp-content\/uploads\/2022\/02\/panel_header.jpg?id=10804) !important;background-position: center !important;background-repeat: no-repeat !important;background-size: cover !important;}&#8221; el_class=&#8221;intro-section&#8221; css_mobile=&#8221;.vc_custom_1643795696479{padding-top: 100px !important;padding-bottom: 150px !important;}&#8221; css_tablet_portrait=&#8221;.vc_custom_1643795696479{padding-top: 200px !important;padding-bottom: 250px !important;}&#8221;][vc_column][vc_row_inner kd_background_image_position=&#8221;vc_row-bg-position-top&#8221;][vc_column_inner]<header class=\"kd-section-title col-lg-12 text-center  subtitle-below-title kd-animated fadeIn   vc_custom_1643880365293\" data-animation-delay=200><h1 class=\"separator_off\" style=\"color: #ffffff;font-size: 52px;line-height: 68px;margin-bottom:30px;\">Equipment management<\/h1><h6 class=\"subtitle\" style=\"color: rgba(255,255,255,0.8);\">in the Jeton panel<\/h6><\/header><div class=\"scroll-down-wrapper sd-align-center kd-animated fadeInUp  vc_custom_1606153287439\" data-animation-delay=200><a href=\"#first-section\" class=\"scroll-down-arrow btn-smooth-scroll\" style=\"background-color: #ffffff;\" aria-label=\"Scroll down\"><\/a><\/div>[\/vc_column_inner][\/vc_row_inner][\/vc_column][\/vc_row][vc_row kd_background_image_position=&#8221;vc_row-bg-position-top&#8221; css=&#8221;.vc_custom_1606153293701{margin-bottom: 0px !important;padding-top: 100px !important;}&#8221; el_id=&#8221;first section&#8221;][vc_column css=&#8221;.vc_custom_1597839056189{padding-right: 0px !important;padding-left: 0px !important;}&#8221;][\/vc_column][\/vc_row][vc_row full_width=&#8221;stretch_row&#8221; kd_background_image_position=&#8221;vc_row-bg-position-top&#8221; css=&#8221;.vc_custom_1643798603598{padding-top: 0px !important;padding-bottom: 50px !important;}&#8221;][vc_column width=&#8221;1\/2&#8243;][vc_row_inner kd_background_image_position=&#8221;vc_row-bg-position-top&#8221; css=&#8221;.vc_custom_1616142167168{padding-top: 0px !important;}&#8221;][vc_column_inner]<header class=\"kd-section-title col-lg-12 text-left  subtitle-below-title   \" ><h2 class=\"separator_off\" >Devices<\/h2><h6 class=\"subtitle\" >Search your devices, check their technical parameters and users. A green light means that the device is synchronized with the base. Red and orange means, in turn, no current downloaded data or partially downloaded data. However, the very fact that the computer is already in the database means that you can verify the data. To quickly search for a given device, click the scan qr code button and use your computer&apos;s camera or phone to scan the qr code stuck on the bottom of the device.    <\/h6><\/header>[\/vc_column_inner][\/vc_row_inner][\/vc_column][vc_column width=&#8221;1\/2&#8243; css=&#8221;.vc_custom_1643880388327{padding-top: 0px !important;}&#8221;][vc_single_image image=&#8221;10894&#8243; img_size=&#8221;full&#8221; css_animation=&#8221;right-to-left&#8221;][\/vc_column][\/vc_row][vc_row full_width=&#8221;stretch_row&#8221; kd_background_image_position=&#8221;vc_row-bg-position-top&#8221; css=&#8221;.vc_custom_1614933374157{padding-top: 0px !important;padding-bottom: 100px !important;}&#8221;][vc_column width=&#8221;1\/2&#8243; offset=&#8221;vc_hidden-lg vc_hidden-md&#8221;]<header class=\"kd-section-title col-lg-12 text-left  subtitle-below-title   \" ><h6 class=\"subtitle\" >By going into the device of interest, we can check the serial or internal number of the device, the department as well as the comments, which may be important in the allocation of equipment. In addition, an important piece of information will also be what components the equipment is made of. This will make it easier to match the equipment to a specific department or employee\/manager. Each piece of equipment is assigned specifically to a person hence we know what equipment the person has in stock.   <\/p>\n<p>We store partition encryption keys in internal documents. Any hardware that has a TPM function in it is encrypted by us for security reasons. <\/h6><\/header>[\/vc_column][vc_column width=&#8221;1\/2&#8243; css=&#8221;.vc_custom_1616596560839{padding-top: 100px !important;}&#8221; offset=&#8221;vc_hidden-lg vc_hidden-md&#8221; css_mobile=&#8221;.vc_custom_1616596560840{margin-bottom: -50px !important;padding-top: -50px !important;}&#8221;][vc_single_image image=&#8221;10893&#8243; img_size=&#8221;full&#8221; css_animation=&#8221;left-to-right&#8221;][\/vc_column][\/vc_row][vc_row full_width=&#8221;stretch_row&#8221; kd_background_image_position=&#8221;vc_row-bg-position-top&#8221; css=&#8221;.vc_custom_1614933374157{padding-top: 0px !important;padding-bottom: 100px !important;}&#8221;][vc_column width=&#8221;1\/2&#8243; offset=&#8221;vc_hidden-sm vc_hidden-xs&#8221;][vc_single_image image=&#8221;10893&#8243; img_size=&#8221;full&#8221; css_animation=&#8221;left-to-right&#8221;][\/vc_column][vc_column width=&#8221;1\/2&#8243; css=&#8221;.vc_custom_1643882623792{padding-top: 30px !important;}&#8221; offset=&#8221;vc_hidden-sm vc_hidden-xs&#8221;]<header class=\"kd-section-title col-lg-12 text-left  subtitle-below-title   \" ><h6 class=\"subtitle\" >By going into the device of interest, we can check the serial or internal number of the device, the department as well as the comments, which may be important in the allocation of equipment. In addition, an important piece of information will also be what components the equipment is made of. This will make it easier to match the equipment to a specific department or employee\/manager. Each piece of equipment is assigned specifically to a person hence we know what equipment the person has in stock.   <\/p>\n<p>We store partition encryption keys in internal documents. Any hardware that has a TPM function in it is encrypted by us for security reasons. <\/h6><\/header>[\/vc_column][\/vc_row][vc_row full_width=&#8221;stretch_row&#8221; kd_background_image_position=&#8221;vc_row-bg-position-top&#8221; css=&#8221;.vc_custom_1643805276863{padding-top: 0px !important;padding-bottom: 0px !important;}&#8221;][vc_column width=&#8221;1\/2&#8243;][vc_row_inner kd_background_image_position=&#8221;vc_row-bg-position-top&#8221; css=&#8221;.vc_custom_1616142167168{padding-top: 0px !important;}&#8221;][vc_column_inner css=&#8221;.vc_custom_1643893607976{padding-top: 50px !important;}&#8221;]<header class=\"kd-section-title col-lg-12 text-left  subtitle-below-title   \" ><h2 class=\"separator_off\" >Disposal<\/h2><h6 class=\"subtitle\" >Computers disposed of or prepared for disposal. Usually this is equipment that is no longer usable, has become damaged or does not meet minimum requirements. Computers may still be in use but already scheduled for replacement.  <\/h6><\/header>[\/vc_column_inner][\/vc_row_inner][\/vc_column][vc_column width=&#8221;1\/2&#8243;][vc_single_image image=&#8221;10892&#8243; img_size=&#8221;full&#8221; css_animation=&#8221;right-to-left&#8221;][\/vc_column][\/vc_row][vc_row full_width=&#8221;stretch_row&#8221; kd_background_image_position=&#8221;vc_row-bg-position-top&#8221; css=&#8221;.vc_custom_1614933374157{padding-top: 0px !important;padding-bottom: 100px !important;}&#8221;][vc_column width=&#8221;1\/2&#8243; offset=&#8221;vc_hidden-lg vc_hidden-md&#8221;][vc_row_inner kd_background_image_position=&#8221;vc_row-bg-position-top&#8221; css=&#8221;.vc_custom_1616144632592{padding-top: 0px !important;}&#8221;][vc_column_inner]<header class=\"kd-section-title col-lg-12 text-left  subtitle-below-title   \" ><h2 class=\"separator_off\" >Disposal<\/h2><h6 class=\"subtitle\" >Computers disposed of or prepared for disposal. Usually this is equipment that is no longer usable, has become damaged or does not meet minimum requirements. Computers may still be in use but already scheduled for replacement.  <\/h6><\/header>[\/vc_column_inner][\/vc_row_inner][\/vc_column][vc_column width=&#8221;1\/2&#8243; css=&#8221;.vc_custom_1616596953144{padding-top: 100px !important;}&#8221; offset=&#8221;vc_hidden-lg vc_hidden-md&#8221; css_mobile=&#8221;.vc_custom_1616596953145{margin-bottom: -50px !important;padding-top: 0px !important;}&#8221;][vc_single_image image=&#8221;10892&#8243; img_size=&#8221;full&#8221; css_animation=&#8221;right-to-left&#8221;][\/vc_column][\/vc_row][vc_row full_width=&#8221;stretch_row&#8221; kd_background_image_position=&#8221;vc_row-bg-position-top&#8221; css=&#8221;.vc_custom_1643895428084{padding-top: 0px !important;padding-bottom: 50px !important;}&#8221; top_section_title=&#8221;&#8221; bottom_section_title=&#8221;&#8221;][vc_column width=&#8221;1\/2&#8243; offset=&#8221;vc_hidden-sm vc_hidden-xs&#8221; css_mobile=&#8221;.vc_custom_1616596795397{padding-bottom: -50px !important;}&#8221;][vc_single_image image=&#8221;10898&#8243; img_size=&#8221;full&#8221; css_animation=&#8221;right-to-left&#8221;][\/vc_column][vc_column width=&#8221;1\/2&#8243; css=&#8221;.vc_custom_1643895319981{padding-top: 70px !important;}&#8221; offset=&#8221;vc_hidden-sm vc_hidden-xs&#8221;][vc_row_inner kd_background_image_position=&#8221;vc_row-bg-position-top&#8221; css=&#8221;.vc_custom_1616144632592{padding-top: 0px !important;}&#8221;][vc_column_inner]<header class=\"kd-section-title col-lg-12 text-left  subtitle-below-title   \" ><h2 class=\"separator_off\" >Device archive<\/h2><h6 class=\"subtitle\" >Disposal Protocols. Here you can download the protocol for the disposal of computers. This equipment is no longer available for consumption, has already been transferred to a waste disposal company, or a protocol has been created and will be done in the near future.  <\/h6><\/header>[\/vc_column_inner][\/vc_row_inner][\/vc_column][\/vc_row][vc_row full_width=&#8221;stretch_row&#8221; kd_background_image_position=&#8221;vc_row-bg-position-top&#8221; css=&#8221;.vc_custom_1614933374157{padding-top: 0px !important;padding-bottom: 100px !important;}&#8221;][vc_column offset=&#8221;vc_hidden-sm vc_hidden-xs&#8221; css_mobile=&#8221;.vc_custom_1616596795397{padding-bottom: -50px !important;}&#8221;][vc_single_image image=&#8221;10902&#8243; img_size=&#8221;full&#8221; css_animation=&#8221;right-to-left&#8221;][\/vc_column][\/vc_row][vc_row full_width=&#8221;stretch_row&#8221; kd_background_image_position=&#8221;vc_row-bg-position-top&#8221; kd_bottom_separator_style=&#8221;static-waves&#8221; kd_bottom_separator_height=&#8221;separator-height-medium&#8221; kd_bottom_separator=&#8221;true&#8221; css=&#8221;.vc_custom_1616597235475{padding-bottom: 180px !important;}&#8221; css_tablet_landscape=&#8221;.vc_custom_1616597235475{padding-bottom: 250px !important;}&#8221; css_tablet_portrait=&#8221;.vc_custom_1616597235475{padding-top: 100px !important;padding-bottom: 140px !important;}&#8221; css_mobile=&#8221;.vc_custom_1616597235475{padding-top: 0px !important;padding-bottom: 100px !important;}&#8221; kd_bottom_separator_bg=&#8221;#ebf5ff&#8221;][vc_column][vc_row_inner kd_background_image_position=&#8221;vc_row-bg-position-top&#8221;][vc_column_inner]<div data-speed=\"slower-text-rotator\" class=\"kd-text-rotator kd-rotatorid-69e05d98ad3cd text-center \"><h2 class=\"kd-text-rotator-container \" style=\" font-size: 38px;\"><span class=\"kd-rotator-wrapper\"><span class=\"rotator-single is-visible\">Zam\u00f3w ju\u017c teraz dost\u0119p do panelu IT<\/span><\/span><\/h2><\/div>[vc_empty_space height=&#8221;35px&#8221;]<header class=\"kd-section-title col-lg-12 text-center  subtitle-below-title kd-animated fadeIn   vc_custom_1616145762858\" data-animation-delay=200><h6 class=\"subtitle\" >More information means better decisions. Find out<br \/>\n everything that is important to your business.<\/h6><\/header><a   class=\"tt_button tt_primary_button btn_primary_color  button-center panel-trigger-btn   kd-animated zoomIn add-margin-right\" data-animation-delay=200><span class=\"prim_text\">Ask about the Jeton panel<\/span><\/a>[\/vc_column_inner][\/vc_row_inner][\/vc_column][\/vc_row]<\/p>\n<\/div>","protected":false},"excerpt":{"rendered":"<p>[vc_row full_width=&#8221;stretch_row&#8221; kd_background_image_position=&#8221;vc_row-bg-position-top&#8221; kd_bottom_separator_style=&#8221;waves&#8221; kd_bottom_separator_height=&#8221;separator-height-large&#8221; kd_bottom_separator=&#8221;true&#8221; css=&#8221;.vc_custom_1643795696478{padding-top: 260px !important;padding-bottom: 260px !important;background-image: url(https:\/\/jeton.pl\/wp-content\/uploads\/2022\/02\/panel_header.jpg?id=10804) !important;background-position: center !important;background-repeat: no-repeat !important;background-size: cover !important;}&#8221; el_class=&#8221;intro-section&#8221; [&hellip;]<\/p>\n","protected":false},"author":1,"featured_media":0,"parent":15281,"menu_order":0,"comment_status":"closed","ping_status":"closed","template":"","meta":{"_eb_attr":"","_monsterinsights_skip_tracking":false,"_monsterinsights_sitenote_active":false,"_monsterinsights_sitenote_note":"","_monsterinsights_sitenote_category":0,"footnotes":""},"class_list":["post-15497","page","type-page","status-publish","hentry"],"yoast_head":"<!-- This site is optimized with the Yoast SEO Premium plugin v26.8 (Yoast SEO v27.4) - https:\/\/yoast.com\/product\/yoast-seo-premium-wordpress\/ -->\n<title>Equipment management in the Jeton panel | business panel from Jeton<\/title>\n<meta name=\"description\" content=\"Equipment and disposal | Welcome panel as company management within the external IT department.\" \/>\n<meta name=\"robots\" content=\"index, follow, max-snippet:-1, max-image-preview:large, max-video-preview:-1\" \/>\n<link rel=\"canonical\" href=\"https:\/\/jeton.pl\/en\/outsourcing-management-for-freshservice\/equipment-and-disposal\/\" \/>\n<meta property=\"og:locale\" content=\"en_US\" \/>\n<meta property=\"og:type\" content=\"article\" \/>\n<meta property=\"og:title\" content=\"Equipment and disposal\" \/>\n<meta property=\"og:description\" content=\"Equipment and disposal | Welcome panel as company management within the external IT department.\" \/>\n<meta property=\"og:url\" content=\"https:\/\/jeton.pl\/en\/outsourcing-management-for-freshservice\/equipment-and-disposal\/\" \/>\n<meta property=\"og:site_name\" content=\"Jeton Outsourcing IT Warszawa\" \/>\n<meta property=\"article:publisher\" content=\"https:\/\/www.facebook.com\/JetonOutsourcingInformatyczny\" \/>\n<meta property=\"article:modified_time\" content=\"2025-03-27T09:52:33+00:00\" \/>\n<meta name=\"twitter:card\" content=\"summary_large_image\" \/>\n<meta name=\"twitter:label1\" content=\"Est. reading time\" \/>\n\t<meta name=\"twitter:data1\" content=\"8 minutes\" \/>\n<script type=\"application\/ld+json\" class=\"yoast-schema-graph\">{\"@context\":\"https:\\\/\\\/schema.org\",\"@graph\":[{\"@type\":\"WebPage\",\"@id\":\"https:\\\/\\\/jeton.pl\\\/en\\\/outsourcing-management-for-freshservice\\\/equipment-and-disposal\\\/\",\"url\":\"https:\\\/\\\/jeton.pl\\\/en\\\/outsourcing-management-for-freshservice\\\/equipment-and-disposal\\\/\",\"name\":\"Equipment management in the Jeton panel | business panel from Jeton\",\"isPartOf\":{\"@id\":\"https:\\\/\\\/jeton.pl\\\/en\\\/#website\"},\"datePublished\":\"2022-02-04T13:30:42+00:00\",\"dateModified\":\"2025-03-27T09:52:33+00:00\",\"description\":\"Equipment and disposal | Welcome panel as company management within the external IT department.\",\"breadcrumb\":{\"@id\":\"https:\\\/\\\/jeton.pl\\\/en\\\/outsourcing-management-for-freshservice\\\/equipment-and-disposal\\\/#breadcrumb\"},\"inLanguage\":\"en-US\",\"potentialAction\":[{\"@type\":\"ReadAction\",\"target\":[\"https:\\\/\\\/jeton.pl\\\/en\\\/outsourcing-management-for-freshservice\\\/equipment-and-disposal\\\/\"]}]},{\"@type\":\"BreadcrumbList\",\"@id\":\"https:\\\/\\\/jeton.pl\\\/en\\\/outsourcing-management-for-freshservice\\\/equipment-and-disposal\\\/#breadcrumb\",\"itemListElement\":[{\"@type\":\"ListItem\",\"position\":1,\"name\":\"Strona g\u0142\u00f3wna\",\"item\":\"https:\\\/\\\/jeton.pl\\\/en\\\/jeton\\\/\"},{\"@type\":\"ListItem\",\"position\":2,\"name\":\"IT management for SupportPAL and Freshservice.\",\"item\":\"https:\\\/\\\/jeton.pl\\\/en\\\/outsourcing-management-for-freshservice\\\/\"},{\"@type\":\"ListItem\",\"position\":3,\"name\":\"Equipment and disposal\"}]},{\"@type\":\"WebSite\",\"@id\":\"https:\\\/\\\/jeton.pl\\\/en\\\/#website\",\"url\":\"https:\\\/\\\/jeton.pl\\\/en\\\/\",\"name\":\"Pe\u0142na obs\u0142uga IT dla firm, opieka IT Twojej firmy - Jeton Warszawa\",\"description\":\"Obs\u0142uga informatyczna Bezpiecze\u0144stwo IT Warszawa\",\"publisher\":{\"@id\":\"https:\\\/\\\/jeton.pl\\\/en\\\/#organization\"},\"potentialAction\":[{\"@type\":\"SearchAction\",\"target\":{\"@type\":\"EntryPoint\",\"urlTemplate\":\"https:\\\/\\\/jeton.pl\\\/en\\\/?s={search_term_string}\"},\"query-input\":{\"@type\":\"PropertyValueSpecification\",\"valueRequired\":true,\"valueName\":\"search_term_string\"}}],\"inLanguage\":\"en-US\"},{\"@type\":\"Organization\",\"@id\":\"https:\\\/\\\/jeton.pl\\\/en\\\/#organization\",\"name\":\"Jeton Cloud Sp. z o.o.\",\"url\":\"https:\\\/\\\/jeton.pl\\\/en\\\/\",\"logo\":{\"@type\":\"ImageObject\",\"inLanguage\":\"en-US\",\"@id\":\"https:\\\/\\\/jeton.pl\\\/en\\\/#\\\/schema\\\/logo\\\/image\\\/\",\"url\":\"https:\\\/\\\/jeton.pl\\\/wp-content\\\/uploads\\\/2024\\\/04\\\/logo07.png\",\"contentUrl\":\"https:\\\/\\\/jeton.pl\\\/wp-content\\\/uploads\\\/2024\\\/04\\\/logo07.png\",\"width\":2960,\"height\":1036,\"caption\":\"Jeton Cloud Sp. z o.o.\"},\"image\":{\"@id\":\"https:\\\/\\\/jeton.pl\\\/en\\\/#\\\/schema\\\/logo\\\/image\\\/\"},\"sameAs\":[\"https:\\\/\\\/www.facebook.com\\\/JetonOutsourcingInformatyczny\"]}]}<\/script>\n<!-- \/ Yoast SEO Premium plugin. -->","yoast_head_json":{"title":"Equipment management in the Jeton panel | business panel from Jeton","description":"Equipment and disposal | Welcome panel as company management within the external IT department.","robots":{"index":"index","follow":"follow","max-snippet":"max-snippet:-1","max-image-preview":"max-image-preview:large","max-video-preview":"max-video-preview:-1"},"canonical":"https:\/\/jeton.pl\/en\/outsourcing-management-for-freshservice\/equipment-and-disposal\/","og_locale":"en_US","og_type":"article","og_title":"Equipment and disposal","og_description":"Equipment and disposal | Welcome panel as company management within the external IT department.","og_url":"https:\/\/jeton.pl\/en\/outsourcing-management-for-freshservice\/equipment-and-disposal\/","og_site_name":"Jeton Outsourcing IT Warszawa","article_publisher":"https:\/\/www.facebook.com\/JetonOutsourcingInformatyczny","article_modified_time":"2025-03-27T09:52:33+00:00","twitter_card":"summary_large_image","twitter_misc":{"Est. reading time":"8 minutes"},"schema":{"@context":"https:\/\/schema.org","@graph":[{"@type":"WebPage","@id":"https:\/\/jeton.pl\/en\/outsourcing-management-for-freshservice\/equipment-and-disposal\/","url":"https:\/\/jeton.pl\/en\/outsourcing-management-for-freshservice\/equipment-and-disposal\/","name":"Equipment management in the Jeton panel | business panel from Jeton","isPartOf":{"@id":"https:\/\/jeton.pl\/en\/#website"},"datePublished":"2022-02-04T13:30:42+00:00","dateModified":"2025-03-27T09:52:33+00:00","description":"Equipment and disposal | Welcome panel as company management within the external IT department.","breadcrumb":{"@id":"https:\/\/jeton.pl\/en\/outsourcing-management-for-freshservice\/equipment-and-disposal\/#breadcrumb"},"inLanguage":"en-US","potentialAction":[{"@type":"ReadAction","target":["https:\/\/jeton.pl\/en\/outsourcing-management-for-freshservice\/equipment-and-disposal\/"]}]},{"@type":"BreadcrumbList","@id":"https:\/\/jeton.pl\/en\/outsourcing-management-for-freshservice\/equipment-and-disposal\/#breadcrumb","itemListElement":[{"@type":"ListItem","position":1,"name":"Strona g\u0142\u00f3wna","item":"https:\/\/jeton.pl\/en\/jeton\/"},{"@type":"ListItem","position":2,"name":"IT management for SupportPAL and Freshservice.","item":"https:\/\/jeton.pl\/en\/outsourcing-management-for-freshservice\/"},{"@type":"ListItem","position":3,"name":"Equipment and disposal"}]},{"@type":"WebSite","@id":"https:\/\/jeton.pl\/en\/#website","url":"https:\/\/jeton.pl\/en\/","name":"Pe\u0142na obs\u0142uga IT dla firm, opieka IT Twojej firmy - Jeton Warszawa","description":"Obs\u0142uga informatyczna Bezpiecze\u0144stwo IT Warszawa","publisher":{"@id":"https:\/\/jeton.pl\/en\/#organization"},"potentialAction":[{"@type":"SearchAction","target":{"@type":"EntryPoint","urlTemplate":"https:\/\/jeton.pl\/en\/?s={search_term_string}"},"query-input":{"@type":"PropertyValueSpecification","valueRequired":true,"valueName":"search_term_string"}}],"inLanguage":"en-US"},{"@type":"Organization","@id":"https:\/\/jeton.pl\/en\/#organization","name":"Jeton Cloud Sp. z o.o.","url":"https:\/\/jeton.pl\/en\/","logo":{"@type":"ImageObject","inLanguage":"en-US","@id":"https:\/\/jeton.pl\/en\/#\/schema\/logo\/image\/","url":"https:\/\/jeton.pl\/wp-content\/uploads\/2024\/04\/logo07.png","contentUrl":"https:\/\/jeton.pl\/wp-content\/uploads\/2024\/04\/logo07.png","width":2960,"height":1036,"caption":"Jeton Cloud Sp. z o.o."},"image":{"@id":"https:\/\/jeton.pl\/en\/#\/schema\/logo\/image\/"},"sameAs":["https:\/\/www.facebook.com\/JetonOutsourcingInformatyczny"]}]}},"_links":{"self":[{"href":"https:\/\/jeton.pl\/en\/wp-json\/wp\/v2\/pages\/15497","targetHints":{"allow":["GET"]}}],"collection":[{"href":"https:\/\/jeton.pl\/en\/wp-json\/wp\/v2\/pages"}],"about":[{"href":"https:\/\/jeton.pl\/en\/wp-json\/wp\/v2\/types\/page"}],"author":[{"embeddable":true,"href":"https:\/\/jeton.pl\/en\/wp-json\/wp\/v2\/users\/1"}],"replies":[{"embeddable":true,"href":"https:\/\/jeton.pl\/en\/wp-json\/wp\/v2\/comments?post=15497"}],"version-history":[{"count":0,"href":"https:\/\/jeton.pl\/en\/wp-json\/wp\/v2\/pages\/15497\/revisions"}],"up":[{"embeddable":true,"href":"https:\/\/jeton.pl\/en\/wp-json\/wp\/v2\/pages\/15281"}],"wp:attachment":[{"href":"https:\/\/jeton.pl\/en\/wp-json\/wp\/v2\/media?parent=15497"}],"curies":[{"name":"wp","href":"https:\/\/api.w.org\/{rel}","templated":true}]}}