{"id":15690,"date":"2021-11-19T16:50:57","date_gmt":"2021-11-19T15:50:57","guid":{"rendered":"https:\/\/jeton.pl\/it-care-warsaw\/"},"modified":"2025-03-27T10:55:56","modified_gmt":"2025-03-27T09:55:56","slug":"it-care-warsaw","status":"publish","type":"page","link":"https:\/\/jeton.pl\/en\/it-care-warsaw\/","title":{"rendered":"IT care Warsaw"},"content":{"rendered":"<div class=\"wpb-content-wrapper\"><p>[vc_row full_width=&#8221;stretch_row&#8221; kd_background_image_position=&#8221;vc_row-bg-position-top&#8221; kd_bottom_separator_style=&#8221;waves&#8221; kd_bottom_separator_height=&#8221;separator-height-large&#8221; kd_bottom_separator=&#8221;true&#8221; css=&#8221;.vc_custom_1618810079661{padding-top: 260px !important;padding-bottom: 260px !important;background-image: url(https:\/\/jeton.pl\/wp-content\/uploads\/2021\/03\/headery_4.jpg?id=9758) !important;background-position: center !important;background-repeat: no-repeat !important;background-size: cover !important;}&#8221; el_class=&#8221;intro-section&#8221; css_mobile=&#8221;.vc_custom_1618810079662{padding-top: 100px !important;padding-bottom: 150px !important;}&#8221; css_tablet_portrait=&#8221;.vc_custom_1618810079662{padding-top: 200px !important;padding-bottom: 250px !important;}&#8221;][vc_column][vc_row_inner kd_background_image_position=&#8221;vc_row-bg-position-top&#8221;][vc_column_inner]<header class=\"kd-section-title col-lg-12 text-center  subtitle-below-title kd-animated fadeIn   vc_custom_1637337244739\" data-animation-delay=200><h1 class=\"separator_off\" style=\"color: #ffffff;font-size: 52px;line-height: 68px;margin-bottom:30px;\">IT care Warsaw<\/h1><h6 class=\"subtitle\" style=\"color: rgba(255,255,255,0.8);\">JETON IT Care Warsaw | IT Outsourcing | IT Audit.<\/h6><\/header><div class=\"scroll-down-wrapper sd-align-center kd-animated fadeInUp  vc_custom_1606153287439\" data-animation-delay=200><a href=\"#first-section\" class=\"scroll-down-arrow btn-smooth-scroll\" style=\"background-color: #ffffff;\" aria-label=\"Scroll down\"><\/a><\/div>[\/vc_column_inner][\/vc_row_inner][\/vc_column][\/vc_row][vc_row kd_background_image_position=&#8221;vc_row-bg-position-top&#8221; css=&#8221;.vc_custom_1606153293701{margin-bottom: 0px !important;padding-top: 100px !important;}&#8221; el_id=&#8221;first section&#8221;][vc_column css=&#8221;.vc_custom_1597839056189{padding-right: 0px !important;padding-left: 0px !important;}&#8221;]<header class=\"kd-section-title col-lg-12 text-center  subtitle-above-title kd-animated fadeIn   vc_custom_1637337284835\" data-animation-delay=200><h2 class=\"separator_off\" style=\"color: #0088ce;\">IT care Warsaw will use your potential 100%<\/h2><\/header>[\/vc_column][\/vc_row][vc_row full_width=&#8221;stretch_row&#8221; kd_background_image_position=&#8221;vc_row-bg-position-top&#8221; css=&#8221;.vc_custom_1614933374157{padding-top: 0px !important;padding-bottom: 100px !important;}&#8221;][vc_column width=&#8221;1\/2&#8243; offset=&#8221;vc_hidden-lg vc_hidden-md&#8221; css_mobile=&#8221;.vc_custom_1616594824361{padding-bottom: 50px !important;}&#8221;][vc_single_image image=&#8221;9762&#8243; img_size=&#8221;full&#8221; css_animation=&#8221;right-to-left&#8221;][\/vc_column][vc_column width=&#8221;1\/2&#8243; offset=&#8221;vc_hidden-lg vc_hidden-md&#8221; css_mobile=&#8221;.vc_custom_1616594909825{margin-bottom: -100px !important;}&#8221;][vc_row_inner kd_background_image_position=&#8221;vc_row-bg-position-top&#8221;][vc_column_inner]<header class=\"kd-section-title col-lg-12 text-left  subtitle-below-title   \" ><h2 class=\"separator_off\" >That which is complicated,<br \/>\n should be subcontracted<\/h2><h6 class=\"subtitle\" >Today there was one failure, a transfer was stolen by a hacker<br \/>\n Can a critical customer service error put you at risk?<br \/>\n company at enormous risk.<\/p>\n<p>The Internet makes it easier to scale profits, but it also brings<br \/>\n new threats. Mitigating these risks requires<br \/>\n 24\/7 monitoring and quick interventions<br \/>\n a person who will realize what to do in a second<br \/>\n to do, and will perform these actions without a single error. <\/h6><\/header>[\/vc_column_inner][\/vc_row_inner][\/vc_column][\/vc_row][vc_row full_width=&#8221;stretch_row&#8221; kd_background_image_position=&#8221;vc_row-bg-position-top&#8221; css=&#8221;.vc_custom_1614933374157{padding-top: 0px !important;padding-bottom: 100px !important;}&#8221;][vc_column width=&#8221;1\/2&#8243; offset=&#8221;vc_hidden-sm vc_hidden-xs&#8221;][vc_row_inner kd_background_image_position=&#8221;vc_row-bg-position-top&#8221;][vc_column_inner]<header class=\"kd-section-title col-lg-12 text-left  subtitle-below-title   \" ><h2 class=\"separator_off\" >That which is complicated,<br \/>\n should be subcontracted<\/h2><h6 class=\"subtitle\" >Today there was one failure, a transfer was stolen by a hacker<br \/>\n Can a critical customer service error put you at risk?<br \/>\n company at enormous risk.<\/p>\n<p>The Internet makes it easier to scale profits, but it also brings<br \/>\n new threats. Mitigating these risks requires<br \/>\n 24\/7 monitoring and quick interventions<br \/>\n a person who will realize what to do in a second<br \/>\n to do, and will perform these actions without a single error. <\/h6><\/header>[\/vc_column_inner][\/vc_row_inner][\/vc_column][vc_column width=&#8221;1\/2&#8243; offset=&#8221;vc_hidden-sm vc_hidden-xs&#8221;][vc_single_image image=&#8221;10628&#8243; img_size=&#8221;full&#8221; css_animation=&#8221;right-to-left&#8221;][\/vc_column][\/vc_row][vc_row full_width=&#8221;stretch_row&#8221; kd_background_image_position=&#8221;vc_row-bg-position-top&#8221; css=&#8221;.vc_custom_1614933374157{padding-top: 0px !important;padding-bottom: 100px !important;}&#8221;][vc_column width=&#8221;1\/2&#8243; css_mobile=&#8221;.vc_custom_1616595107570{padding-bottom: 50px !important;}&#8221;][vc_single_image image=&#8221;10629&#8243; img_size=&#8221;full&#8221; css_animation=&#8221;right-to-left&#8221;][\/vc_column][vc_column width=&#8221;1\/2&#8243;][vc_row_inner kd_background_image_position=&#8221;vc_row-bg-position-top&#8221;][vc_column_inner]<header class=\"kd-section-title col-lg-12 text-left  subtitle-below-title   \" ><h6 class=\"subtitle\" >It&apos;s no longer enough for an &apos;IT guy&apos; to take an occasional<br \/>\nlook at your computer or reset your email password.<\/p>\n<p>Today, the Internet is already a real, not virtual<br \/>\nreality, and it gives very real returns.<\/p>\n<p>That&apos;s why it&apos;s so important that your company can<br \/>\nbe safe in it, and in any uncertain<br \/>\nsituation know right away who to call.<\/p>\n<p>Just as you are an expert in your field,<br \/>\nso Jeton is an expert at solving<br \/>\ncustomers&apos; IT problems in the best way<br \/>\nknown - by making them not appear.<\/h6><\/header>[\/vc_column_inner][\/vc_row_inner][\/vc_column][\/vc_row][vc_row full_width=&#8221;stretch_row&#8221; kd_background_image_position=&#8221;vc_row-bg-position-top&#8221; css=&#8221;.vc_custom_1616595061205{padding-top: 0px !important;padding-bottom: 100px !important;}&#8221; css_mobile=&#8221;.vc_custom_1616595061206{margin-top: -50px !important;}&#8221;][vc_column width=&#8221;1\/2&#8243; offset=&#8221;vc_hidden-lg vc_hidden-md&#8221; css_mobile=&#8221;.vc_custom_1616594968820{padding-bottom: 50px !important;}&#8221;][vc_single_image image=&#8221;9761&#8243; img_size=&#8221;full&#8221; css_animation=&#8221;left-to-right&#8221;][\/vc_column][vc_column width=&#8221;1\/2&#8243; offset=&#8221;vc_hidden-lg vc_hidden-md&#8221; css_mobile=&#8221;.vc_custom_1616595305805{margin-bottom: -150px !important;}&#8221;]<header class=\"kd-section-title col-lg-12 text-left  subtitle-below-title   \" ><h2 class=\"separator_off\" >Outsourcing Jeton = you don&apos;t think about IT<\/h2><h6 class=\"subtitle\" >The most important thing you gain by outsourcing IT is:<br \/>\n it is free space \u2013 in your daily schedule and in your own head.<br \/>\n You don&apos;t think about IT, computers, failures, viruses, cables,<br \/>\n because you know we&apos;ve taken care of all that.<\/p>\n<p>By delegating all IT to specialists, you focus on what<br \/>\n what are you an expert in \u2013 your own business.<br \/>\n You plan the future of your company, and we make sure that IT doesn&apos;t get in your way.<\/p>\n<p>Computer is freezing? You call.<br \/>\n Do you get company emails returned? You call.<br \/>\n Are you looking for a way to better serve your customers?<br \/>\n You call and we share all our experience and knowledge with you.  <\/h6><\/header>[\/vc_column][\/vc_row][vc_row full_width=&#8221;stretch_row&#8221; kd_background_image_position=&#8221;vc_row-bg-position-top&#8221; css=&#8221;.vc_custom_1614933374157{padding-top: 0px !important;padding-bottom: 100px !important;}&#8221;][vc_column width=&#8221;1\/2&#8243; offset=&#8221;vc_hidden-sm vc_hidden-xs&#8221;]<header class=\"kd-section-title col-lg-12 text-left  subtitle-below-title   \" ><h2 class=\"separator_off\" >IT care Warsaw Jeton = don&apos;t think about IT<\/h2><h6 class=\"subtitle\" >The most important thing you gain from outsourcing your IT care,<br \/>\nis free space - in your schedule and in your own head.<br \/>\nYou don&apos;t think about IT, computers, virus crashes, cables,<br \/>\nbecause you know we took care of it all.<\/p>\n<p>By delegating all IT to specialists, you focus on what<br \/>\n what are you an expert in \u2013 your own business.<br \/>\n You plan the future of your company, and we make sure that IT doesn&apos;t get in your way.<\/p>\n<p>Computer is freezing? You call.<br \/>\n Do you get company emails returned? You call.<br \/>\n Are you looking for a way to better serve your customers?<br \/>\n You call and we share all our experience and knowledge with you.  <\/h6><\/header>[\/vc_column][vc_column width=&#8221;1\/2&#8243; offset=&#8221;vc_hidden-sm vc_hidden-xs&#8221;][vc_single_image image=&#8221;10630&#8243; img_size=&#8221;full&#8221; css_animation=&#8221;left-to-right&#8221;][\/vc_column][\/vc_row][vc_row full_width=&#8221;stretch_row&#8221; kd_background_image_position=&#8221;vc_row-bg-position-top&#8221; css=&#8221;.vc_custom_1616595166589{padding-top: 0px !important;padding-bottom: 100px !important;}&#8221; css_mobile=&#8221;.vc_custom_1616595166590{padding-bottom: 0px !important;}&#8221;][vc_column]<header class=\"kd-section-title col-lg-12 text-center  subtitle-below-title   \" ><h3 class=\"separator_off\" style=\"color: #0088ce;\">Who do you call when something worrisome happens with your computers?<br \/>\nNow you know.<\/h3><\/header>[\/vc_column][\/vc_row][vc_row full_width=&#8221;stretch_row&#8221; kd_background_image_position=&#8221;vc_row-bg-position-top&#8221; css=&#8221;.vc_custom_1616595948474{padding-top: 0px !important;padding-bottom: 100px !important;}&#8221; css_mobile=&#8221;.vc_custom_1616595948475{margin-bottom: -50px !important;}&#8221;][vc_column width=&#8221;1\/2&#8243; css_mobile=&#8221;.vc_custom_1616595920274{padding-bottom: 50px !important;}&#8221;][vc_single_image image=&#8221;10615&#8243; img_size=&#8221;full&#8221; css_animation=&#8221;right-to-left&#8221;][vc_column_text][\/vc_column_text][\/vc_column][vc_column width=&#8221;1\/2&#8243;]<header class=\"kd-section-title col-lg-12 text-left  subtitle-below-title   \" ><h2 class=\"separator_off\" >Jeton&apos;s IT care is<\/h2><\/header><ul class=\"kd-icon-list kd-animated fadeInUp\" data-animation-delay=400><li class=\"kd-icon-list-item\"><div class=\"kd-icon-wrapper icon-simple\" ><i class=\"fas fa-caret-right\" style=\"color: #0088ce;\"><\/i><\/div><span class=\"kd-list-text\" >pe\u0142na obs\u0142uga ca\u0142ej informatyki w firmie<\/span><\/li><li class=\"kd-icon-list-item\"><div class=\"kd-icon-wrapper icon-simple\" ><i class=\"fas fa-caret-right\" style=\"color: #0088ce;\"><\/i><\/div><span class=\"kd-list-text\" >dost\u0119p do do\u015bwiadczonych ekspert\u00f3w z wielu dziedzin<\/span><\/li><li class=\"kd-icon-list-item\"><div class=\"kd-icon-wrapper icon-simple\" ><i class=\"fas fa-caret-right\" style=\"color: #0088ce;\"><\/i><\/div><span class=\"kd-list-text\" >nadz\u00f3r nad bezpiecze\u0144stwem (cybersecurity)<\/span><\/li><li class=\"kd-icon-list-item\"><div class=\"kd-icon-wrapper icon-simple\" ><i class=\"fas fa-caret-right\" style=\"color: #0088ce;\"><\/i><\/div><span class=\"kd-list-text\" >wdro\u017cenia, instalacja i konfiguracja sprz\u0119tu na miejscu u klienta<\/span><\/li><li class=\"kd-icon-list-item\"><div class=\"kd-icon-wrapper icon-simple\" ><i class=\"fas fa-caret-right\" style=\"color: #0088ce;\"><\/i><\/div><span class=\"kd-list-text\" >doradztwo przy zakupach i zmianach w firmowym IT<br \/>\n(nowe stanowiska pracy, proceduty itp.)<\/span><\/li><li class=\"kd-icon-list-item\"><div class=\"kd-icon-wrapper icon-simple\" ><i class=\"fas fa-caret-right\" style=\"color: #0088ce;\"><\/i><\/div><span class=\"kd-list-text\" >serwis, naprawy i rozwi\u0105zywanie problem\u00f3w<\/span><\/li><li class=\"kd-icon-list-item\"><div class=\"kd-icon-wrapper icon-simple\" ><i class=\"fas fa-caret-right\" style=\"color: #0088ce;\"><\/i><\/div><span class=\"kd-list-text\" >pomoc techniczna (helpdesk) dla pracownik\u00f3w<\/span><\/li><li class=\"kd-icon-list-item\"><div class=\"kd-icon-wrapper icon-simple\" ><i class=\"fas fa-caret-right\" style=\"color: #0088ce;\"><\/i><\/div><span class=\"kd-list-text\" >regularne audyty i testy<\/span><\/li><li class=\"kd-icon-list-item\"><div class=\"kd-icon-wrapper icon-simple\" ><i class=\"fas fa-caret-right\" style=\"color: #0088ce;\"><\/i><\/div><span class=\"kd-list-text\" >szybsze znajdowanie rozwi\u0105za\u0144 dzi\u0119ki specjalizacji naszych pracownik\u00f3w (wy\u015blemy do Ciebie osob\u0119 zajmuj\u0105c\u0105 si\u0119 dok\u0142adnie tym problemem, z kt\u00f3rym si\u0119 spotka\u0142e\u015b)<\/span><\/li><li class=\"kd-icon-list-item\"><div class=\"kd-icon-wrapper icon-simple\" ><i class=\"fas fa-caret-right\" style=\"color: #0088ce;\"><\/i><\/div><span class=\"kd-list-text\" >optymalizacja koszt\u00f3w (p\u0142acisz tylko za to, z czego skorzystasz,<br \/>\nzamiast op\u0142aca\u0107 jednego informatyka na etacie<\/span><\/li><li class=\"kd-icon-list-item\"><div class=\"kd-icon-wrapper icon-simple\" ><i class=\"fas fa-caret-right\" style=\"color: #0088ce;\"><\/i><\/div><span class=\"kd-list-text\" >ca\u0142a informatyka pod jednym telefonem<\/span><\/li><\/ul>[\/vc_column][\/vc_row][vc_row full_width=&#8221;stretch_row&#8221; kd_background_image_position=&#8221;vc_row-bg-position-top&#8221; kd_bottom_separator_style=&#8221;static-waves&#8221; kd_bottom_separator_height=&#8221;separator-height-medium&#8221; kd_bottom_separator=&#8221;true&#8221; css=&#8221;.vc_custom_1615119039585{padding-bottom: 180px !important;}&#8221; css_tablet_landscape=&#8221;.vc_custom_1615119039585{padding-bottom: 250px !important;}&#8221; css_tablet_portrait=&#8221;.vc_custom_1615119039586{padding-top: 100px !important;padding-bottom: 140px !important;}&#8221; css_mobile=&#8221;.vc_custom_1615119039586{padding-top: 100px !important;padding-bottom: 100px !important;}&#8221; kd_bottom_separator_bg=&#8221;#ebf5ff&#8221;][vc_column][vc_row_inner kd_background_image_position=&#8221;vc_row-bg-position-top&#8221;][vc_column_inner]<header class=\"kd-section-title col-lg-12 text-center  subtitle-below-title kd-animated fadeIn  \" data-animation-delay=200><h2 class=\"separator_off\" >No one touches something they are not the best at.<\/h2><h6 class=\"subtitle\" >Only specialists are supposed to work in the company. This is the source of the power of outsourcing. <\/h6><\/header>[vc_empty_space height=&#8221;55px&#8221;]<header class=\"kd-section-title col-lg-12 text-center  subtitle-below-title kd-animated fadeIn   vc_custom_1614943303555\" data-animation-delay=200><h6 class=\"subtitle\" >More information means better decisions. Find out<br \/>\n everything that is important to your business.<\/h6><\/header><a   class=\"tt_button tt_primary_button btn_primary_color  button-center panel-trigger-btn   kd-animated zoomIn add-margin-right\" data-animation-delay=200><span class=\"prim_text\">IT care Warsaw<\/span><\/a>[\/vc_column_inner][\/vc_row_inner][\/vc_column][\/vc_row]<\/p>\n<\/div>","protected":false},"excerpt":{"rendered":"<p>[vc_row full_width=&#8221;stretch_row&#8221; kd_background_image_position=&#8221;vc_row-bg-position-top&#8221; kd_bottom_separator_style=&#8221;waves&#8221; kd_bottom_separator_height=&#8221;separator-height-large&#8221; kd_bottom_separator=&#8221;true&#8221; css=&#8221;.vc_custom_1618810079661{padding-top: 260px !important;padding-bottom: 260px !important;background-image: url(https:\/\/jeton.pl\/wp-content\/uploads\/2021\/03\/headery_4.jpg?id=9758) !important;background-position: center !important;background-repeat: no-repeat !important;background-size: cover !important;}&#8221; el_class=&#8221;intro-section&#8221; [&hellip;]<\/p>\n","protected":false},"author":1,"featured_media":0,"parent":0,"menu_order":0,"comment_status":"closed","ping_status":"closed","template":"","meta":{"_eb_attr":"","_monsterinsights_skip_tracking":false,"_monsterinsights_sitenote_active":false,"_monsterinsights_sitenote_note":"","_monsterinsights_sitenote_category":0,"footnotes":""},"class_list":["post-15690","page","type-page","status-publish","hentry"],"yoast_head":"<!-- This site is optimized with the Yoast SEO Premium plugin v26.8 (Yoast SEO v27.4) - https:\/\/yoast.com\/product\/yoast-seo-premium-wordpress\/ -->\n<title>IT care Warsaw<\/title>\n<meta name=\"description\" content=\"IT care Warsaw is all about relieving the company&#039;s burden in the area of IT facilities. Trust our experience.\" \/>\n<meta name=\"robots\" content=\"index, follow, max-snippet:-1, max-image-preview:large, max-video-preview:-1\" \/>\n<link rel=\"canonical\" href=\"https:\/\/jeton.pl\/en\/it-care-warsaw\/\" \/>\n<meta property=\"og:locale\" content=\"en_US\" \/>\n<meta property=\"og:type\" content=\"article\" \/>\n<meta property=\"og:title\" content=\"IT care Warsaw\" \/>\n<meta property=\"og:description\" content=\"IT care Warsaw is all about relieving the company&#039;s burden in the area of IT facilities. Trust our experience.\" \/>\n<meta property=\"og:url\" content=\"https:\/\/jeton.pl\/en\/it-care-warsaw\/\" \/>\n<meta property=\"og:site_name\" content=\"Jeton Outsourcing IT Warszawa\" \/>\n<meta property=\"article:publisher\" content=\"https:\/\/www.facebook.com\/JetonOutsourcingInformatyczny\" \/>\n<meta property=\"article:modified_time\" content=\"2025-03-27T09:55:56+00:00\" \/>\n<meta name=\"twitter:card\" content=\"summary_large_image\" \/>\n<meta name=\"twitter:label1\" content=\"Est. reading time\" \/>\n\t<meta name=\"twitter:data1\" content=\"11 minutes\" \/>\n<script type=\"application\/ld+json\" class=\"yoast-schema-graph\">{\"@context\":\"https:\\\/\\\/schema.org\",\"@graph\":[{\"@type\":\"WebPage\",\"@id\":\"https:\\\/\\\/jeton.pl\\\/en\\\/it-care-warsaw\\\/\",\"url\":\"https:\\\/\\\/jeton.pl\\\/en\\\/it-care-warsaw\\\/\",\"name\":\"IT care Warsaw\",\"isPartOf\":{\"@id\":\"https:\\\/\\\/jeton.pl\\\/en\\\/#website\"},\"datePublished\":\"2021-11-19T15:50:57+00:00\",\"dateModified\":\"2025-03-27T09:55:56+00:00\",\"description\":\"IT care Warsaw is all about relieving the company's burden in the area of IT facilities. Trust our experience.\",\"breadcrumb\":{\"@id\":\"https:\\\/\\\/jeton.pl\\\/en\\\/it-care-warsaw\\\/#breadcrumb\"},\"inLanguage\":\"en-US\",\"potentialAction\":[{\"@type\":\"ReadAction\",\"target\":[\"https:\\\/\\\/jeton.pl\\\/en\\\/it-care-warsaw\\\/\"]}]},{\"@type\":\"BreadcrumbList\",\"@id\":\"https:\\\/\\\/jeton.pl\\\/en\\\/it-care-warsaw\\\/#breadcrumb\",\"itemListElement\":[{\"@type\":\"ListItem\",\"position\":1,\"name\":\"Strona g\u0142\u00f3wna\",\"item\":\"https:\\\/\\\/jeton.pl\\\/en\\\/jeton\\\/\"},{\"@type\":\"ListItem\",\"position\":2,\"name\":\"IT care Warsaw\"}]},{\"@type\":\"WebSite\",\"@id\":\"https:\\\/\\\/jeton.pl\\\/en\\\/#website\",\"url\":\"https:\\\/\\\/jeton.pl\\\/en\\\/\",\"name\":\"Pe\u0142na obs\u0142uga IT dla firm, opieka IT Twojej firmy - Jeton Warszawa\",\"description\":\"Obs\u0142uga informatyczna Bezpiecze\u0144stwo IT Warszawa\",\"publisher\":{\"@id\":\"https:\\\/\\\/jeton.pl\\\/en\\\/#organization\"},\"potentialAction\":[{\"@type\":\"SearchAction\",\"target\":{\"@type\":\"EntryPoint\",\"urlTemplate\":\"https:\\\/\\\/jeton.pl\\\/en\\\/?s={search_term_string}\"},\"query-input\":{\"@type\":\"PropertyValueSpecification\",\"valueRequired\":true,\"valueName\":\"search_term_string\"}}],\"inLanguage\":\"en-US\"},{\"@type\":\"Organization\",\"@id\":\"https:\\\/\\\/jeton.pl\\\/en\\\/#organization\",\"name\":\"Jeton Cloud Sp. z o.o.\",\"url\":\"https:\\\/\\\/jeton.pl\\\/en\\\/\",\"logo\":{\"@type\":\"ImageObject\",\"inLanguage\":\"en-US\",\"@id\":\"https:\\\/\\\/jeton.pl\\\/en\\\/#\\\/schema\\\/logo\\\/image\\\/\",\"url\":\"https:\\\/\\\/jeton.pl\\\/wp-content\\\/uploads\\\/2024\\\/04\\\/logo07.png\",\"contentUrl\":\"https:\\\/\\\/jeton.pl\\\/wp-content\\\/uploads\\\/2024\\\/04\\\/logo07.png\",\"width\":2960,\"height\":1036,\"caption\":\"Jeton Cloud Sp. z o.o.\"},\"image\":{\"@id\":\"https:\\\/\\\/jeton.pl\\\/en\\\/#\\\/schema\\\/logo\\\/image\\\/\"},\"sameAs\":[\"https:\\\/\\\/www.facebook.com\\\/JetonOutsourcingInformatyczny\"]}]}<\/script>\n<!-- \/ Yoast SEO Premium plugin. -->","yoast_head_json":{"title":"IT care Warsaw","description":"IT care Warsaw is all about relieving the company's burden in the area of IT facilities. Trust our experience.","robots":{"index":"index","follow":"follow","max-snippet":"max-snippet:-1","max-image-preview":"max-image-preview:large","max-video-preview":"max-video-preview:-1"},"canonical":"https:\/\/jeton.pl\/en\/it-care-warsaw\/","og_locale":"en_US","og_type":"article","og_title":"IT care Warsaw","og_description":"IT care Warsaw is all about relieving the company's burden in the area of IT facilities. Trust our experience.","og_url":"https:\/\/jeton.pl\/en\/it-care-warsaw\/","og_site_name":"Jeton Outsourcing IT Warszawa","article_publisher":"https:\/\/www.facebook.com\/JetonOutsourcingInformatyczny","article_modified_time":"2025-03-27T09:55:56+00:00","twitter_card":"summary_large_image","twitter_misc":{"Est. reading time":"11 minutes"},"schema":{"@context":"https:\/\/schema.org","@graph":[{"@type":"WebPage","@id":"https:\/\/jeton.pl\/en\/it-care-warsaw\/","url":"https:\/\/jeton.pl\/en\/it-care-warsaw\/","name":"IT care Warsaw","isPartOf":{"@id":"https:\/\/jeton.pl\/en\/#website"},"datePublished":"2021-11-19T15:50:57+00:00","dateModified":"2025-03-27T09:55:56+00:00","description":"IT care Warsaw is all about relieving the company's burden in the area of IT facilities. Trust our experience.","breadcrumb":{"@id":"https:\/\/jeton.pl\/en\/it-care-warsaw\/#breadcrumb"},"inLanguage":"en-US","potentialAction":[{"@type":"ReadAction","target":["https:\/\/jeton.pl\/en\/it-care-warsaw\/"]}]},{"@type":"BreadcrumbList","@id":"https:\/\/jeton.pl\/en\/it-care-warsaw\/#breadcrumb","itemListElement":[{"@type":"ListItem","position":1,"name":"Strona g\u0142\u00f3wna","item":"https:\/\/jeton.pl\/en\/jeton\/"},{"@type":"ListItem","position":2,"name":"IT care Warsaw"}]},{"@type":"WebSite","@id":"https:\/\/jeton.pl\/en\/#website","url":"https:\/\/jeton.pl\/en\/","name":"Pe\u0142na obs\u0142uga IT dla firm, opieka IT Twojej firmy - Jeton Warszawa","description":"Obs\u0142uga informatyczna Bezpiecze\u0144stwo IT Warszawa","publisher":{"@id":"https:\/\/jeton.pl\/en\/#organization"},"potentialAction":[{"@type":"SearchAction","target":{"@type":"EntryPoint","urlTemplate":"https:\/\/jeton.pl\/en\/?s={search_term_string}"},"query-input":{"@type":"PropertyValueSpecification","valueRequired":true,"valueName":"search_term_string"}}],"inLanguage":"en-US"},{"@type":"Organization","@id":"https:\/\/jeton.pl\/en\/#organization","name":"Jeton Cloud Sp. z o.o.","url":"https:\/\/jeton.pl\/en\/","logo":{"@type":"ImageObject","inLanguage":"en-US","@id":"https:\/\/jeton.pl\/en\/#\/schema\/logo\/image\/","url":"https:\/\/jeton.pl\/wp-content\/uploads\/2024\/04\/logo07.png","contentUrl":"https:\/\/jeton.pl\/wp-content\/uploads\/2024\/04\/logo07.png","width":2960,"height":1036,"caption":"Jeton Cloud Sp. z o.o."},"image":{"@id":"https:\/\/jeton.pl\/en\/#\/schema\/logo\/image\/"},"sameAs":["https:\/\/www.facebook.com\/JetonOutsourcingInformatyczny"]}]}},"_links":{"self":[{"href":"https:\/\/jeton.pl\/en\/wp-json\/wp\/v2\/pages\/15690","targetHints":{"allow":["GET"]}}],"collection":[{"href":"https:\/\/jeton.pl\/en\/wp-json\/wp\/v2\/pages"}],"about":[{"href":"https:\/\/jeton.pl\/en\/wp-json\/wp\/v2\/types\/page"}],"author":[{"embeddable":true,"href":"https:\/\/jeton.pl\/en\/wp-json\/wp\/v2\/users\/1"}],"replies":[{"embeddable":true,"href":"https:\/\/jeton.pl\/en\/wp-json\/wp\/v2\/comments?post=15690"}],"version-history":[{"count":0,"href":"https:\/\/jeton.pl\/en\/wp-json\/wp\/v2\/pages\/15690\/revisions"}],"wp:attachment":[{"href":"https:\/\/jeton.pl\/en\/wp-json\/wp\/v2\/media?parent=15690"}],"curies":[{"name":"wp","href":"https:\/\/api.w.org\/{rel}","templated":true}]}}